{"id":24432,"date":"2026-02-14T10:41:26","date_gmt":"2026-02-14T09:41:26","guid":{"rendered":"https:\/\/baralivres.ma\/?post_type=product&#038;p=24432"},"modified":"2026-02-14T10:41:26","modified_gmt":"2026-02-14T09:41:26","slug":"petite-histoire-de-lislam","status":"publish","type":"product","link":"https:\/\/baralivres.ma\/?product=petite-histoire-de-lislam","title":{"rendered":"Petite histoire de l\u2019islam"},"content":{"rendered":"<p data-start=\"473\" data-end=\"610\">Ce petit ouvrage offre une <strong data-start=\"500\" data-end=\"561\">introduction claire et accessible \u00e0 l\u2019histoire de l\u2019islam<\/strong>. Il r\u00e9pond \u00e0 des questions fondamentales comme\u202f:<\/p>\n<ul data-start=\"612\" data-end=\"734\">\n<li data-start=\"612\" data-end=\"640\">\n<p data-start=\"614\" data-end=\"640\"><em data-start=\"614\" data-end=\"638\">Qu\u2019est\u2011ce qu\u2019un imam ?<\/em><\/p>\n<\/li>\n<li data-start=\"641\" data-end=\"677\">\n<p data-start=\"643\" data-end=\"677\"><em data-start=\"643\" data-end=\"675\">De quoi est compos\u00e9 le Coran ?<\/em><\/p>\n<\/li>\n<li data-start=\"678\" data-end=\"734\">\n<p data-start=\"680\" data-end=\"734\"><em data-start=\"680\" data-end=\"732\">Qu\u2019est\u2011ce qui distingue les sunnites des chiites ?<\/em><\/p>\n<\/li>\n<\/ul>\n<p data-start=\"736\" data-end=\"1173\">Bien que l\u2019islam soit la religion comptant le plus de pratiquants dans le monde et la seconde en France, elle reste souvent <strong data-start=\"860\" data-end=\"888\">m\u00e9connue ou mal comprise<\/strong>. Ce livre se propose de d\u00e9passer id\u00e9es re\u00e7ues et jugements h\u00e2tifs en pr\u00e9sentant avec rigueur et p\u00e9dagogie les <strong data-start=\"999\" data-end=\"1064\">origines et le d\u00e9veloppement de cette civilisation religieuse<\/strong>, des d\u00e9buts avec la naissance de Muhammad \u00e0 ses formes contemporaines.<\/p>\n","protected":false},"excerpt":{"rendered":"<p data-start=\"86\" data-end=\"369\">D\u00e9couvrez l\u2019essentiel de l\u2019histoire et des grands principes de l\u2019islam, de la naissance de Muhammad \u00e0 aujourd\u2019hui. Un guide clair et accessible pour comprendre cette civilisation, ses valeurs et ses traditions, au-del\u00e0 des id\u00e9es re\u00e7ues.<\/p>\n","protected":false},"featured_media":24433,"comment_status":"open","ping_status":"closed","template":"","meta":{"inline_featured_image":false},"product_cat":[3725,3862,4214],"product_tag":[],"class_list":{"0":"post-24432","1":"product","2":"type-product","3":"status-publish","4":"has-post-thumbnail","6":"product_cat-litterature-religieuse","7":"product_cat-spiritualite","8":"product_cat-voyage-spirituel-pendant-le-ramadan","9":"pa_auteurs-mohammad-ali-amir-moezzi-2","11":"first","12":"instock","13":"shipping-taxable","14":"purchasable","15":"product-type-simple"},"_links":{"self":[{"href":"https:\/\/baralivres.ma\/index.php?rest_route=\/wp\/v2\/product\/24432","targetHints":{"allow":["GET"]}}],"collection":[{"href":"https:\/\/baralivres.ma\/index.php?rest_route=\/wp\/v2\/product"}],"about":[{"href":"https:\/\/baralivres.ma\/index.php?rest_route=\/wp\/v2\/types\/product"}],"replies":[{"embeddable":true,"href":"https:\/\/baralivres.ma\/index.php?rest_route=%2Fwp%2Fv2%2Fcomments&post=24432"}],"version-history":[{"count":1,"href":"https:\/\/baralivres.ma\/index.php?rest_route=\/wp\/v2\/product\/24432\/revisions"}],"predecessor-version":[{"id":24434,"href":"https:\/\/baralivres.ma\/index.php?rest_route=\/wp\/v2\/product\/24432\/revisions\/24434"}],"wp:featuredmedia":[{"embeddable":true,"href":"https:\/\/baralivres.ma\/index.php?rest_route=\/wp\/v2\/media\/24433"}],"wp:attachment":[{"href":"https:\/\/baralivres.ma\/index.php?rest_route=%2Fwp%2Fv2%2Fmedia&parent=24432"}],"wp:term":[{"taxonomy":"product_cat","embeddable":true,"href":"https:\/\/baralivres.ma\/index.php?rest_route=%2Fwp%2Fv2%2Fproduct_cat&post=24432"},{"taxonomy":"product_tag","embeddable":true,"href":"https:\/\/baralivres.ma\/index.php?rest_route=%2Fwp%2Fv2%2Fproduct_tag&post=24432"}],"curies":[{"name":"wp","href":"https:\/\/api.w.org\/{rel}","templated":true}]}}