{"id":24419,"date":"2026-02-14T09:36:41","date_gmt":"2026-02-14T08:36:41","guid":{"rendered":"https:\/\/baralivres.ma\/?post_type=product&#038;p=24419"},"modified":"2026-02-14T09:38:36","modified_gmt":"2026-02-14T08:38:36","slug":"islamic-geometric-patterns","status":"publish","type":"product","link":"https:\/\/baralivres.ma\/?product=islamic-geometric-patterns","title":{"rendered":"Islamic Geometric Patterns"},"content":{"rendered":"<p data-start=\"0\" data-end=\"90\">\ud83d\udcd8 <strong data-start=\"3\" data-end=\"44\"><span class=\"hover:entity-accent entity-underline inline cursor-pointer align-baseline\"><span class=\"whitespace-normal\">Islamic Geometric Patterns<\/span><\/span><\/strong> \u2013 par <span class=\"hover:entity-accent entity-underline inline cursor-pointer align-baseline\"><span class=\"whitespace-normal\">Eric Broug<\/span><\/span><\/p>\n<p data-start=\"92\" data-end=\"370\">Un magnifique ouvrage illustr\u00e9 qui d\u00e9voile la beaut\u00e9 et les secrets des motifs g\u00e9om\u00e9triques islamiques. \u00c0 travers des explications claires et des instructions pas \u00e0 pas, ce livre vous apprend \u00e0 cr\u00e9er des motifs \u00e9l\u00e9gants \u00e0 l\u2019aide d\u2019un simple crayon, d\u2019une r\u00e8gle et d\u2019un compas.<\/p>\n<p data-start=\"372\" data-end=\"544\">Id\u00e9al pour les passionn\u00e9s d\u2019art, de design et d\u2019architecture islamique, ainsi que pour tous ceux qui souhaitent d\u00e9couvrir l\u2019harmonie entre math\u00e9matiques et art d\u00e9coratif.<\/p>\n","protected":false},"excerpt":{"rendered":"<p>\u2728 Un livre inspirant, pratique et esth\u00e9tique pour enrichir votre biblioth\u00e8que artistique.<\/p>\n","protected":false},"featured_media":24420,"comment_status":"open","ping_status":"closed","template":"","meta":{"inline_featured_image":false},"product_cat":[4516,4214],"product_tag":[],"class_list":{"0":"post-24419","1":"product","2":"type-product","3":"status-publish","4":"has-post-thumbnail","6":"product_cat-beaux-livres","7":"product_cat-voyage-spirituel-pendant-le-ramadan","8":"pa_auteurs-eric-broug","10":"first","11":"instock","12":"shipping-taxable","13":"purchasable","14":"product-type-simple"},"_links":{"self":[{"href":"https:\/\/baralivres.ma\/index.php?rest_route=\/wp\/v2\/product\/24419","targetHints":{"allow":["GET"]}}],"collection":[{"href":"https:\/\/baralivres.ma\/index.php?rest_route=\/wp\/v2\/product"}],"about":[{"href":"https:\/\/baralivres.ma\/index.php?rest_route=\/wp\/v2\/types\/product"}],"replies":[{"embeddable":true,"href":"https:\/\/baralivres.ma\/index.php?rest_route=%2Fwp%2Fv2%2Fcomments&post=24419"}],"version-history":[{"count":1,"href":"https:\/\/baralivres.ma\/index.php?rest_route=\/wp\/v2\/product\/24419\/revisions"}],"predecessor-version":[{"id":24421,"href":"https:\/\/baralivres.ma\/index.php?rest_route=\/wp\/v2\/product\/24419\/revisions\/24421"}],"wp:featuredmedia":[{"embeddable":true,"href":"https:\/\/baralivres.ma\/index.php?rest_route=\/wp\/v2\/media\/24420"}],"wp:attachment":[{"href":"https:\/\/baralivres.ma\/index.php?rest_route=%2Fwp%2Fv2%2Fmedia&parent=24419"}],"wp:term":[{"taxonomy":"product_cat","embeddable":true,"href":"https:\/\/baralivres.ma\/index.php?rest_route=%2Fwp%2Fv2%2Fproduct_cat&post=24419"},{"taxonomy":"product_tag","embeddable":true,"href":"https:\/\/baralivres.ma\/index.php?rest_route=%2Fwp%2Fv2%2Fproduct_tag&post=24419"}],"curies":[{"name":"wp","href":"https:\/\/api.w.org\/{rel}","templated":true}]}}