{"id":24416,"date":"2026-02-14T09:28:39","date_gmt":"2026-02-14T08:28:39","guid":{"rendered":"https:\/\/baralivres.ma\/?post_type=product&#038;p=24416"},"modified":"2026-02-14T09:38:57","modified_gmt":"2026-02-14T08:38:57","slug":"cartier-and-islamic-art-in-search-of-modernity","status":"publish","type":"product","link":"https:\/\/baralivres.ma\/?product=cartier-and-islamic-art-in-search-of-modernity","title":{"rendered":"Cartier and Islamic Art: In Search of Modernity"},"content":{"rendered":"<p data-start=\"167\" data-end=\"367\">Ce magnifique ouvrage explore l\u2019influence profonde de l\u2019art islamique sur les cr\u00e9ations de la maison de joaillerie <span class=\"hover:entity-accent entity-underline inline cursor-pointer align-baseline\"><span class=\"whitespace-normal\">Cartier<\/span><\/span> au d\u00e9but du XX\u1d49 si\u00e8cle.<\/p>\n<p data-start=\"369\" data-end=\"654\">\u00c0 travers des recherches in\u00e9dites dans les archives de la maison et une riche iconographie, le livre met en lumi\u00e8re comment les motifs g\u00e9om\u00e9triques, les arabesques, les couleurs vibrantes et les formes architecturales de l\u2019art islamique ont inspir\u00e9 les bijoux embl\u00e9matiques de Cartier.<\/p>\n<p data-start=\"656\" data-end=\"926\">Publi\u00e9 \u00e0 l\u2019occasion d\u2019une grande exposition au <span class=\"hover:entity-accent entity-underline inline cursor-pointer align-baseline\"><span class=\"whitespace-normal\">Mus\u00e9e des Arts D\u00e9coratifs<\/span><\/span> et au <span class=\"hover:entity-accent entity-underline inline cursor-pointer align-baseline\"><span class=\"whitespace-normal\">Dallas Museum of Art<\/span><\/span>, cet ouvrage pr\u00e9sente des pi\u00e8ces exceptionnelles, des documents historiques et des analyses d\u2019experts en art islamique et en arts d\u00e9coratifs.<\/p>\n","protected":false},"excerpt":{"rendered":"<p>\ud83d\udc8e Un livre \u00e9l\u00e9gant et richement illustr\u00e9, id\u00e9al pour les passionn\u00e9s d\u2019art, de joaillerie, de mode et de culture orientale.<\/p>\n","protected":false},"featured_media":24417,"comment_status":"open","ping_status":"closed","template":"","meta":{"inline_featured_image":false},"product_cat":[4516,4214],"product_tag":[],"class_list":{"0":"post-24416","1":"product","2":"type-product","3":"status-publish","4":"has-post-thumbnail","6":"product_cat-beaux-livres","7":"product_cat-voyage-spirituel-pendant-le-ramadan","9":"first","10":"instock","11":"shipping-taxable","12":"purchasable","13":"product-type-simple"},"_links":{"self":[{"href":"https:\/\/baralivres.ma\/index.php?rest_route=\/wp\/v2\/product\/24416","targetHints":{"allow":["GET"]}}],"collection":[{"href":"https:\/\/baralivres.ma\/index.php?rest_route=\/wp\/v2\/product"}],"about":[{"href":"https:\/\/baralivres.ma\/index.php?rest_route=\/wp\/v2\/types\/product"}],"replies":[{"embeddable":true,"href":"https:\/\/baralivres.ma\/index.php?rest_route=%2Fwp%2Fv2%2Fcomments&post=24416"}],"version-history":[{"count":1,"href":"https:\/\/baralivres.ma\/index.php?rest_route=\/wp\/v2\/product\/24416\/revisions"}],"predecessor-version":[{"id":24418,"href":"https:\/\/baralivres.ma\/index.php?rest_route=\/wp\/v2\/product\/24416\/revisions\/24418"}],"wp:featuredmedia":[{"embeddable":true,"href":"https:\/\/baralivres.ma\/index.php?rest_route=\/wp\/v2\/media\/24417"}],"wp:attachment":[{"href":"https:\/\/baralivres.ma\/index.php?rest_route=%2Fwp%2Fv2%2Fmedia&parent=24416"}],"wp:term":[{"taxonomy":"product_cat","embeddable":true,"href":"https:\/\/baralivres.ma\/index.php?rest_route=%2Fwp%2Fv2%2Fproduct_cat&post=24416"},{"taxonomy":"product_tag","embeddable":true,"href":"https:\/\/baralivres.ma\/index.php?rest_route=%2Fwp%2Fv2%2Fproduct_tag&post=24416"}],"curies":[{"name":"wp","href":"https:\/\/api.w.org\/{rel}","templated":true}]}}