{"id":24413,"date":"2026-02-14T09:19:07","date_gmt":"2026-02-14T08:19:07","guid":{"rendered":"https:\/\/baralivres.ma\/?post_type=product&#038;p=24413"},"modified":"2026-02-14T09:19:08","modified_gmt":"2026-02-14T08:19:08","slug":"the-conference-of-the-birds","status":"publish","type":"product","link":"https:\/\/baralivres.ma\/?product=the-conference-of-the-birds","title":{"rendered":"The Conference of the Birds"},"content":{"rendered":"<p><em data-start=\"89\" data-end=\"118\">The Conference of the Birds<\/em> est une \u0153uvre ma\u00eetresse de la litt\u00e9rature persane, un <strong data-start=\"173\" data-end=\"250\">po\u00e8me mystique du XII\u1d49 si\u00e8cle \u00e9crit par le po\u00e8te soufi Farid ud-Din Attar<\/strong> (<em data-start=\"252\" data-end=\"271\">Attar of Nishapur<\/em>). Dans cette <strong data-start=\"285\" data-end=\"319\">all\u00e9gorie spirituelle profonde<\/strong>, les oiseaux du monde se r\u00e9unissent pour d\u00e9cider qui sera leur roi. Sur les conseils du plus sage d\u2019entre eux, le huppe, ils entreprennent une <strong data-start=\"463\" data-end=\"520\">qu\u00eate ardue pour trouver le l\u00e9gendaire oiseau Simorgh<\/strong>, cens\u00e9 \u00eatre leur roi supr\u00eame.<\/p>\n","protected":false},"excerpt":{"rendered":"<p>Il raconte le voyage symbolique d\u2019un groupe d\u2019oiseaux partis \u00e0 la recherche de leur roi, le l\u00e9gendaire Simorgh. \u00c0 travers cette qu\u00eate spirituelle, l\u2019auteur explore la recherche de v\u00e9rit\u00e9, l\u2019amour divin et la transformation int\u00e9rieure.<\/p>\n","protected":false},"featured_media":24414,"comment_status":"open","ping_status":"closed","template":"","meta":{"inline_featured_image":false},"product_cat":[4098,4096,3725,3874,3862,4214,143],"product_tag":[],"class_list":{"0":"post-24413","1":"product","2":"type-product","3":"status-publish","4":"has-post-thumbnail","6":"product_cat-anglais-les_romans_classique","7":"product_cat-les_romans_classique","8":"product_cat-litterature-religieuse","9":"product_cat-roman-en-anglais","10":"product_cat-spiritualite","11":"product_cat-voyage-spirituel-pendant-le-ramadan","12":"product_cat-roman","13":"pa_auteurs-farid-ud-din-attar","15":"first","16":"instock","17":"shipping-taxable","18":"purchasable","19":"product-type-simple"},"_links":{"self":[{"href":"https:\/\/baralivres.ma\/index.php?rest_route=\/wp\/v2\/product\/24413","targetHints":{"allow":["GET"]}}],"collection":[{"href":"https:\/\/baralivres.ma\/index.php?rest_route=\/wp\/v2\/product"}],"about":[{"href":"https:\/\/baralivres.ma\/index.php?rest_route=\/wp\/v2\/types\/product"}],"replies":[{"embeddable":true,"href":"https:\/\/baralivres.ma\/index.php?rest_route=%2Fwp%2Fv2%2Fcomments&post=24413"}],"version-history":[{"count":1,"href":"https:\/\/baralivres.ma\/index.php?rest_route=\/wp\/v2\/product\/24413\/revisions"}],"predecessor-version":[{"id":24415,"href":"https:\/\/baralivres.ma\/index.php?rest_route=\/wp\/v2\/product\/24413\/revisions\/24415"}],"wp:featuredmedia":[{"embeddable":true,"href":"https:\/\/baralivres.ma\/index.php?rest_route=\/wp\/v2\/media\/24414"}],"wp:attachment":[{"href":"https:\/\/baralivres.ma\/index.php?rest_route=%2Fwp%2Fv2%2Fmedia&parent=24413"}],"wp:term":[{"taxonomy":"product_cat","embeddable":true,"href":"https:\/\/baralivres.ma\/index.php?rest_route=%2Fwp%2Fv2%2Fproduct_cat&post=24413"},{"taxonomy":"product_tag","embeddable":true,"href":"https:\/\/baralivres.ma\/index.php?rest_route=%2Fwp%2Fv2%2Fproduct_tag&post=24413"}],"curies":[{"name":"wp","href":"https:\/\/api.w.org\/{rel}","templated":true}]}}