{"id":24408,"date":"2026-02-11T09:31:00","date_gmt":"2026-02-11T08:31:00","guid":{"rendered":"https:\/\/baralivres.ma\/?post_type=product&#038;p=24408"},"modified":"2026-02-11T09:31:01","modified_gmt":"2026-02-11T08:31:01","slug":"une-histoire-chaque-soir-du-1er-janvier-au-31-decembre","status":"publish","type":"product","link":"https:\/\/baralivres.ma\/?product=une-histoire-chaque-soir-du-1er-janvier-au-31-decembre","title":{"rendered":"Une histoire chaque soir du 1er janvier au 31 d\u00e9cembre"},"content":{"rendered":"<p data-start=\"188\" data-end=\"258\">\ud83d\udcd6\u2728 Offrez \u00e0 votre enfant un moment magique chaque jour de l\u2019ann\u00e9e !<\/p>\n<p data-start=\"260\" data-end=\"478\"><em data-start=\"260\" data-end=\"286\">Une histoire chaque soir<\/em> propose <strong data-start=\"295\" data-end=\"312\">365 histoires<\/strong>, une pour chaque jour, du 1er janvier au 31 d\u00e9cembre. Des r\u00e9cits courts, tendres et captivants, parfaits pour instaurer un rituel du coucher agr\u00e9able et rassurant.<\/p>\n<p data-start=\"480\" data-end=\"696\">Chaque histoire transporte les enfants dans des univers vari\u00e9s : aventures, contes, animaux, amiti\u00e9, r\u00eaves et d\u00e9couvertes\u2026 De quoi stimuler l\u2019imagination et d\u00e9velopper le go\u00fbt de la lecture tout au long de l\u2019ann\u00e9e.<\/p>\n<p data-start=\"698\" data-end=\"862\">\ud83d\udcab Id\u00e9al pour partager un moment complice en famille<br data-start=\"750\" data-end=\"753\" \/>\ud83d\udcda Histoires adapt\u00e9es aux jeunes lecteurs<br data-start=\"794\" data-end=\"797\" \/>\ud83c\udf81 Un cadeau parfait pour accompagner les enfants toute l\u2019ann\u00e9e<\/p>\n<p data-start=\"864\" data-end=\"936\">Un livre incontournable pour faire de chaque soir un instant magique !<\/p>\n","protected":false},"excerpt":{"rendered":"<p>Un beau recueil de\u00a0366 vraies histoires, originales, amusantes et tr\u00e8s tendrement illustr\u00e9es, \u00e0 lire seul ou avec ses parents avant de s&rsquo;endormir !<\/p>\n","protected":false},"featured_media":24409,"comment_status":"open","ping_status":"closed","template":"","meta":{"inline_featured_image":false},"product_cat":[3877,199],"product_tag":[],"class_list":{"0":"post-24408","1":"product","2":"type-product","3":"status-publish","4":"has-post-thumbnail","6":"product_cat-les-histoires-francais","7":"product_cat-histoires","9":"first","10":"instock","11":"shipping-taxable","12":"purchasable","13":"product-type-simple"},"_links":{"self":[{"href":"https:\/\/baralivres.ma\/index.php?rest_route=\/wp\/v2\/product\/24408","targetHints":{"allow":["GET"]}}],"collection":[{"href":"https:\/\/baralivres.ma\/index.php?rest_route=\/wp\/v2\/product"}],"about":[{"href":"https:\/\/baralivres.ma\/index.php?rest_route=\/wp\/v2\/types\/product"}],"replies":[{"embeddable":true,"href":"https:\/\/baralivres.ma\/index.php?rest_route=%2Fwp%2Fv2%2Fcomments&post=24408"}],"version-history":[{"count":2,"href":"https:\/\/baralivres.ma\/index.php?rest_route=\/wp\/v2\/product\/24408\/revisions"}],"predecessor-version":[{"id":24411,"href":"https:\/\/baralivres.ma\/index.php?rest_route=\/wp\/v2\/product\/24408\/revisions\/24411"}],"wp:featuredmedia":[{"embeddable":true,"href":"https:\/\/baralivres.ma\/index.php?rest_route=\/wp\/v2\/media\/24409"}],"wp:attachment":[{"href":"https:\/\/baralivres.ma\/index.php?rest_route=%2Fwp%2Fv2%2Fmedia&parent=24408"}],"wp:term":[{"taxonomy":"product_cat","embeddable":true,"href":"https:\/\/baralivres.ma\/index.php?rest_route=%2Fwp%2Fv2%2Fproduct_cat&post=24408"},{"taxonomy":"product_tag","embeddable":true,"href":"https:\/\/baralivres.ma\/index.php?rest_route=%2Fwp%2Fv2%2Fproduct_tag&post=24408"}],"curies":[{"name":"wp","href":"https:\/\/api.w.org\/{rel}","templated":true}]}}