{"id":24402,"date":"2026-02-10T17:07:19","date_gmt":"2026-02-10T16:07:19","guid":{"rendered":"https:\/\/baralivres.ma\/?post_type=product&#038;p=24402"},"modified":"2026-02-10T17:07:20","modified_gmt":"2026-02-10T16:07:20","slug":"mon-abecedaire-ptit-loup","status":"publish","type":"product","link":"https:\/\/baralivres.ma\/?product=mon-abecedaire-ptit-loup","title":{"rendered":"Mon ab\u00e9c\u00e9daire P\u2019tit Loup"},"content":{"rendered":"<p><em data-start=\"461\" data-end=\"488\">Mon ab\u00e9c\u00e9daire P\u2019tit Loup<\/em> est <strong data-start=\"493\" data-end=\"546\">le premier ab\u00e9c\u00e9daire de la collection P\u2019tit Loup<\/strong>, parfait pour les jeunes enfants (d\u00e8s la petite enfance) qui commencent \u00e0 d\u00e9couvrir les lettres.<\/p>\n<p data-start=\"683\" data-end=\"701\">\ud83d\udd21 <strong data-start=\"686\" data-end=\"699\">Contenu :<\/strong><\/p>\n<ul data-start=\"702\" data-end=\"1168\">\n<li data-start=\"702\" data-end=\"779\">\n<p data-start=\"704\" data-end=\"779\">Chaque double\u2011page pr\u00e9sente une <strong data-start=\"736\" data-end=\"760\">lettre de l\u2019alphabet<\/strong> en grand format.<\/p>\n<\/li>\n<li data-start=\"780\" data-end=\"948\">\n<p data-start=\"782\" data-end=\"948\">Autour de chaque lettre, on d\u00e9couvre <strong data-start=\"819\" data-end=\"863\">des mots qui commencent par cette lettre<\/strong>, accompagn\u00e9s d\u2019<strong data-start=\"879\" data-end=\"917\">illustrations color\u00e9es et ludiques<\/strong> mettant en sc\u00e8ne P\u2019tit Loup.<\/p>\n<\/li>\n<li data-start=\"949\" data-end=\"1168\">\n<p data-start=\"951\" data-end=\"1168\">C\u2019est une fa\u00e7on amusante et progressive d\u2019<strong data-start=\"993\" data-end=\"1032\">apprendre \u00e0 reconna\u00eetre les lettres<\/strong> et d\u2019<strong data-start=\"1038\" data-end=\"1065\">enrichir le vocabulaire<\/strong> des tout\u2011petits en les familiarisant avec les mots du quotidien.<\/p>\n<\/li>\n<li data-start=\"949\" data-end=\"1168\">\n<p data-start=\"951\" data-end=\"1168\">\ud83c\udfaf <strong data-start=\"1173\" data-end=\"1199\">Objectif p\u00e9dagogique :<\/strong><br data-start=\"1199\" data-end=\"1202\" \/>Ce livre sert d\u2019outil d\u2019\u00e9veil aux lettres et aux sons, encourageant les premi\u00e8res explorations du langage tout en rendant l\u2019apprentissage interactif et attrayant gr\u00e2ce au personnage attachant de P\u2019tit Loup.<\/p>\n<\/li>\n<\/ul>\n","protected":false},"excerpt":{"rendered":"<p>\u2728 <strong data-start=\"980\" data-end=\"1063\">Faites d\u00e9couvrir les lettres \u00e0 votre enfant tout en s\u2019amusant avec P\u2019tit Loup\u202f!<\/strong><\/p>\n","protected":false},"featured_media":24403,"comment_status":"open","ping_status":"closed","template":"","meta":{"inline_featured_image":false},"product_cat":[3950,198],"product_tag":[],"class_list":{"0":"post-24402","1":"product","2":"type-product","3":"status-publish","4":"has-post-thumbnail","6":"product_cat-les-livres-cartonnes-francais","7":"product_cat-livres-animes","8":"pa_auteurs-orianne-lallemand","10":"first","11":"instock","12":"shipping-taxable","13":"purchasable","14":"product-type-simple"},"_links":{"self":[{"href":"https:\/\/baralivres.ma\/index.php?rest_route=\/wp\/v2\/product\/24402","targetHints":{"allow":["GET"]}}],"collection":[{"href":"https:\/\/baralivres.ma\/index.php?rest_route=\/wp\/v2\/product"}],"about":[{"href":"https:\/\/baralivres.ma\/index.php?rest_route=\/wp\/v2\/types\/product"}],"replies":[{"embeddable":true,"href":"https:\/\/baralivres.ma\/index.php?rest_route=%2Fwp%2Fv2%2Fcomments&post=24402"}],"version-history":[{"count":1,"href":"https:\/\/baralivres.ma\/index.php?rest_route=\/wp\/v2\/product\/24402\/revisions"}],"predecessor-version":[{"id":24407,"href":"https:\/\/baralivres.ma\/index.php?rest_route=\/wp\/v2\/product\/24402\/revisions\/24407"}],"wp:featuredmedia":[{"embeddable":true,"href":"https:\/\/baralivres.ma\/index.php?rest_route=\/wp\/v2\/media\/24403"}],"wp:attachment":[{"href":"https:\/\/baralivres.ma\/index.php?rest_route=%2Fwp%2Fv2%2Fmedia&parent=24402"}],"wp:term":[{"taxonomy":"product_cat","embeddable":true,"href":"https:\/\/baralivres.ma\/index.php?rest_route=%2Fwp%2Fv2%2Fproduct_cat&post=24402"},{"taxonomy":"product_tag","embeddable":true,"href":"https:\/\/baralivres.ma\/index.php?rest_route=%2Fwp%2Fv2%2Fproduct_tag&post=24402"}],"curies":[{"name":"wp","href":"https:\/\/api.w.org\/{rel}","templated":true}]}}