{"id":24383,"date":"2026-02-10T16:00:40","date_gmt":"2026-02-10T15:00:40","guid":{"rendered":"https:\/\/baralivres.ma\/?post_type=product&#038;p=24383"},"modified":"2026-02-10T16:00:40","modified_gmt":"2026-02-10T15:00:40","slug":"ma-peluche-loup-habillee-noel","status":"publish","type":"product","link":"https:\/\/baralivres.ma\/?product=ma-peluche-loup-habillee-noel","title":{"rendered":"Ma peluche Loup habill\u00e9e \u2013 No\u00ebl"},"content":{"rendered":"<p data-start=\"0\" data-end=\"56\">\ud83c\udf84 <strong data-start=\"3\" data-end=\"54\">Ma peluche Loup habill\u00e9e \u2013 No\u00ebl (9782733863725)<\/strong><\/p>\n<p data-start=\"58\" data-end=\"300\" data-is-last-node=\"\" data-is-only-node=\"\">Adorable peluche du c\u00e9l\u00e8bre Loup, habill\u00e9e en tenue de P\u00e8re No\u00ebl (manteau rouge et bonnet). Douce et festive, elle est parfaite pour accompagner les enfants d\u00e8s 3 ans et id\u00e9ale comme cadeau de No\u00ebl.<br data-start=\"256\" data-end=\"259\" \/>\u00c9dition Auzou \u2013 Taille env. 38-40 cm. \ud83e\uddf8\u2728<\/p>\n","protected":false},"excerpt":{"rendered":"<p>Id\u00e9ale comme <strong data-start=\"1082\" data-end=\"1100\">cadeau de No\u00ebl<\/strong>, jouet ou \u00e9l\u00e9ment d\u00e9coratif festif.<\/p>\n","protected":false},"featured_media":24384,"comment_status":"open","ping_status":"closed","template":"","meta":{"inline_featured_image":false},"product_cat":[4503,200],"product_tag":[],"class_list":{"0":"post-24383","1":"product","2":"type-product","3":"status-publish","4":"has-post-thumbnail","6":"product_cat-les-peluches","7":"product_cat-activites","8":"pa_auteurs-orianne-lallemand","10":"first","11":"instock","12":"shipping-taxable","13":"purchasable","14":"product-type-simple"},"_links":{"self":[{"href":"https:\/\/baralivres.ma\/index.php?rest_route=\/wp\/v2\/product\/24383","targetHints":{"allow":["GET"]}}],"collection":[{"href":"https:\/\/baralivres.ma\/index.php?rest_route=\/wp\/v2\/product"}],"about":[{"href":"https:\/\/baralivres.ma\/index.php?rest_route=\/wp\/v2\/types\/product"}],"replies":[{"embeddable":true,"href":"https:\/\/baralivres.ma\/index.php?rest_route=%2Fwp%2Fv2%2Fcomments&post=24383"}],"version-history":[{"count":1,"href":"https:\/\/baralivres.ma\/index.php?rest_route=\/wp\/v2\/product\/24383\/revisions"}],"predecessor-version":[{"id":24385,"href":"https:\/\/baralivres.ma\/index.php?rest_route=\/wp\/v2\/product\/24383\/revisions\/24385"}],"wp:featuredmedia":[{"embeddable":true,"href":"https:\/\/baralivres.ma\/index.php?rest_route=\/wp\/v2\/media\/24384"}],"wp:attachment":[{"href":"https:\/\/baralivres.ma\/index.php?rest_route=%2Fwp%2Fv2%2Fmedia&parent=24383"}],"wp:term":[{"taxonomy":"product_cat","embeddable":true,"href":"https:\/\/baralivres.ma\/index.php?rest_route=%2Fwp%2Fv2%2Fproduct_cat&post=24383"},{"taxonomy":"product_tag","embeddable":true,"href":"https:\/\/baralivres.ma\/index.php?rest_route=%2Fwp%2Fv2%2Fproduct_tag&post=24383"}],"curies":[{"name":"wp","href":"https:\/\/api.w.org\/{rel}","templated":true}]}}