{"id":24380,"date":"2026-02-10T15:53:11","date_gmt":"2026-02-10T14:53:11","guid":{"rendered":"https:\/\/baralivres.ma\/?post_type=product&#038;p=24380"},"modified":"2026-02-10T15:53:11","modified_gmt":"2026-02-10T14:53:11","slug":"ma-peluche-loup-habillee-mariniere-et-jean","status":"publish","type":"product","link":"https:\/\/baralivres.ma\/?product=ma-peluche-loup-habillee-mariniere-et-jean","title":{"rendered":"Ma peluche Loup habill\u00e9e \u2013 Marini\u00e8re et jean"},"content":{"rendered":"<p>\ud83e\uddf8 <strong data-start=\"3\" data-end=\"51\">Ma peluche Loup habill\u00e9e \u2013 Marini\u00e8re et jean<\/strong><br data-start=\"51\" data-end=\"54\" data-is-only-node=\"\" \/>Retrouvez le c\u00e9l\u00e8bre Loup dans une adorable peluche toute douce, v\u00eatue d\u2019une marini\u00e8re ray\u00e9e et d\u2019un jean. Un compagnon id\u00e9al pour les c\u00e2lins et les moments de jeu des tout-petits (d\u00e8s 0 an).<\/p>\n","protected":false},"excerpt":{"rendered":"<p>\u2728 Le design est soign\u00e9 : le Loup porte des v\u00eatements amusants (marini\u00e8re + jean), ce qui lui donne un style \u00ab pr\u00eat pour l\u2019aventure \u00bb.<\/p>\n","protected":false},"featured_media":24381,"comment_status":"open","ping_status":"closed","template":"","meta":{"inline_featured_image":false},"product_cat":[4503,200],"product_tag":[],"class_list":{"0":"post-24380","1":"product","2":"type-product","3":"status-publish","4":"has-post-thumbnail","6":"product_cat-les-peluches","7":"product_cat-activites","8":"pa_auteurs-orianne-lallemand","10":"first","11":"instock","12":"shipping-taxable","13":"purchasable","14":"product-type-simple"},"_links":{"self":[{"href":"https:\/\/baralivres.ma\/index.php?rest_route=\/wp\/v2\/product\/24380","targetHints":{"allow":["GET"]}}],"collection":[{"href":"https:\/\/baralivres.ma\/index.php?rest_route=\/wp\/v2\/product"}],"about":[{"href":"https:\/\/baralivres.ma\/index.php?rest_route=\/wp\/v2\/types\/product"}],"replies":[{"embeddable":true,"href":"https:\/\/baralivres.ma\/index.php?rest_route=%2Fwp%2Fv2%2Fcomments&post=24380"}],"version-history":[{"count":1,"href":"https:\/\/baralivres.ma\/index.php?rest_route=\/wp\/v2\/product\/24380\/revisions"}],"predecessor-version":[{"id":24382,"href":"https:\/\/baralivres.ma\/index.php?rest_route=\/wp\/v2\/product\/24380\/revisions\/24382"}],"wp:featuredmedia":[{"embeddable":true,"href":"https:\/\/baralivres.ma\/index.php?rest_route=\/wp\/v2\/media\/24381"}],"wp:attachment":[{"href":"https:\/\/baralivres.ma\/index.php?rest_route=%2Fwp%2Fv2%2Fmedia&parent=24380"}],"wp:term":[{"taxonomy":"product_cat","embeddable":true,"href":"https:\/\/baralivres.ma\/index.php?rest_route=%2Fwp%2Fv2%2Fproduct_cat&post=24380"},{"taxonomy":"product_tag","embeddable":true,"href":"https:\/\/baralivres.ma\/index.php?rest_route=%2Fwp%2Fv2%2Fproduct_tag&post=24380"}],"curies":[{"name":"wp","href":"https:\/\/api.w.org\/{rel}","templated":true}]}}