{"id":24377,"date":"2026-02-10T11:38:09","date_gmt":"2026-02-10T10:38:09","guid":{"rendered":"https:\/\/baralivres.ma\/?post_type=product&#038;p=24377"},"modified":"2026-02-10T11:38:09","modified_gmt":"2026-02-10T10:38:09","slug":"ma-peluche-demoiselle-yeti","status":"publish","type":"product","link":"https:\/\/baralivres.ma\/?product=ma-peluche-demoiselle-yeti","title":{"rendered":"Ma peluche Demoiselle Y\u00e9ti"},"content":{"rendered":"<p><em data-start=\"937\" data-end=\"965\">Ma peluche Demoiselle Y\u00e9ti<\/em> est une <strong data-start=\"974\" data-end=\"1026\">peluche toute douce repr\u00e9sentant Demoiselle Y\u00e9ti<\/strong>, un personnage de l\u2019univers du Loup (souvent associ\u00e9 \u00e0 la s\u00e9rie jeunesse <em data-start=\"1100\" data-end=\"1112\">Petit Loup<\/em>). Con\u00e7ue pour \u00eatre c\u00e2lin\u00e9e, elle permet aux enfants de <strong data-start=\"1168\" data-end=\"1214\">jouer et s\u2019amuser avec leurs h\u00e9ros favoris<\/strong> tout en d\u00e9veloppant leur imagination.<\/p>\n","protected":false},"excerpt":{"rendered":"<p>Une adorable peluche toute douce \u00e0 l\u2019effigie de Demoiselle Y\u00e9ti \ud83e\ude75<br data-start=\"128\" data-end=\"131\" \/>Parfaite pour les c\u00e2lins, elle accompagne les tout-petits dans leurs jeux et leurs moments de tendresse.<\/p>\n","protected":false},"featured_media":24378,"comment_status":"open","ping_status":"closed","template":"","meta":{"inline_featured_image":false},"product_cat":[4503,200],"product_tag":[],"class_list":{"0":"post-24377","1":"product","2":"type-product","3":"status-publish","4":"has-post-thumbnail","6":"product_cat-les-peluches","7":"product_cat-activites","8":"pa_auteurs-orianne-lallemand","10":"first","11":"instock","12":"shipping-taxable","13":"purchasable","14":"product-type-simple"},"_links":{"self":[{"href":"https:\/\/baralivres.ma\/index.php?rest_route=\/wp\/v2\/product\/24377","targetHints":{"allow":["GET"]}}],"collection":[{"href":"https:\/\/baralivres.ma\/index.php?rest_route=\/wp\/v2\/product"}],"about":[{"href":"https:\/\/baralivres.ma\/index.php?rest_route=\/wp\/v2\/types\/product"}],"replies":[{"embeddable":true,"href":"https:\/\/baralivres.ma\/index.php?rest_route=%2Fwp%2Fv2%2Fcomments&post=24377"}],"version-history":[{"count":1,"href":"https:\/\/baralivres.ma\/index.php?rest_route=\/wp\/v2\/product\/24377\/revisions"}],"predecessor-version":[{"id":24379,"href":"https:\/\/baralivres.ma\/index.php?rest_route=\/wp\/v2\/product\/24377\/revisions\/24379"}],"wp:featuredmedia":[{"embeddable":true,"href":"https:\/\/baralivres.ma\/index.php?rest_route=\/wp\/v2\/media\/24378"}],"wp:attachment":[{"href":"https:\/\/baralivres.ma\/index.php?rest_route=%2Fwp%2Fv2%2Fmedia&parent=24377"}],"wp:term":[{"taxonomy":"product_cat","embeddable":true,"href":"https:\/\/baralivres.ma\/index.php?rest_route=%2Fwp%2Fv2%2Fproduct_cat&post=24377"},{"taxonomy":"product_tag","embeddable":true,"href":"https:\/\/baralivres.ma\/index.php?rest_route=%2Fwp%2Fv2%2Fproduct_tag&post=24377"}],"curies":[{"name":"wp","href":"https:\/\/api.w.org\/{rel}","templated":true}]}}