{"id":24346,"date":"2025-12-18T15:46:21","date_gmt":"2025-12-18T14:46:21","guid":{"rendered":"https:\/\/baralivres.ma\/?post_type=product&#038;p=24346"},"modified":"2025-12-18T15:46:21","modified_gmt":"2025-12-18T14:46:21","slug":"my-arts-crafts-graphisme","status":"publish","type":"product","link":"https:\/\/baralivres.ma\/?product=my-arts-crafts-graphisme","title":{"rendered":"MY ARTS &#038; CRAFTS \u2013 GRAPHISME"},"content":{"rendered":"<p data-start=\"334\" data-end=\"662\"><strong data-start=\"334\" data-end=\"351\">Description :<\/strong><br data-start=\"351\" data-end=\"354\" \/>Le coffret <strong data-start=\"365\" data-end=\"397\">MY ARTS &amp; CRAFTS \u2013 GRAPHISME<\/strong> est sp\u00e9cialement con\u00e7u pour initier les enfants au graphisme et au dessin de mani\u00e8re ludique et cr\u00e9ative. Gr\u00e2ce \u00e0 des activit\u00e9s guid\u00e9es, l\u2019enfant apprend \u00e0 tracer, dessiner et d\u00e9velopper son sens artistique tout en am\u00e9liorant sa motricit\u00e9 fine et sa concentration.<\/p>\n<p data-start=\"664\" data-end=\"690\"><strong data-start=\"664\" data-end=\"688\">Contenu du coffret :<\/strong><\/p>\n<ul data-start=\"691\" data-end=\"842\">\n<li data-start=\"691\" data-end=\"736\">\n<p data-start=\"693\" data-end=\"736\">Cartes ou fiches d\u2019activit\u00e9s de graphisme<\/p>\n<\/li>\n<li data-start=\"737\" data-end=\"761\">\n<p data-start=\"739\" data-end=\"761\">Mod\u00e8les \u00e0 reproduire<\/p>\n<\/li>\n<li data-start=\"762\" data-end=\"803\">\n<p data-start=\"764\" data-end=\"803\">Mat\u00e9riel de dessin adapt\u00e9 aux enfants<\/p>\n<\/li>\n<li data-start=\"804\" data-end=\"842\">\n<p data-start=\"806\" data-end=\"842\">Instructions simples et illustr\u00e9es<\/p>\n<\/li>\n<\/ul>\n<p data-start=\"844\" data-end=\"882\"><em data-start=\"844\" data-end=\"882\">(contenu p\u00e9dagogique adapt\u00e9 \u00e0 l\u2019\u00e2ge)<\/em><\/p>\n","protected":false},"excerpt":{"rendered":"<p>\ud83c\udfa8 <strong data-start=\"1340\" data-end=\"1372\">MY ARTS &amp; CRAFTS \u2013 GRAPHISME<\/strong><br data-start=\"1372\" data-end=\"1375\" \/>Un coffret cr\u00e9atif id\u00e9al d\u00e8s 5 ans pour apprendre le graphisme en s\u2019amusant \u270f\ufe0f<br data-start=\"1453\" data-end=\"1456\" \/>D\u00e9veloppe la cr\u00e9ativit\u00e9, la motricit\u00e9 fine et la concentration.<\/p>\n","protected":false},"featured_media":24347,"comment_status":"open","ping_status":"closed","template":"","meta":{"inline_featured_image":false},"product_cat":[3875,201,210,200],"product_tag":[],"class_list":{"0":"post-24346","1":"product","2":"type-product","3":"status-publish","4":"has-post-thumbnail","6":"product_cat-coffret-francais","7":"product_cat-coffret","8":"product_cat-activites-bebe-enfant","9":"product_cat-activites","11":"first","12":"instock","13":"shipping-taxable","14":"purchasable","15":"product-type-simple"},"_links":{"self":[{"href":"https:\/\/baralivres.ma\/index.php?rest_route=\/wp\/v2\/product\/24346","targetHints":{"allow":["GET"]}}],"collection":[{"href":"https:\/\/baralivres.ma\/index.php?rest_route=\/wp\/v2\/product"}],"about":[{"href":"https:\/\/baralivres.ma\/index.php?rest_route=\/wp\/v2\/types\/product"}],"replies":[{"embeddable":true,"href":"https:\/\/baralivres.ma\/index.php?rest_route=%2Fwp%2Fv2%2Fcomments&post=24346"}],"version-history":[{"count":1,"href":"https:\/\/baralivres.ma\/index.php?rest_route=\/wp\/v2\/product\/24346\/revisions"}],"predecessor-version":[{"id":24353,"href":"https:\/\/baralivres.ma\/index.php?rest_route=\/wp\/v2\/product\/24346\/revisions\/24353"}],"wp:featuredmedia":[{"embeddable":true,"href":"https:\/\/baralivres.ma\/index.php?rest_route=\/wp\/v2\/media\/24347"}],"wp:attachment":[{"href":"https:\/\/baralivres.ma\/index.php?rest_route=%2Fwp%2Fv2%2Fmedia&parent=24346"}],"wp:term":[{"taxonomy":"product_cat","embeddable":true,"href":"https:\/\/baralivres.ma\/index.php?rest_route=%2Fwp%2Fv2%2Fproduct_cat&post=24346"},{"taxonomy":"product_tag","embeddable":true,"href":"https:\/\/baralivres.ma\/index.php?rest_route=%2Fwp%2Fv2%2Fproduct_tag&post=24346"}],"curies":[{"name":"wp","href":"https:\/\/api.w.org\/{rel}","templated":true}]}}