{"id":24338,"date":"2025-12-18T15:22:07","date_gmt":"2025-12-18T14:22:07","guid":{"rendered":"https:\/\/baralivres.ma\/?post_type=product&#038;p=24338"},"modified":"2025-12-18T15:22:07","modified_gmt":"2025-12-18T14:22:07","slug":"my-arts-crafts-gommettes-et-decors-jungle","status":"publish","type":"product","link":"https:\/\/baralivres.ma\/?product=my-arts-crafts-gommettes-et-decors-jungle","title":{"rendered":"MY ARTS &#038; CRAFTS \u2013 Gommettes et D\u00e9cors Jungle"},"content":{"rendered":"<p data-start=\"138\" data-end=\"465\">\ud83c\udfa8 <strong data-start=\"141\" data-end=\"174\">MY ARTS &amp; CRAFTS \u2013 Gommettes et D\u00e9cors Jungle<\/strong><br data-start=\"174\" data-end=\"177\" \/>Un coffret cr\u00e9atif complet pour stimuler l\u2019imagination et la cr\u00e9ativit\u00e9 des enfants d\u00e8s 5 ans.<br data-start=\"271\" data-end=\"274\" \/>Gr\u00e2ce \u00e0 une vari\u00e9t\u00e9 d\u2019activit\u00e9s manuelles (dessin, coloriage, bricolage, cr\u00e9ation artistique), l\u2019enfant d\u00e9veloppe sa motricit\u00e9 fine, sa concentration et son sens artistique tout en s\u2019amusant.<\/p>\n<p data-start=\"138\" data-end=\"465\">\ud83d\udce6 Contenu<\/p>\n<ul data-spread=\"false\">\n<li>Activit\u00e9s de dessin et de coloriage<\/li>\n<li>Activit\u00e9s manuelles et cr\u00e9atives<\/li>\n<li>Mat\u00e9riel adapt\u00e9 aux enfants<\/li>\n<\/ul>\n<p data-start=\"467\" data-end=\"496\">\u2728 <strong data-start=\"469\" data-end=\"494\">Pourquoi on l\u2019adore ?<\/strong><\/p>\n<ul data-start=\"497\" data-end=\"678\">\n<li data-start=\"497\" data-end=\"552\">\n<p data-start=\"499\" data-end=\"552\">Encourage la cr\u00e9ativit\u00e9 et l\u2019expression personnelle<\/p>\n<\/li>\n<li data-start=\"553\" data-end=\"590\">\n<p data-start=\"555\" data-end=\"590\">Favorise la coordination \u0153il-main<\/p>\n<\/li>\n<li data-start=\"591\" data-end=\"627\">\n<p data-start=\"593\" data-end=\"627\">Activit\u00e9s ludiques et \u00e9ducatives<\/p>\n<\/li>\n<li data-start=\"628\" data-end=\"678\">\n<p data-start=\"630\" data-end=\"678\">Id\u00e9al pour occuper les enfants loin des \u00e9crans<\/p>\n<\/li>\n<\/ul>\n<p data-start=\"680\" data-end=\"782\">\ud83c\udf81 <strong data-start=\"683\" data-end=\"707\">Parfait comme cadeau<\/strong> pour les enfants curieux et cr\u00e9atifs, \u00e0 la maison ou pendant les vacances.<\/p>\n","protected":false},"excerpt":{"rendered":"<p>\ud83c\udfa8 Cr\u00e9er, imaginer et s\u2019amuser<\/p>\n","protected":false},"featured_media":24339,"comment_status":"open","ping_status":"closed","template":"","meta":{"inline_featured_image":false},"product_cat":[3875,201,210,200],"product_tag":[],"class_list":{"0":"post-24338","1":"product","2":"type-product","3":"status-publish","4":"has-post-thumbnail","6":"product_cat-coffret-francais","7":"product_cat-coffret","8":"product_cat-activites-bebe-enfant","9":"product_cat-activites","11":"first","12":"instock","13":"shipping-taxable","14":"purchasable","15":"product-type-simple"},"_links":{"self":[{"href":"https:\/\/baralivres.ma\/index.php?rest_route=\/wp\/v2\/product\/24338","targetHints":{"allow":["GET"]}}],"collection":[{"href":"https:\/\/baralivres.ma\/index.php?rest_route=\/wp\/v2\/product"}],"about":[{"href":"https:\/\/baralivres.ma\/index.php?rest_route=\/wp\/v2\/types\/product"}],"replies":[{"embeddable":true,"href":"https:\/\/baralivres.ma\/index.php?rest_route=%2Fwp%2Fv2%2Fcomments&post=24338"}],"version-history":[{"count":1,"href":"https:\/\/baralivres.ma\/index.php?rest_route=\/wp\/v2\/product\/24338\/revisions"}],"predecessor-version":[{"id":24345,"href":"https:\/\/baralivres.ma\/index.php?rest_route=\/wp\/v2\/product\/24338\/revisions\/24345"}],"wp:featuredmedia":[{"embeddable":true,"href":"https:\/\/baralivres.ma\/index.php?rest_route=\/wp\/v2\/media\/24339"}],"wp:attachment":[{"href":"https:\/\/baralivres.ma\/index.php?rest_route=%2Fwp%2Fv2%2Fmedia&parent=24338"}],"wp:term":[{"taxonomy":"product_cat","embeddable":true,"href":"https:\/\/baralivres.ma\/index.php?rest_route=%2Fwp%2Fv2%2Fproduct_cat&post=24338"},{"taxonomy":"product_tag","embeddable":true,"href":"https:\/\/baralivres.ma\/index.php?rest_route=%2Fwp%2Fv2%2Fproduct_tag&post=24338"}],"curies":[{"name":"wp","href":"https:\/\/api.w.org\/{rel}","templated":true}]}}