{"id":24317,"date":"2025-12-16T11:10:08","date_gmt":"2025-12-16T10:10:08","guid":{"rendered":"https:\/\/baralivres.ma\/?post_type=product&#038;p=24317"},"modified":"2025-12-16T11:10:09","modified_gmt":"2025-12-16T10:10:09","slug":"scratch-art-animaux-du-monde","status":"publish","type":"product","link":"https:\/\/baralivres.ma\/?product=scratch-art-animaux-du-monde","title":{"rendered":"SCRATCH ART \u2013 ANIMAUX DU MONDE"},"content":{"rendered":"<p>Le <strong data-start=\"188\" data-end=\"222\">Scratch Art \u2013 Animaux du Monde<\/strong> est une activit\u00e9 cr\u00e9ative et \u00e9ducative qui invite les enfants \u00e0 d\u00e9couvrir les animaux du monde de mani\u00e8re ludique.<br data-start=\"337\" data-end=\"340\" \/>Gr\u00e2ce au stylet, l\u2019enfant gratte la surface noire pour faire appara\u00eetre de magnifiques couleurs et illustrations d\u2019animaux \ud83c\udf0d\ud83e\udd81\ud83d\udc18<\/p>\n<p>\ud83d\udce6 Contenu<\/p>\n<ul data-start=\"604\" data-end=\"717\">\n<li data-start=\"604\" data-end=\"658\">\n<p data-start=\"606\" data-end=\"658\">\ud83d\uddbc\ufe0f Cartes \u00e0 gratter illustr\u00e9es (animaux du monde)<\/p>\n<\/li>\n<li data-start=\"604\" data-end=\"658\">\n<p data-start=\"606\" data-end=\"658\">\u270f\ufe0f 1 stylet en bois<\/p>\n<\/li>\n<li data-start=\"604\" data-end=\"658\">\n<p data-start=\"606\" data-end=\"658\">\ud83d\udcd8 Notice simple d\u2019utilisation.<\/p>\n<\/li>\n<li data-start=\"604\" data-end=\"658\">\n<p data-start=\"606\" data-end=\"658\"><span style=\"font-size: 1.618em;\">\ud83c\udf1f B\u00e9n\u00e9fices \u00e9ducatifs<\/span><\/p>\n<ul data-start=\"751\" data-end=\"963\">\n<li data-start=\"751\" data-end=\"786\">\n<p data-start=\"753\" data-end=\"786\">D\u00e9veloppe la <strong data-start=\"766\" data-end=\"784\">motricit\u00e9 fine<\/strong><\/p>\n<\/li>\n<li data-start=\"787\" data-end=\"835\">\n<p data-start=\"789\" data-end=\"835\">Favorise la <strong data-start=\"801\" data-end=\"833\">concentration et la patience<\/strong><\/p>\n<\/li>\n<li data-start=\"836\" data-end=\"882\">\n<p data-start=\"838\" data-end=\"882\">Stimule la <strong data-start=\"849\" data-end=\"880\">cr\u00e9ativit\u00e9 et l\u2019imagination<\/strong><\/p>\n<\/li>\n<li data-start=\"883\" data-end=\"932\">\n<p data-start=\"885\" data-end=\"932\">Permet la <strong data-start=\"895\" data-end=\"930\">d\u00e9couverte des animaux du monde<\/strong><\/p>\n<\/li>\n<li data-start=\"933\" data-end=\"963\">\n<p data-start=\"935\" data-end=\"963\">Activit\u00e9 calme, sans \u00e9cran<\/p>\n<\/li>\n<\/ul>\n<\/li>\n<\/ul>\n","protected":false},"excerpt":{"rendered":"<p>\u2728 Gratte, d\u00e9couvre et \u00e9merveille-toi !<br data-start=\"1528\" data-end=\"1531\" \/>Un Scratch Art magique pour explorer les animaux du monde \ud83c\udf0d\ud83d\udc3e<\/p>\n","protected":false},"featured_media":24318,"comment_status":"open","ping_status":"closed","template":"","meta":{"inline_featured_image":false},"product_cat":[3875,211,201,200],"product_tag":[],"class_list":{"0":"post-24317","1":"product","2":"type-product","3":"status-publish","4":"has-post-thumbnail","6":"product_cat-coffret-francais","7":"product_cat-carte-a-gratter","8":"product_cat-coffret","9":"product_cat-activites","11":"first","12":"instock","13":"shipping-taxable","14":"purchasable","15":"product-type-simple"},"_links":{"self":[{"href":"https:\/\/baralivres.ma\/index.php?rest_route=\/wp\/v2\/product\/24317","targetHints":{"allow":["GET"]}}],"collection":[{"href":"https:\/\/baralivres.ma\/index.php?rest_route=\/wp\/v2\/product"}],"about":[{"href":"https:\/\/baralivres.ma\/index.php?rest_route=\/wp\/v2\/types\/product"}],"replies":[{"embeddable":true,"href":"https:\/\/baralivres.ma\/index.php?rest_route=%2Fwp%2Fv2%2Fcomments&post=24317"}],"version-history":[{"count":1,"href":"https:\/\/baralivres.ma\/index.php?rest_route=\/wp\/v2\/product\/24317\/revisions"}],"predecessor-version":[{"id":24321,"href":"https:\/\/baralivres.ma\/index.php?rest_route=\/wp\/v2\/product\/24317\/revisions\/24321"}],"wp:featuredmedia":[{"embeddable":true,"href":"https:\/\/baralivres.ma\/index.php?rest_route=\/wp\/v2\/media\/24318"}],"wp:attachment":[{"href":"https:\/\/baralivres.ma\/index.php?rest_route=%2Fwp%2Fv2%2Fmedia&parent=24317"}],"wp:term":[{"taxonomy":"product_cat","embeddable":true,"href":"https:\/\/baralivres.ma\/index.php?rest_route=%2Fwp%2Fv2%2Fproduct_cat&post=24317"},{"taxonomy":"product_tag","embeddable":true,"href":"https:\/\/baralivres.ma\/index.php?rest_route=%2Fwp%2Fv2%2Fproduct_tag&post=24317"}],"curies":[{"name":"wp","href":"https:\/\/api.w.org\/{rel}","templated":true}]}}