{"id":24288,"date":"2025-12-15T17:55:20","date_gmt":"2025-12-15T16:55:20","guid":{"rendered":"https:\/\/baralivres.ma\/?post_type=product&#038;p=24288"},"modified":"2025-12-15T17:55:20","modified_gmt":"2025-12-15T16:55:20","slug":"attrape-soleil-a-creer","status":"publish","type":"product","link":"https:\/\/baralivres.ma\/?product=attrape-soleil-a-creer","title":{"rendered":"ATTRAPE SOLEIL \u00c0 CR\u00c9ER"},"content":{"rendered":"<p>Ce coffret <strong data-start=\"428\" data-end=\"486\">permet \u00e0 l\u2019enfant de r\u00e9aliser un attrape\u2011soleil color\u00e9<\/strong> \u00e0 suspendre ensuite dans une pi\u00e8ce ou devant une fen\u00eatre. Gr\u00e2ce aux composants brillants et translucides, une fois termin\u00e9 et expos\u00e9 au soleil, l\u2019attrape\u2011soleil <strong data-start=\"648\" data-end=\"672\">r\u00e9fl\u00e9chit la lumi\u00e8re<\/strong> et cr\u00e9e de jolis jeux lumineux dans la pi\u00e8ce.<\/p>\n<p>C\u2019est une <strong data-start=\"768\" data-end=\"796\">activit\u00e9 manuelle guid\u00e9e<\/strong> pas \u00e0 pas avec un livret d\u2019instructions inclus, id\u00e9ale comme activit\u00e9 en famille ou pour stimuler la cr\u00e9ativit\u00e9.<\/p>\n<h3 data-start=\"954\" data-end=\"979\">\ud83e\uddf0 Contenu du coffret<\/h3>\n<p data-start=\"981\" data-end=\"1429\">Le kit contient tout le mat\u00e9riel n\u00e9cessaire pour cr\u00e9er la d\u00e9coration\u202f:<br data-start=\"1051\" data-end=\"1054\" \/>\u2714 2 cercles dor\u00e9s de tailles diff\u00e9rentes<br data-start=\"1094\" data-end=\"1097\" \/>\u2714 Fils de fer dor\u00e9s et fil de nylon transparent<br data-start=\"1144\" data-end=\"1147\" \/>\u2714 Cha\u00eene dor\u00e9e et anneau de suspension<br data-start=\"1185\" data-end=\"1188\" \/>\u2714 Mini\u2011anneaux m\u00e9talliques<br data-start=\"1214\" data-end=\"1217\" \/>\u2714 Environ <strong data-start=\"1227\" data-end=\"1251\">39 perles \u00e0 facettes<\/strong> et une pampille<br data-start=\"1267\" data-end=\"1270\" \/>\u2714 Feuilles de papier calque color\u00e9es et papier paillet\u00e9\/dor\u00e9<br data-start=\"1330\" data-end=\"1333\" \/>\u2714 Carte pr\u00e9d\u00e9coup\u00e9e<br data-start=\"1352\" data-end=\"1355\" \/>\u2714 Livret d\u2019instructions avec mod\u00e8les<\/p>\n","protected":false},"excerpt":{"rendered":"<p>c\u2019est un <strong data-start=\"2017\" data-end=\"2053\">kit cr\u00e9atif amusant et d\u00e9coratif<\/strong> qui transforme une activit\u00e9 manuelle en une jolie suspension lumineuse, parfaite comme cadeau ou pour occuper les enfants de fa\u00e7on cr\u00e9ative.<\/p>\n","protected":false},"featured_media":24289,"comment_status":"open","ping_status":"closed","template":"","meta":{"inline_featured_image":false},"product_cat":[3875,201,200],"product_tag":[],"class_list":{"0":"post-24288","1":"product","2":"type-product","3":"status-publish","4":"has-post-thumbnail","6":"product_cat-coffret-francais","7":"product_cat-coffret","8":"product_cat-activites","10":"first","11":"instock","12":"shipping-taxable","13":"purchasable","14":"product-type-simple"},"_links":{"self":[{"href":"https:\/\/baralivres.ma\/index.php?rest_route=\/wp\/v2\/product\/24288","targetHints":{"allow":["GET"]}}],"collection":[{"href":"https:\/\/baralivres.ma\/index.php?rest_route=\/wp\/v2\/product"}],"about":[{"href":"https:\/\/baralivres.ma\/index.php?rest_route=\/wp\/v2\/types\/product"}],"replies":[{"embeddable":true,"href":"https:\/\/baralivres.ma\/index.php?rest_route=%2Fwp%2Fv2%2Fcomments&post=24288"}],"version-history":[{"count":1,"href":"https:\/\/baralivres.ma\/index.php?rest_route=\/wp\/v2\/product\/24288\/revisions"}],"predecessor-version":[{"id":24293,"href":"https:\/\/baralivres.ma\/index.php?rest_route=\/wp\/v2\/product\/24288\/revisions\/24293"}],"wp:featuredmedia":[{"embeddable":true,"href":"https:\/\/baralivres.ma\/index.php?rest_route=\/wp\/v2\/media\/24289"}],"wp:attachment":[{"href":"https:\/\/baralivres.ma\/index.php?rest_route=%2Fwp%2Fv2%2Fmedia&parent=24288"}],"wp:term":[{"taxonomy":"product_cat","embeddable":true,"href":"https:\/\/baralivres.ma\/index.php?rest_route=%2Fwp%2Fv2%2Fproduct_cat&post=24288"},{"taxonomy":"product_tag","embeddable":true,"href":"https:\/\/baralivres.ma\/index.php?rest_route=%2Fwp%2Fv2%2Fproduct_tag&post=24288"}],"curies":[{"name":"wp","href":"https:\/\/api.w.org\/{rel}","templated":true}]}}