{"id":24282,"date":"2025-12-15T17:46:05","date_gmt":"2025-12-15T16:46:05","guid":{"rendered":"https:\/\/baralivres.ma\/?post_type=product&#038;p=24282"},"modified":"2025-12-15T17:46:05","modified_gmt":"2025-12-15T16:46:05","slug":"journal-intime","status":"publish","type":"product","link":"https:\/\/baralivres.ma\/?product=journal-intime","title":{"rendered":"Journal Intime"},"content":{"rendered":"<h3 data-start=\"119\" data-end=\"188\">\ud83d\udcd3 <strong data-start=\"126\" data-end=\"168\">Journal Intime \u2013 Les Ateliers du Calme<\/strong><\/h3>\n<p data-start=\"452\" data-end=\"482\">\ud83d\udd8a\ufe0f <strong data-start=\"456\" data-end=\"480\">Contenu du coffret :<\/strong><\/p>\n<ul data-start=\"483\" data-end=\"943\">\n<li data-start=\"483\" data-end=\"533\">\n<p data-start=\"485\" data-end=\"533\">\ud83d\udcd4 <strong data-start=\"488\" data-end=\"519\">1 carnet secret de 96 pages<\/strong> \u00e0 compl\u00e9ter<\/p>\n<\/li>\n<li data-start=\"534\" data-end=\"666\">\n<p data-start=\"536\" data-end=\"666\">\u2712\ufe0f <strong data-start=\"539\" data-end=\"568\">1 stylo \u00e0 encre invisible<\/strong> (avec mine bleue) pour \u00e9crire des messages que seuls les enfants pourront r\u00e9v\u00e9ler avec la lampe<\/p>\n<\/li>\n<li data-start=\"667\" data-end=\"725\">\n<p data-start=\"669\" data-end=\"725\">\ud83d\udd26 <strong data-start=\"672\" data-end=\"695\">1 lampe r\u00e9v\u00e9latrice<\/strong> pour lire l\u2019encre invisible<\/p>\n<\/li>\n<li data-start=\"726\" data-end=\"791\">\n<p data-start=\"728\" data-end=\"791\">\u270d\ufe0f <strong data-start=\"731\" data-end=\"754\">1 stylo gel argent\u00e9<\/strong> pour d\u00e9corer ou \u00e9crire normalement<\/p>\n<\/li>\n<li data-start=\"792\" data-end=\"943\">\n<p data-start=\"794\" data-end=\"943\">\ud83c\udf80 <strong data-start=\"797\" data-end=\"823\">2 planches de stickers<\/strong>, dont au moins une brillante, pour personnaliser le journal et le rendre unique\u202f!<\/p>\n<p data-start=\"1519\" data-end=\"1559\">\n<p data-start=\"1519\" data-end=\"1559\">\ud83c\udf81 <strong data-start=\"1522\" data-end=\"1557\">Pourquoi il pla\u00eet aux enfants ?<\/strong><\/p>\n<ul data-start=\"1560\" data-end=\"1895\">\n<li data-start=\"1560\" data-end=\"1689\">\n<p data-start=\"1562\" data-end=\"1689\">C\u2019est un <em data-start=\"1571\" data-end=\"1596\">journal \u00e0 personnaliser<\/em>, o\u00f9 l\u2019enfant peut \u00e9crire, dessiner, coller et r\u00eaver.<\/p>\n<\/li>\n<li data-start=\"1690\" data-end=\"1803\">\n<p data-start=\"1692\" data-end=\"1803\">L\u2019encre invisible + lampe cr\u00e9e un effet magique et secret tr\u00e8s amusant.<\/p>\n<\/li>\n<li data-start=\"1804\" data-end=\"1895\">\n<p data-start=\"1806\" data-end=\"1895\">Id\u00e9al comme cadeau d\u2019anniversaire, de No\u00ebl ou pour stimuler l\u2019\u00e9criture et la cr\u00e9ativit\u00e9.<\/p>\n<\/li>\n<\/ul>\n<\/li>\n<\/ul>\n","protected":false},"excerpt":{"rendered":"<p>\u2728 Id\u00e9al pour \u00e9crire ses pens\u00e9es, dessiner et garder ses secrets en toute s\u00e9curit\u00e9. Un cadeau amusant et cr\u00e9atif pour stimuler l\u2019imagination des enfants !<\/p>\n","protected":false},"featured_media":24283,"comment_status":"open","ping_status":"closed","template":"","meta":{"inline_featured_image":false},"product_cat":[3875,213,201],"product_tag":[],"class_list":{"0":"post-24282","1":"product","2":"type-product","3":"status-publish","4":"has-post-thumbnail","6":"product_cat-coffret-francais","7":"product_cat-carnet","8":"product_cat-coffret","10":"first","11":"instock","12":"shipping-taxable","13":"purchasable","14":"product-type-simple"},"_links":{"self":[{"href":"https:\/\/baralivres.ma\/index.php?rest_route=\/wp\/v2\/product\/24282","targetHints":{"allow":["GET"]}}],"collection":[{"href":"https:\/\/baralivres.ma\/index.php?rest_route=\/wp\/v2\/product"}],"about":[{"href":"https:\/\/baralivres.ma\/index.php?rest_route=\/wp\/v2\/types\/product"}],"replies":[{"embeddable":true,"href":"https:\/\/baralivres.ma\/index.php?rest_route=%2Fwp%2Fv2%2Fcomments&post=24282"}],"version-history":[{"count":1,"href":"https:\/\/baralivres.ma\/index.php?rest_route=\/wp\/v2\/product\/24282\/revisions"}],"predecessor-version":[{"id":24287,"href":"https:\/\/baralivres.ma\/index.php?rest_route=\/wp\/v2\/product\/24282\/revisions\/24287"}],"wp:featuredmedia":[{"embeddable":true,"href":"https:\/\/baralivres.ma\/index.php?rest_route=\/wp\/v2\/media\/24283"}],"wp:attachment":[{"href":"https:\/\/baralivres.ma\/index.php?rest_route=%2Fwp%2Fv2%2Fmedia&parent=24282"}],"wp:term":[{"taxonomy":"product_cat","embeddable":true,"href":"https:\/\/baralivres.ma\/index.php?rest_route=%2Fwp%2Fv2%2Fproduct_cat&post=24282"},{"taxonomy":"product_tag","embeddable":true,"href":"https:\/\/baralivres.ma\/index.php?rest_route=%2Fwp%2Fv2%2Fproduct_tag&post=24282"}],"curies":[{"name":"wp","href":"https:\/\/api.w.org\/{rel}","templated":true}]}}