{"id":24267,"date":"2025-12-15T17:20:15","date_gmt":"2025-12-15T16:20:15","guid":{"rendered":"https:\/\/baralivres.ma\/?post_type=product&#038;p=24267"},"modified":"2025-12-15T17:21:04","modified_gmt":"2025-12-15T16:21:04","slug":"24267","status":"publish","type":"product","link":"https:\/\/baralivres.ma\/?product=24267","title":{"rendered":"Tableaux Dor\u00e9s Peinture Aquarelle &#8211; Jardin"},"content":{"rendered":"<p>Le <em data-start=\"147\" data-end=\"189\">Tableaux Dor\u00e9s Peinture Aquarelle Jardin<\/em> est un <strong data-start=\"197\" data-end=\"225\">kit cr\u00e9atif pour enfants<\/strong> con\u00e7u pour peindre de magnifiques sc\u00e8nes inspir\u00e9es du <strong data-start=\"280\" data-end=\"306\">jardin et de la nature<\/strong>. Il fait partie de la collection cr\u00e9ative \u201cLes Ateliers du Calme\u201d de Janod, pens\u00e9e pour d\u00e9velopper la <strong data-start=\"409\" data-end=\"462\">motricit\u00e9 fine, la concentration et la cr\u00e9ativit\u00e9<\/strong> des enfants \u00e0 partir de <strong data-start=\"487\" data-end=\"496\">6 ans<\/strong>.<\/p>\n<p data-start=\"537\" data-end=\"564\">\u2728 <strong data-start=\"539\" data-end=\"560\">Ce qu\u2019il contient<\/strong> :<\/p>\n<ul data-start=\"565\" data-end=\"1040\">\n<li data-start=\"565\" data-end=\"647\">\n<p data-start=\"567\" data-end=\"647\"><strong data-start=\"567\" data-end=\"591\">4 tableaux \u00e0 d\u00e9corer<\/strong> repr\u00e9sentant de jolies sc\u00e8nes d\u2019animaux et de jardin.<\/p>\n<\/li>\n<li data-start=\"648\" data-end=\"726\">\n<p data-start=\"650\" data-end=\"726\"><strong data-start=\"650\" data-end=\"688\">1 palette de 15 couleurs aquarelle<\/strong> pour une grande vari\u00e9t\u00e9 de teintes.<\/p>\n<\/li>\n<li data-start=\"727\" data-end=\"809\">\n<p data-start=\"729\" data-end=\"809\"><strong data-start=\"729\" data-end=\"760\">1 pinceau \u00e0 r\u00e9servoir d\u2019eau<\/strong>, facile \u00e0 utiliser m\u00eame sans pot d\u2019eau s\u00e9par\u00e9.<\/p>\n<\/li>\n<li data-start=\"810\" data-end=\"920\">\n<p data-start=\"812\" data-end=\"920\"><strong data-start=\"812\" data-end=\"832\">Traits en dorure<\/strong> autour des formes pour emp\u00eacher de d\u00e9passer et obtenir un r\u00e9sultat soign\u00e9 et raffin\u00e9.<\/p>\n<\/li>\n<li data-start=\"921\" data-end=\"1040\">\n<p data-start=\"923\" data-end=\"1040\"><strong data-start=\"923\" data-end=\"955\">Bo\u00eete transformable en cadre<\/strong> pour exposer les cr\u00e9ations une fois termin\u00e9es.<\/p>\n<\/li>\n<\/ul>\n","protected":false},"excerpt":{"rendered":"<p>Parfait pour les <strong data-start=\"1086\" data-end=\"1119\">d\u00e9butants ou enfants cr\u00e9atifs<\/strong>\u202f: peinture facile \u00e0 appliquer gr\u00e2ce au pinceau \u00e0 r\u00e9servoir d\u2019eau.<\/p>\n","protected":false},"featured_media":24268,"comment_status":"open","ping_status":"closed","template":"","meta":{"inline_featured_image":false},"product_cat":[3875,201,200],"product_tag":[],"class_list":{"0":"post-24267","1":"product","2":"type-product","3":"status-publish","4":"has-post-thumbnail","6":"product_cat-coffret-francais","7":"product_cat-coffret","8":"product_cat-activites","10":"first","11":"instock","12":"shipping-taxable","13":"purchasable","14":"product-type-simple"},"_links":{"self":[{"href":"https:\/\/baralivres.ma\/index.php?rest_route=\/wp\/v2\/product\/24267","targetHints":{"allow":["GET"]}}],"collection":[{"href":"https:\/\/baralivres.ma\/index.php?rest_route=\/wp\/v2\/product"}],"about":[{"href":"https:\/\/baralivres.ma\/index.php?rest_route=\/wp\/v2\/types\/product"}],"replies":[{"embeddable":true,"href":"https:\/\/baralivres.ma\/index.php?rest_route=%2Fwp%2Fv2%2Fcomments&post=24267"}],"version-history":[{"count":2,"href":"https:\/\/baralivres.ma\/index.php?rest_route=\/wp\/v2\/product\/24267\/revisions"}],"predecessor-version":[{"id":24275,"href":"https:\/\/baralivres.ma\/index.php?rest_route=\/wp\/v2\/product\/24267\/revisions\/24275"}],"wp:featuredmedia":[{"embeddable":true,"href":"https:\/\/baralivres.ma\/index.php?rest_route=\/wp\/v2\/media\/24268"}],"wp:attachment":[{"href":"https:\/\/baralivres.ma\/index.php?rest_route=%2Fwp%2Fv2%2Fmedia&parent=24267"}],"wp:term":[{"taxonomy":"product_cat","embeddable":true,"href":"https:\/\/baralivres.ma\/index.php?rest_route=%2Fwp%2Fv2%2Fproduct_cat&post=24267"},{"taxonomy":"product_tag","embeddable":true,"href":"https:\/\/baralivres.ma\/index.php?rest_route=%2Fwp%2Fv2%2Fproduct_tag&post=24267"}],"curies":[{"name":"wp","href":"https:\/\/api.w.org\/{rel}","templated":true}]}}