{"id":24259,"date":"2025-12-15T17:07:50","date_gmt":"2025-12-15T16:07:50","guid":{"rendered":"https:\/\/baralivres.ma\/?post_type=product&#038;p=24259"},"modified":"2025-12-15T17:07:51","modified_gmt":"2025-12-15T16:07:51","slug":"tableaux-dores-peinture-aquarelle-animaux","status":"publish","type":"product","link":"https:\/\/baralivres.ma\/?product=tableaux-dores-peinture-aquarelle-animaux","title":{"rendered":"Tableaux Dor\u00e9s Peinture Aquarelle \u2013 Animaux"},"content":{"rendered":"<p data-start=\"93\" data-end=\"280\">\ud83c\udfa8 <strong data-start=\"96\" data-end=\"143\">Tableaux Dor\u00e9s Peinture Aquarelle \u2013 Animaux<\/strong><br data-start=\"143\" data-end=\"146\" \/>Offrez un moment d\u2019expression artistique avec ce coffret de <strong data-start=\"564\" data-end=\"588\">4 tableaux \u00e0 peindre<\/strong> mettant en sc\u00e8ne des animaux vari\u00e9s \u2014 aquatiques, exotiques, de montagne et de jungle. Les contours des illustrations sont enrichis de <strong data-start=\"724\" data-end=\"740\">traits dor\u00e9s<\/strong>, ce qui aide les enfants \u00e0 ne pas d\u00e9passer en coloriant tout en donnant un rendu \u00e9l\u00e9gant et raffin\u00e9 \u00e0 leurs \u0153uvres.<\/p>\n<p data-start=\"896\" data-end=\"934\">\ud83d\udd8c\ufe0f <strong data-start=\"900\" data-end=\"932\">Ce que contient le coffret :<\/strong><\/p>\n<ul data-start=\"935\" data-end=\"1283\">\n<li data-start=\"935\" data-end=\"974\">\n<p data-start=\"937\" data-end=\"974\">4 tableaux au format pr\u00eat \u00e0 peindre<\/p>\n<\/li>\n<li data-start=\"975\" data-end=\"1016\">\n<p data-start=\"977\" data-end=\"1016\"><strong data-start=\"977\" data-end=\"1014\">15 couleurs de peinture aquarelle<\/strong><\/p>\n<\/li>\n<li data-start=\"1017\" data-end=\"1083\">\n<p data-start=\"1019\" data-end=\"1083\"><strong data-start=\"1019\" data-end=\"1048\">Pinceau \u00e0 r\u00e9servoir d\u2019eau<\/strong> pour une application plus simple<\/p>\n<\/li>\n<li data-start=\"1084\" data-end=\"1123\">\n<p data-start=\"1086\" data-end=\"1123\"><strong data-start=\"1086\" data-end=\"1096\">\u00c9ponge<\/strong> pour essuyer ou corriger<\/p>\n<\/li>\n<li data-start=\"1124\" data-end=\"1153\">\n<p data-start=\"1126\" data-end=\"1153\"><strong data-start=\"1126\" data-end=\"1151\">Livret d\u2019instructions<\/strong><\/p>\n<\/li>\n<li data-start=\"1154\" data-end=\"1283\">\n<p data-start=\"1156\" data-end=\"1283\">La <strong data-start=\"1159\" data-end=\"1201\">bo\u00eete se transforme en cadre d\u00e9coratif<\/strong> pour exposer les \u0153uvres une fois termin\u00e9es.<\/p>\n<\/li>\n<\/ul>\n","protected":false},"excerpt":{"rendered":"<ul>\n<li data-start=\"1306\" data-end=\"1379\">\n<p data-start=\"1308\" data-end=\"1379\">Permet aux enfants de <strong data-start=\"1330\" data-end=\"1360\">d\u00e9velopper leur cr\u00e9ativit\u00e9<\/strong> et leur patience<\/p>\n<\/li>\n<li data-start=\"1380\" data-end=\"1449\">\n<p data-start=\"1382\" data-end=\"1449\">\n<\/li>\n<\/ul>\n","protected":false},"featured_media":24260,"comment_status":"open","ping_status":"closed","template":"","meta":{"inline_featured_image":false},"product_cat":[3875,201,200],"product_tag":[],"class_list":{"0":"post-24259","1":"product","2":"type-product","3":"status-publish","4":"has-post-thumbnail","6":"product_cat-coffret-francais","7":"product_cat-coffret","8":"product_cat-activites","10":"first","11":"instock","12":"shipping-taxable","13":"purchasable","14":"product-type-simple"},"_links":{"self":[{"href":"https:\/\/baralivres.ma\/index.php?rest_route=\/wp\/v2\/product\/24259","targetHints":{"allow":["GET"]}}],"collection":[{"href":"https:\/\/baralivres.ma\/index.php?rest_route=\/wp\/v2\/product"}],"about":[{"href":"https:\/\/baralivres.ma\/index.php?rest_route=\/wp\/v2\/types\/product"}],"replies":[{"embeddable":true,"href":"https:\/\/baralivres.ma\/index.php?rest_route=%2Fwp%2Fv2%2Fcomments&post=24259"}],"version-history":[{"count":1,"href":"https:\/\/baralivres.ma\/index.php?rest_route=\/wp\/v2\/product\/24259\/revisions"}],"predecessor-version":[{"id":24266,"href":"https:\/\/baralivres.ma\/index.php?rest_route=\/wp\/v2\/product\/24259\/revisions\/24266"}],"wp:featuredmedia":[{"embeddable":true,"href":"https:\/\/baralivres.ma\/index.php?rest_route=\/wp\/v2\/media\/24260"}],"wp:attachment":[{"href":"https:\/\/baralivres.ma\/index.php?rest_route=%2Fwp%2Fv2%2Fmedia&parent=24259"}],"wp:term":[{"taxonomy":"product_cat","embeddable":true,"href":"https:\/\/baralivres.ma\/index.php?rest_route=%2Fwp%2Fv2%2Fproduct_cat&post=24259"},{"taxonomy":"product_tag","embeddable":true,"href":"https:\/\/baralivres.ma\/index.php?rest_route=%2Fwp%2Fv2%2Fproduct_tag&post=24259"}],"curies":[{"name":"wp","href":"https:\/\/api.w.org\/{rel}","templated":true}]}}