{"id":24254,"date":"2025-12-15T16:59:03","date_gmt":"2025-12-15T15:59:03","guid":{"rendered":"https:\/\/baralivres.ma\/?post_type=product&#038;p=24254"},"modified":"2025-12-15T16:59:04","modified_gmt":"2025-12-15T15:59:04","slug":"scratch-art-chevaux-et-licornes","status":"publish","type":"product","link":"https:\/\/baralivres.ma\/?product=scratch-art-chevaux-et-licornes","title":{"rendered":"Scratch Art \u2013 Chevaux et Licornes"},"content":{"rendered":"<p>Un <strong data-start=\"374\" data-end=\"411\">kit cr\u00e9atif amusant et artistique<\/strong> sp\u00e9cialement con\u00e7u pour les enfants \u00e0 partir de <strong data-start=\"460\" data-end=\"469\">7 ans<\/strong>, autour des th\u00e8mes ador\u00e9s des enfants : <strong data-start=\"510\" data-end=\"533\">chevaux et licornes<\/strong>.<\/p>\n<p data-start=\"574\" data-end=\"611\">Ce coffret <strong data-start=\"585\" data-end=\"600\">Scratch Art<\/strong> contient :<\/p>\n<p data-start=\"613\" data-end=\"821\">\u2728 <strong data-start=\"615\" data-end=\"639\">8 tableaux \u00e0 gratter<\/strong> pr\u00eats \u00e0 d\u00e9corer<br data-start=\"655\" data-end=\"658\" \/>\ud83e\udeb5 <strong data-start=\"661\" data-end=\"681\">1 stylet en bois<\/strong> pour gratter la surface<br data-start=\"705\" data-end=\"708\" \/>\ud83d\udcd8 <strong data-start=\"711\" data-end=\"752\">1 livret avec mod\u00e8les et instructions<\/strong> pour guider l\u2019enfant pas \u00e0 pas<\/p>\n<p data-start=\"613\" data-end=\"821\">En grattant la surface des tableaux avec le stylet, l\u2019enfant r\u00e9v\u00e8le de <strong data-start=\"894\" data-end=\"950\">magnifiques couleurs et effets dor\u00e9s ou multicolores<\/strong>, cr\u00e9ant de belles illustrations inspir\u00e9es des chevaux et des licornes.<\/p>\n<h3 data-start=\"1066\" data-end=\"1091\">\ud83c\udfa8 <strong data-start=\"1073\" data-end=\"1091\">Points forts :<\/strong><\/h3>\n<ul data-start=\"1092\" data-end=\"1514\">\n<li data-start=\"1092\" data-end=\"1258\">\n<p data-start=\"1094\" data-end=\"1258\">Activit\u00e9 cr\u00e9ative id\u00e9ale pour d\u00e9velopper la <strong data-start=\"1138\" data-end=\"1156\">motricit\u00e9 fine<\/strong>, la <strong data-start=\"1161\" data-end=\"1175\">cr\u00e9ativit\u00e9<\/strong>, la <strong data-start=\"1180\" data-end=\"1197\">concentration<\/strong> et la <strong data-start=\"1204\" data-end=\"1217\">r\u00e9flexion<\/strong>.<\/p>\n<\/li>\n<li data-start=\"1092\" data-end=\"1258\">\n<p data-start=\"1094\" data-end=\"1258\">Th\u00e8me magique tr\u00e8s appr\u00e9ci\u00e9 des enfants.<\/p>\n<\/li>\n<li data-start=\"1092\" data-end=\"1258\">Facile et amusant \u00e0 utiliser avec les instructions incluses.<\/li>\n<\/ul>\n","protected":false},"excerpt":{"rendered":"<p>\u2728 <strong data-start=\"83\" data-end=\"117\">Scratch Art Chevaux &amp; Licornes<\/strong> : gratte, d\u00e9couvre des couleurs magiques et laisse libre cours \u00e0 ta cr\u00e9ativit\u00e9 ! \ud83c\udfa8\ud83d\udc96<\/p>\n","protected":false},"featured_media":24255,"comment_status":"open","ping_status":"closed","template":"","meta":{"inline_featured_image":false},"product_cat":[3875,201,200],"product_tag":[],"class_list":{"0":"post-24254","1":"product","2":"type-product","3":"status-publish","4":"has-post-thumbnail","6":"product_cat-coffret-francais","7":"product_cat-coffret","8":"product_cat-activites","10":"first","11":"instock","12":"shipping-taxable","13":"purchasable","14":"product-type-simple"},"_links":{"self":[{"href":"https:\/\/baralivres.ma\/index.php?rest_route=\/wp\/v2\/product\/24254","targetHints":{"allow":["GET"]}}],"collection":[{"href":"https:\/\/baralivres.ma\/index.php?rest_route=\/wp\/v2\/product"}],"about":[{"href":"https:\/\/baralivres.ma\/index.php?rest_route=\/wp\/v2\/types\/product"}],"replies":[{"embeddable":true,"href":"https:\/\/baralivres.ma\/index.php?rest_route=%2Fwp%2Fv2%2Fcomments&post=24254"}],"version-history":[{"count":1,"href":"https:\/\/baralivres.ma\/index.php?rest_route=\/wp\/v2\/product\/24254\/revisions"}],"predecessor-version":[{"id":24258,"href":"https:\/\/baralivres.ma\/index.php?rest_route=\/wp\/v2\/product\/24254\/revisions\/24258"}],"wp:featuredmedia":[{"embeddable":true,"href":"https:\/\/baralivres.ma\/index.php?rest_route=\/wp\/v2\/media\/24255"}],"wp:attachment":[{"href":"https:\/\/baralivres.ma\/index.php?rest_route=%2Fwp%2Fv2%2Fmedia&parent=24254"}],"wp:term":[{"taxonomy":"product_cat","embeddable":true,"href":"https:\/\/baralivres.ma\/index.php?rest_route=%2Fwp%2Fv2%2Fproduct_cat&post=24254"},{"taxonomy":"product_tag","embeddable":true,"href":"https:\/\/baralivres.ma\/index.php?rest_route=%2Fwp%2Fv2%2Fproduct_tag&post=24254"}],"curies":[{"name":"wp","href":"https:\/\/api.w.org\/{rel}","templated":true}]}}