{"id":24241,"date":"2025-12-15T16:31:12","date_gmt":"2025-12-15T15:31:12","guid":{"rendered":"https:\/\/baralivres.ma\/?post_type=product&#038;p=24241"},"modified":"2025-12-15T16:31:12","modified_gmt":"2025-12-15T15:31:12","slug":"animalix","status":"publish","type":"product","link":"https:\/\/baralivres.ma\/?product=animalix","title":{"rendered":"Animalix"},"content":{"rendered":"<h3 data-start=\"162\" data-end=\"183\">\ud83d\udc3e <strong data-start=\"169\" data-end=\"181\">Animalix<\/strong><\/h3>\n<p data-start=\"184\" data-end=\"483\">Un livre ludique et \u00e9ducatif qui invite les enfants \u00e0 d\u00e9couvrir le monde des animaux de mani\u00e8re amusante et interactive. Gr\u00e2ce \u00e0 des illustrations color\u00e9es et un contenu adapt\u00e9 aux plus petits, <strong data-start=\"378\" data-end=\"390\">Animalix<\/strong> stimule la curiosit\u00e9, enrichit le vocabulaire et favorise l\u2019apprentissage tout en s\u2019amusant.<\/p>\n<p data-start=\"485\" data-end=\"514\">\u2728 <strong data-start=\"487\" data-end=\"512\">Pourquoi on l\u2019adore ?<\/strong><\/p>\n<ul data-start=\"515\" data-end=\"690\">\n<li data-start=\"515\" data-end=\"556\">\n<p data-start=\"517\" data-end=\"556\">Illustrations attractives et modernes<\/p>\n<\/li>\n<li data-start=\"557\" data-end=\"614\">\n<p data-start=\"559\" data-end=\"614\">D\u00e9couverte des animaux de fa\u00e7on simple et p\u00e9dagogique<\/p>\n<\/li>\n<li data-start=\"615\" data-end=\"656\">\n<p data-start=\"617\" data-end=\"656\">D\u00e9veloppe l\u2019observation et le langage<\/p>\n<\/li>\n<li data-start=\"657\" data-end=\"690\">\n<p data-start=\"659\" data-end=\"690\">Id\u00e9al pour les jeunes enfants<\/p>\n<\/li>\n<\/ul>\n<p data-start=\"692\" data-end=\"764\">\ud83d\udcda <strong data-start=\"695\" data-end=\"764\">Un incontournable pour \u00e9veiller les petits amoureux des animaux !<\/strong><\/p>\n","protected":false},"excerpt":{"rendered":"<p><strong data-start=\"63\" data-end=\"75\">Animalix<\/strong> est un livre ludique et \u00e9ducatif qui permet aux enfants de d\u00e9couvrir les animaux \u00e0 travers de jolies illustrations, tout en d\u00e9veloppant leur vocabulaire et leur curiosit\u00e9. \ud83d\udc3e<\/p>\n","protected":false},"featured_media":24242,"comment_status":"open","ping_status":"closed","template":"","meta":{"inline_featured_image":false},"product_cat":[3875,201,200],"product_tag":[],"class_list":{"0":"post-24241","1":"product","2":"type-product","3":"status-publish","4":"has-post-thumbnail","6":"product_cat-coffret-francais","7":"product_cat-coffret","8":"product_cat-activites","10":"first","11":"instock","12":"shipping-taxable","13":"purchasable","14":"product-type-simple"},"_links":{"self":[{"href":"https:\/\/baralivres.ma\/index.php?rest_route=\/wp\/v2\/product\/24241","targetHints":{"allow":["GET"]}}],"collection":[{"href":"https:\/\/baralivres.ma\/index.php?rest_route=\/wp\/v2\/product"}],"about":[{"href":"https:\/\/baralivres.ma\/index.php?rest_route=\/wp\/v2\/types\/product"}],"replies":[{"embeddable":true,"href":"https:\/\/baralivres.ma\/index.php?rest_route=%2Fwp%2Fv2%2Fcomments&post=24241"}],"version-history":[{"count":1,"href":"https:\/\/baralivres.ma\/index.php?rest_route=\/wp\/v2\/product\/24241\/revisions"}],"predecessor-version":[{"id":24245,"href":"https:\/\/baralivres.ma\/index.php?rest_route=\/wp\/v2\/product\/24241\/revisions\/24245"}],"wp:featuredmedia":[{"embeddable":true,"href":"https:\/\/baralivres.ma\/index.php?rest_route=\/wp\/v2\/media\/24242"}],"wp:attachment":[{"href":"https:\/\/baralivres.ma\/index.php?rest_route=%2Fwp%2Fv2%2Fmedia&parent=24241"}],"wp:term":[{"taxonomy":"product_cat","embeddable":true,"href":"https:\/\/baralivres.ma\/index.php?rest_route=%2Fwp%2Fv2%2Fproduct_cat&post=24241"},{"taxonomy":"product_tag","embeddable":true,"href":"https:\/\/baralivres.ma\/index.php?rest_route=%2Fwp%2Fv2%2Fproduct_tag&post=24241"}],"curies":[{"name":"wp","href":"https:\/\/api.w.org\/{rel}","templated":true}]}}