{"id":24230,"date":"2025-12-13T12:23:40","date_gmt":"2025-12-13T11:23:40","guid":{"rendered":"https:\/\/baralivres.ma\/?post_type=product&#038;p=24230"},"modified":"2025-12-13T12:23:40","modified_gmt":"2025-12-13T11:23:40","slug":"whats-the-plouf","status":"publish","type":"product","link":"https:\/\/baralivres.ma\/?product=whats-the-plouf","title":{"rendered":"WHAT\u2019S THE PLOUF ?"},"content":{"rendered":"<p><strong data-start=\"35\" data-end=\"57\">WHAT\u2019S THE PLOUF ?<\/strong>\u00a0 est un <strong data-start=\"87\" data-end=\"116\">jeu de soci\u00e9t\u00e9 d\u2019ambiance<\/strong> pour <strong data-start=\"122\" data-end=\"157\" data-is-only-node=\"\">2 \u00e0 6 joueurs \u00e0 partir de 7 ans<\/strong>. Les joueurs doivent <strong data-start=\"179\" data-end=\"221\">deviner le mot manquant d\u2019une question<\/strong> \u00e0 partir de sa r\u00e9ponse et taper sur la tuile correspondante le plus vite possible. Rapide et amusant, ce jeu d\u00e9veloppe la <strong data-start=\"344\" data-end=\"393\">r\u00e9flexion, la culture g\u00e9n\u00e9rale et la rapidit\u00e9<\/strong>.<br data-start=\"394\" data-end=\"397\" \/><strong data-start=\"397\" data-end=\"408\">Contenu<\/strong> : cartes questions\/r\u00e9ponses, tuiles onomatop\u00e9es et r\u00e8gle du jeu.<\/p>\n","protected":false},"excerpt":{"rendered":"<p>Ce jeu stimule la <strong data-start=\"1507\" data-end=\"1527\">culture g\u00e9n\u00e9rale<\/strong>, la <strong data-start=\"1532\" data-end=\"1545\">r\u00e9flexion<\/strong>, la <strong data-start=\"1550\" data-end=\"1576\">rapidit\u00e9 de perception<\/strong> et favorise les \u00e9changes amusants entre joueurs.<\/p>\n","protected":false},"featured_media":24231,"comment_status":"open","ping_status":"closed","template":"","meta":{"inline_featured_image":false},"product_cat":[3875,201,200],"product_tag":[],"class_list":{"0":"post-24230","1":"product","2":"type-product","3":"status-publish","4":"has-post-thumbnail","6":"product_cat-coffret-francais","7":"product_cat-coffret","8":"product_cat-activites","10":"first","11":"instock","12":"shipping-taxable","13":"purchasable","14":"product-type-simple"},"_links":{"self":[{"href":"https:\/\/baralivres.ma\/index.php?rest_route=\/wp\/v2\/product\/24230","targetHints":{"allow":["GET"]}}],"collection":[{"href":"https:\/\/baralivres.ma\/index.php?rest_route=\/wp\/v2\/product"}],"about":[{"href":"https:\/\/baralivres.ma\/index.php?rest_route=\/wp\/v2\/types\/product"}],"replies":[{"embeddable":true,"href":"https:\/\/baralivres.ma\/index.php?rest_route=%2Fwp%2Fv2%2Fcomments&post=24230"}],"version-history":[{"count":1,"href":"https:\/\/baralivres.ma\/index.php?rest_route=\/wp\/v2\/product\/24230\/revisions"}],"predecessor-version":[{"id":24235,"href":"https:\/\/baralivres.ma\/index.php?rest_route=\/wp\/v2\/product\/24230\/revisions\/24235"}],"wp:featuredmedia":[{"embeddable":true,"href":"https:\/\/baralivres.ma\/index.php?rest_route=\/wp\/v2\/media\/24231"}],"wp:attachment":[{"href":"https:\/\/baralivres.ma\/index.php?rest_route=%2Fwp%2Fv2%2Fmedia&parent=24230"}],"wp:term":[{"taxonomy":"product_cat","embeddable":true,"href":"https:\/\/baralivres.ma\/index.php?rest_route=%2Fwp%2Fv2%2Fproduct_cat&post=24230"},{"taxonomy":"product_tag","embeddable":true,"href":"https:\/\/baralivres.ma\/index.php?rest_route=%2Fwp%2Fv2%2Fproduct_tag&post=24230"}],"curies":[{"name":"wp","href":"https:\/\/api.w.org\/{rel}","templated":true}]}}