{"id":24221,"date":"2025-12-13T12:14:35","date_gmt":"2025-12-13T11:14:35","guid":{"rendered":"https:\/\/baralivres.ma\/?post_type=product&#038;p=24221"},"modified":"2025-12-13T12:14:36","modified_gmt":"2025-12-13T11:14:36","slug":"tableaux-dores-peinture-aquarelle-danseuses","status":"publish","type":"product","link":"https:\/\/baralivres.ma\/?product=tableaux-dores-peinture-aquarelle-danseuses","title":{"rendered":"Tableaux dor\u00e9s \u2013 Peinture Aquarelle Danseuses"},"content":{"rendered":"<h3 data-start=\"121\" data-end=\"176\">\u2728 Tableaux dor\u00e9s \u2013 Peinture Aquarelle Danseuses \u2728<\/h3>\n<p data-start=\"178\" data-end=\"417\">Offrez \u00e0 votre enfant une exp\u00e9rience artistique magique avec ce <strong data-start=\"242\" data-end=\"263\">kit cr\u00e9atif Janod<\/strong>. Peindre de magnifiques <strong data-start=\"288\" data-end=\"314\">danseuses en aquarelle<\/strong> devient un jeu gr\u00e2ce aux <strong data-start=\"340\" data-end=\"357\">lignes dor\u00e9es<\/strong> qui guident le pinceau et ajoutent une touche d\u2019\u00e9l\u00e9gance.<\/p>\n<p data-start=\"419\" data-end=\"633\">Le coffret contient <strong data-start=\"439\" data-end=\"453\">4 tableaux<\/strong>, <strong data-start=\"455\" data-end=\"480\">15 couleurs aquarelle<\/strong>, un <strong data-start=\"485\" data-end=\"514\">pinceau \u00e0 r\u00e9servoir d\u2019eau<\/strong> et un <strong data-start=\"521\" data-end=\"546\">livret d\u2019instructions<\/strong>. Une fois termin\u00e9s, les tableaux se transforment en <strong data-start=\"599\" data-end=\"629\">superbes cadres d\u00e9coratifs<\/strong> !<\/p>\n","protected":false},"excerpt":{"rendered":"<p>\ud83d\udc9b <strong data-start=\"701\" data-end=\"744\">Danseuses en aquarelle + touches dor\u00e9es<\/strong><br data-start=\"744\" data-end=\"747\" \/>Offrez \u00e0 votre enfant un <strong data-start=\"772\" data-end=\"809\">moment cr\u00e9atif \u00e9l\u00e9gant et magique<\/strong> !<br data-start=\"811\" data-end=\"814\" \/>\ud83c\udfa8 Kit complet, pr\u00eat \u00e0 peindre et \u00e0 exposer.<\/p>\n","protected":false},"featured_media":24222,"comment_status":"open","ping_status":"closed","template":"","meta":{"inline_featured_image":false},"product_cat":[3875,201,200],"product_tag":[],"class_list":{"0":"post-24221","1":"product","2":"type-product","3":"status-publish","4":"has-post-thumbnail","6":"product_cat-coffret-francais","7":"product_cat-coffret","8":"product_cat-activites","10":"first","11":"instock","12":"shipping-taxable","13":"purchasable","14":"product-type-simple"},"_links":{"self":[{"href":"https:\/\/baralivres.ma\/index.php?rest_route=\/wp\/v2\/product\/24221","targetHints":{"allow":["GET"]}}],"collection":[{"href":"https:\/\/baralivres.ma\/index.php?rest_route=\/wp\/v2\/product"}],"about":[{"href":"https:\/\/baralivres.ma\/index.php?rest_route=\/wp\/v2\/types\/product"}],"replies":[{"embeddable":true,"href":"https:\/\/baralivres.ma\/index.php?rest_route=%2Fwp%2Fv2%2Fcomments&post=24221"}],"version-history":[{"count":1,"href":"https:\/\/baralivres.ma\/index.php?rest_route=\/wp\/v2\/product\/24221\/revisions"}],"predecessor-version":[{"id":24229,"href":"https:\/\/baralivres.ma\/index.php?rest_route=\/wp\/v2\/product\/24221\/revisions\/24229"}],"wp:featuredmedia":[{"embeddable":true,"href":"https:\/\/baralivres.ma\/index.php?rest_route=\/wp\/v2\/media\/24222"}],"wp:attachment":[{"href":"https:\/\/baralivres.ma\/index.php?rest_route=%2Fwp%2Fv2%2Fmedia&parent=24221"}],"wp:term":[{"taxonomy":"product_cat","embeddable":true,"href":"https:\/\/baralivres.ma\/index.php?rest_route=%2Fwp%2Fv2%2Fproduct_cat&post=24221"},{"taxonomy":"product_tag","embeddable":true,"href":"https:\/\/baralivres.ma\/index.php?rest_route=%2Fwp%2Fv2%2Fproduct_tag&post=24221"}],"curies":[{"name":"wp","href":"https:\/\/api.w.org\/{rel}","templated":true}]}}