{"id":24208,"date":"2025-12-13T11:43:32","date_gmt":"2025-12-13T10:43:32","guid":{"rendered":"https:\/\/baralivres.ma\/?post_type=product&#038;p=24208"},"modified":"2025-12-13T11:43:33","modified_gmt":"2025-12-13T10:43:33","slug":"peinture-magique-foret","status":"publish","type":"product","link":"https:\/\/baralivres.ma\/?product=peinture-magique-foret","title":{"rendered":"Peinture Magique For\u00eat"},"content":{"rendered":"<p>\ud83c\udfa8 <strong data-start=\"164\" data-end=\"198\">Peinture Magique For\u00eat \u2013 Janod<\/strong><br data-start=\"198\" data-end=\"201\" \/>Offrez \u00e0 vos enfants une activit\u00e9 cr\u00e9ative magique\u202f! Avec ce coffret, il suffit de mouiller les zones noires avec le pinceau \u00e0 eau pour que <strong data-start=\"341\" data-end=\"386\">les couleurs apparaissent comme par magie<\/strong>.<br data-start=\"387\" data-end=\"390\" \/>\ud83c\udf32 Contient 6 tableaux sur le th\u00e8me de la for\u00eat, un pinceau sp\u00e9cial et un livret explicatif.<br data-start=\"482\" data-end=\"485\" \/>\ud83d\udd8c\ufe0f <strong data-start=\"489\" data-end=\"520\">Propre, ludique et \u00e9ducatif<\/strong>\u202f: d\u00e9veloppe la motricit\u00e9, la concentration et la cr\u00e9ativit\u00e9.<\/p>\n","protected":false},"excerpt":{"rendered":"<p>\ud83c\udf81 <strong data-start=\"1592\" data-end=\"1614\">Id\u00e9al comme cadeau<\/strong> pour les anniversaires, les loisirs cr\u00e9atifs ou simplement pour stimuler l\u2019imagination des enfants dans un univers artistique et ludique<\/p>\n","protected":false},"featured_media":24209,"comment_status":"open","ping_status":"closed","template":"","meta":{"inline_featured_image":false},"product_cat":[3875,201,200],"product_tag":[],"class_list":{"0":"post-24208","1":"product","2":"type-product","3":"status-publish","4":"has-post-thumbnail","6":"product_cat-coffret-francais","7":"product_cat-coffret","8":"product_cat-activites","10":"first","11":"instock","12":"shipping-taxable","13":"purchasable","14":"product-type-simple"},"_links":{"self":[{"href":"https:\/\/baralivres.ma\/index.php?rest_route=\/wp\/v2\/product\/24208","targetHints":{"allow":["GET"]}}],"collection":[{"href":"https:\/\/baralivres.ma\/index.php?rest_route=\/wp\/v2\/product"}],"about":[{"href":"https:\/\/baralivres.ma\/index.php?rest_route=\/wp\/v2\/types\/product"}],"replies":[{"embeddable":true,"href":"https:\/\/baralivres.ma\/index.php?rest_route=%2Fwp%2Fv2%2Fcomments&post=24208"}],"version-history":[{"count":1,"href":"https:\/\/baralivres.ma\/index.php?rest_route=\/wp\/v2\/product\/24208\/revisions"}],"predecessor-version":[{"id":24214,"href":"https:\/\/baralivres.ma\/index.php?rest_route=\/wp\/v2\/product\/24208\/revisions\/24214"}],"wp:featuredmedia":[{"embeddable":true,"href":"https:\/\/baralivres.ma\/index.php?rest_route=\/wp\/v2\/media\/24209"}],"wp:attachment":[{"href":"https:\/\/baralivres.ma\/index.php?rest_route=%2Fwp%2Fv2%2Fmedia&parent=24208"}],"wp:term":[{"taxonomy":"product_cat","embeddable":true,"href":"https:\/\/baralivres.ma\/index.php?rest_route=%2Fwp%2Fv2%2Fproduct_cat&post=24208"},{"taxonomy":"product_tag","embeddable":true,"href":"https:\/\/baralivres.ma\/index.php?rest_route=%2Fwp%2Fv2%2Fproduct_tag&post=24208"}],"curies":[{"name":"wp","href":"https:\/\/api.w.org\/{rel}","templated":true}]}}