{"id":24193,"date":"2025-12-13T11:26:47","date_gmt":"2025-12-13T10:26:47","guid":{"rendered":"https:\/\/baralivres.ma\/?post_type=product&#038;p=24193"},"modified":"2025-12-13T11:26:47","modified_gmt":"2025-12-13T10:26:47","slug":"peinture-magique-dinosaures","status":"publish","type":"product","link":"https:\/\/baralivres.ma\/?product=peinture-magique-dinosaures","title":{"rendered":"Peinture Magique Dinosaures"},"content":{"rendered":"<h3 data-start=\"103\" data-end=\"137\">\ud83e\udd96 Peinture Magique Dinosaures<\/h3>\n<p data-start=\"139\" data-end=\"388\">Une activit\u00e9 cr\u00e9ative ludique et propre pour les enfants ! Gr\u00e2ce au pinceau \u00e0 r\u00e9servoir d\u2019eau, les couleurs apparaissent <strong data-start=\"260\" data-end=\"279\">comme par magie<\/strong> au contact de l\u2019eau. Les enfants s\u2019amusent \u00e0 peindre de superbes dinosaures <strong data-start=\"356\" data-end=\"387\">sans peinture ni salissures<\/strong>.<\/p>\n<p data-start=\"390\" data-end=\"526\">\u2714\ufe0f D\u00e9veloppe la cr\u00e9ativit\u00e9 et la motricit\u00e9 fine<br data-start=\"437\" data-end=\"440\" \/>\u2714\ufe0f Activit\u00e9 calme et \u00e9ducative<br data-start=\"470\" data-end=\"473\" \/>\u2714\ufe0f R\u00e9sultat magique et color\u00e9<br data-start=\"502\" data-end=\"505\" \/>\u2714\ufe0f Id\u00e9al comme cadeau<\/p>\n","protected":false},"excerpt":{"rendered":"<div class=\"flex flex-col text-sm @w-xl\/main:pt-header-height pb-25\">\n<article class=\"text-token-text-primary w-full focus:outline-none [--shadow-height:45px] has-data-writing-block:pointer-events-none has-data-writing-block:-mt-(--shadow-height) has-data-writing-block:pt-(--shadow-height) [&amp;:has([data-writing-block])&gt;*]:pointer-events-auto scroll-mt-[calc(var(--header-height)+min(200px,max(70px,20svh)))]\" dir=\"auto\" tabindex=\"-1\" data-turn-id=\"request-WEB:2f8c7544-9e58-4f14-bae3-e085dba65ea5-2\" data-testid=\"conversation-turn-6\" data-scroll-anchor=\"true\" data-turn=\"assistant\">\n<div class=\"text-base my-auto mx-auto pb-10 [--thread-content-margin:--spacing(4)] @w-sm\/main:[--thread-content-margin:--spacing(6)] @w-lg\/main:[--thread-content-margin:--spacing(16)] px-(--thread-content-margin)\">\n<div class=\"[--thread-content-max-width:40rem] @w-lg\/main:[--thread-content-max-width:48rem] mx-auto max-w-(--thread-content-max-width) flex-1 group\/turn-messages focus-visible:outline-hidden relative flex w-full min-w-0 flex-col agent-turn\" tabindex=\"-1\">\n<div class=\"flex max-w-full flex-col grow\">\n<div class=\"min-h-8 text-message relative flex w-full flex-col items-end gap-2 text-start break-words whitespace-normal [.text-message+&amp;]:mt-1\" dir=\"auto\" data-message-author-role=\"assistant\" data-message-id=\"c5fec6e9-d5d9-4946-883d-e4e297ea0b0c\" data-message-model-slug=\"gpt-5-2\">\n<div class=\"flex w-full flex-col gap-1 empty:hidden first:pt-[1px]\">\n<div class=\"markdown prose dark:prose-invert w-full break-words light markdown-new-styling\">\n<p data-start=\"0\" data-end=\"203\" data-is-last-node=\"\" data-is-only-node=\"\">Id\u00e9e cadeau parfaite pour les petits fans de dinosaures \ud83e\udd96\ud83c\udf81<\/p>\n<\/div>\n<\/div>\n<\/div>\n<\/div>\n<div class=\"z-0 flex min-h-[46px] justify-start\"><\/div>\n<div class=\"mt-3 w-full empty:hidden\">\n<div class=\"text-center\"><\/div>\n<\/div>\n<\/div>\n<\/div>\n<\/article>\n<\/div>\n<div class=\"pointer-events-none h-px w-px absolute bottom-0\" aria-hidden=\"true\" data-edge=\"true\"><\/div>\n","protected":false},"featured_media":24194,"comment_status":"open","ping_status":"closed","template":"","meta":{"inline_featured_image":false},"product_cat":[3875,201,200],"product_tag":[],"class_list":{"0":"post-24193","1":"product","2":"type-product","3":"status-publish","4":"has-post-thumbnail","6":"product_cat-coffret-francais","7":"product_cat-coffret","8":"product_cat-activites","10":"first","11":"instock","12":"shipping-taxable","13":"purchasable","14":"product-type-simple"},"_links":{"self":[{"href":"https:\/\/baralivres.ma\/index.php?rest_route=\/wp\/v2\/product\/24193","targetHints":{"allow":["GET"]}}],"collection":[{"href":"https:\/\/baralivres.ma\/index.php?rest_route=\/wp\/v2\/product"}],"about":[{"href":"https:\/\/baralivres.ma\/index.php?rest_route=\/wp\/v2\/types\/product"}],"replies":[{"embeddable":true,"href":"https:\/\/baralivres.ma\/index.php?rest_route=%2Fwp%2Fv2%2Fcomments&post=24193"}],"version-history":[{"count":1,"href":"https:\/\/baralivres.ma\/index.php?rest_route=\/wp\/v2\/product\/24193\/revisions"}],"predecessor-version":[{"id":24200,"href":"https:\/\/baralivres.ma\/index.php?rest_route=\/wp\/v2\/product\/24193\/revisions\/24200"}],"wp:featuredmedia":[{"embeddable":true,"href":"https:\/\/baralivres.ma\/index.php?rest_route=\/wp\/v2\/media\/24194"}],"wp:attachment":[{"href":"https:\/\/baralivres.ma\/index.php?rest_route=%2Fwp%2Fv2%2Fmedia&parent=24193"}],"wp:term":[{"taxonomy":"product_cat","embeddable":true,"href":"https:\/\/baralivres.ma\/index.php?rest_route=%2Fwp%2Fv2%2Fproduct_cat&post=24193"},{"taxonomy":"product_tag","embeddable":true,"href":"https:\/\/baralivres.ma\/index.php?rest_route=%2Fwp%2Fv2%2Fproduct_tag&post=24193"}],"curies":[{"name":"wp","href":"https:\/\/api.w.org\/{rel}","templated":true}]}}