{"id":24188,"date":"2025-12-02T10:58:55","date_gmt":"2025-12-02T09:58:55","guid":{"rendered":"https:\/\/baralivres.ma\/?post_type=product&#038;p=24188"},"modified":"2025-12-02T10:58:56","modified_gmt":"2025-12-02T09:58:56","slug":"journal-dun-degonfle-t05","status":"publish","type":"product","link":"https:\/\/baralivres.ma\/?product=journal-dun-degonfle-t05","title":{"rendered":"Journal d&rsquo;un d\u00e9gonfl\u00e9 T05"},"content":{"rendered":"<h3 data-start=\"103\" data-end=\"166\">\ud83d\udcd8 Journal d\u2019un d\u00e9gonfl\u00e9 \u2013 Tome 5 : La V\u00e9rit\u00e9 toute moche<\/h3>\n<p data-start=\"168\" data-end=\"365\">Greg Heffley revient avec ses <strong data-start=\"198\" data-end=\"222\">aventures hilarantes<\/strong> ! Entre <strong data-start=\"231\" data-end=\"289\">pubert\u00e9, amiti\u00e9s en p\u00e9ril et situations embarrassantes<\/strong>, il nous fait rire tout en affrontant les petits tracas de l\u2019adolescence.<\/p>\n<p data-start=\"367\" data-end=\"523\"><strong data-start=\"367\" data-end=\"408\">Humour garanti, texte + illustrations<\/strong> pour une lecture facile et captivante. Un incontournable pour tous les fans de la s\u00e9rie et les jeunes lecteurs !<\/p>\n","protected":false},"excerpt":{"rendered":"<p>Il aborde \u2014 avec humour \u2014 un passage d\u00e9licat de la vie d\u2019un enfant : la pubert\u00e9, les complexes li\u00e9s au corps, la pression sociale, l\u2019amiti\u00e9 en mutation.<\/p>\n","protected":false},"featured_media":24189,"comment_status":"open","ping_status":"closed","template":"","meta":{"inline_featured_image":false},"product_cat":[4101,4099,206],"product_tag":[],"class_list":{"0":"post-24188","1":"product","2":"type-product","3":"status-publish","4":"has-post-thumbnail","6":"product_cat-francais-journal_dun_degonfle","7":"product_cat-journal_dun_degonfle","8":"product_cat-enfant-adolescente-francais-enfant-adolescente","9":"pa_auteurs-jeff-kinney","11":"first","12":"instock","13":"shipping-taxable","14":"purchasable","15":"product-type-simple"},"_links":{"self":[{"href":"https:\/\/baralivres.ma\/index.php?rest_route=\/wp\/v2\/product\/24188","targetHints":{"allow":["GET"]}}],"collection":[{"href":"https:\/\/baralivres.ma\/index.php?rest_route=\/wp\/v2\/product"}],"about":[{"href":"https:\/\/baralivres.ma\/index.php?rest_route=\/wp\/v2\/types\/product"}],"replies":[{"embeddable":true,"href":"https:\/\/baralivres.ma\/index.php?rest_route=%2Fwp%2Fv2%2Fcomments&post=24188"}],"version-history":[{"count":1,"href":"https:\/\/baralivres.ma\/index.php?rest_route=\/wp\/v2\/product\/24188\/revisions"}],"predecessor-version":[{"id":24191,"href":"https:\/\/baralivres.ma\/index.php?rest_route=\/wp\/v2\/product\/24188\/revisions\/24191"}],"wp:featuredmedia":[{"embeddable":true,"href":"https:\/\/baralivres.ma\/index.php?rest_route=\/wp\/v2\/media\/24189"}],"wp:attachment":[{"href":"https:\/\/baralivres.ma\/index.php?rest_route=%2Fwp%2Fv2%2Fmedia&parent=24188"}],"wp:term":[{"taxonomy":"product_cat","embeddable":true,"href":"https:\/\/baralivres.ma\/index.php?rest_route=%2Fwp%2Fv2%2Fproduct_cat&post=24188"},{"taxonomy":"product_tag","embeddable":true,"href":"https:\/\/baralivres.ma\/index.php?rest_route=%2Fwp%2Fv2%2Fproduct_tag&post=24188"}],"curies":[{"name":"wp","href":"https:\/\/api.w.org\/{rel}","templated":true}]}}