{"id":24184,"date":"2025-12-02T10:50:45","date_gmt":"2025-12-02T09:50:45","guid":{"rendered":"https:\/\/baralivres.ma\/?post_type=product&#038;p=24184"},"modified":"2025-12-02T10:50:46","modified_gmt":"2025-12-02T09:50:46","slug":"journal-dun-degonfle-t04","status":"publish","type":"product","link":"https:\/\/baralivres.ma\/?product=journal-dun-degonfle-t04","title":{"rendered":"Journal d\u2019un d\u00e9gonfl\u00e9 T04"},"content":{"rendered":"<p><strong data-start=\"80\" data-end=\"140\">Journal d\u2019un d\u00e9gonfl\u00e9 T04\u202f: \u00c7a fait suer ! \u2013 Jeff Kinney<\/strong><br data-start=\"140\" data-end=\"143\" \/>Cet \u00e9t\u00e9, Greg Heffley r\u00eavait de rester tranquille \u00e0 la maison, mais sa m\u00e8re a d\u2019autres projets : sorties, piscine et activit\u00e9s en famille. Entre catastrophes, quiproquos et moments embarrassants, Greg nous raconte ses vacances avec humour et autod\u00e9rision. Un tome dr\u00f4le et attachant de la c\u00e9l\u00e8bre s\u00e9rie <em data-start=\"446\" data-end=\"469\">Journal d\u2019un d\u00e9gonfl\u00e9<\/em>, parfait pour les enfants \u00e0 partir de 9 ans.<\/p>\n","protected":false},"excerpt":{"rendered":"<p>\ud83c\udf1e\ud83d\udcda Greg en vacances\u2026 ou plut\u00f4t en catastrophe ! \ud83d\ude05<\/p>\n","protected":false},"featured_media":24185,"comment_status":"open","ping_status":"closed","template":"","meta":{"inline_featured_image":false},"product_cat":[4101,4099,206],"product_tag":[],"class_list":{"0":"post-24184","1":"product","2":"type-product","3":"status-publish","4":"has-post-thumbnail","6":"product_cat-francais-journal_dun_degonfle","7":"product_cat-journal_dun_degonfle","8":"product_cat-enfant-adolescente-francais-enfant-adolescente","9":"pa_auteurs-jeff-kinney","11":"first","12":"instock","13":"shipping-taxable","14":"purchasable","15":"product-type-simple"},"_links":{"self":[{"href":"https:\/\/baralivres.ma\/index.php?rest_route=\/wp\/v2\/product\/24184","targetHints":{"allow":["GET"]}}],"collection":[{"href":"https:\/\/baralivres.ma\/index.php?rest_route=\/wp\/v2\/product"}],"about":[{"href":"https:\/\/baralivres.ma\/index.php?rest_route=\/wp\/v2\/types\/product"}],"replies":[{"embeddable":true,"href":"https:\/\/baralivres.ma\/index.php?rest_route=%2Fwp%2Fv2%2Fcomments&post=24184"}],"version-history":[{"count":1,"href":"https:\/\/baralivres.ma\/index.php?rest_route=\/wp\/v2\/product\/24184\/revisions"}],"predecessor-version":[{"id":24187,"href":"https:\/\/baralivres.ma\/index.php?rest_route=\/wp\/v2\/product\/24184\/revisions\/24187"}],"wp:featuredmedia":[{"embeddable":true,"href":"https:\/\/baralivres.ma\/index.php?rest_route=\/wp\/v2\/media\/24185"}],"wp:attachment":[{"href":"https:\/\/baralivres.ma\/index.php?rest_route=%2Fwp%2Fv2%2Fmedia&parent=24184"}],"wp:term":[{"taxonomy":"product_cat","embeddable":true,"href":"https:\/\/baralivres.ma\/index.php?rest_route=%2Fwp%2Fv2%2Fproduct_cat&post=24184"},{"taxonomy":"product_tag","embeddable":true,"href":"https:\/\/baralivres.ma\/index.php?rest_route=%2Fwp%2Fv2%2Fproduct_tag&post=24184"}],"curies":[{"name":"wp","href":"https:\/\/api.w.org\/{rel}","templated":true}]}}