{"id":24172,"date":"2025-12-02T10:24:52","date_gmt":"2025-12-02T09:24:52","guid":{"rendered":"https:\/\/baralivres.ma\/?post_type=product&#038;p=24172"},"modified":"2025-12-02T10:26:12","modified_gmt":"2025-12-02T09:26:12","slug":"journal-dun-degonfle-t02","status":"publish","type":"product","link":"https:\/\/baralivres.ma\/?product=journal-dun-degonfle-t02","title":{"rendered":"Journal d&rsquo;un d\u00e9gonfl\u00e9 T02"},"content":{"rendered":"<p data-start=\"117\" data-end=\"177\">Dans ce deuxi\u00e8me tome, Greg Heffley revient pour nous raconter ses nouvelles gal\u00e8res !<br data-start=\"681\" data-end=\"684\" \/>Apr\u00e8s des vacances d\u2019\u00e9t\u00e9 mouvement\u00e9es, Greg tente d\u00e9sesp\u00e9r\u00e9ment d\u2019emp\u00eacher son grand fr\u00e8re Rodrick de d\u00e9voiler un secret tr\u00e8s g\u00eanant. Mais Rodrick est bien d\u00e9cid\u00e9 \u00e0 en profiter pour lui mener la vie dure !<br data-start=\"893\" data-end=\"896\" \/>Entre disputes, pi\u00e8ges et situations hilarantes, Greg va devoir faire face \u00e0 son pire ennemi\u2026 celui qui vit dans sa propre maison !<\/p>\n","protected":false},"excerpt":{"rendered":"<p>Un roman dr\u00f4le, l\u00e9ger et parfait pour encourager les enfants \u00e0 lire.<br data-start=\"581\" data-end=\"584\" \/>Id\u00e9al d\u00e8s 8 ans.<\/p>\n","protected":false},"featured_media":24173,"comment_status":"open","ping_status":"closed","template":"","meta":{"inline_featured_image":false},"product_cat":[4101,4099,206],"product_tag":[],"class_list":{"0":"post-24172","1":"product","2":"type-product","3":"status-publish","4":"has-post-thumbnail","6":"product_cat-francais-journal_dun_degonfle","7":"product_cat-journal_dun_degonfle","8":"product_cat-enfant-adolescente-francais-enfant-adolescente","9":"pa_auteurs-jeff-kinney","11":"first","12":"instock","13":"shipping-taxable","14":"purchasable","15":"product-type-simple"},"_links":{"self":[{"href":"https:\/\/baralivres.ma\/index.php?rest_route=\/wp\/v2\/product\/24172","targetHints":{"allow":["GET"]}}],"collection":[{"href":"https:\/\/baralivres.ma\/index.php?rest_route=\/wp\/v2\/product"}],"about":[{"href":"https:\/\/baralivres.ma\/index.php?rest_route=\/wp\/v2\/types\/product"}],"replies":[{"embeddable":true,"href":"https:\/\/baralivres.ma\/index.php?rest_route=%2Fwp%2Fv2%2Fcomments&post=24172"}],"version-history":[{"count":3,"href":"https:\/\/baralivres.ma\/index.php?rest_route=\/wp\/v2\/product\/24172\/revisions"}],"predecessor-version":[{"id":24178,"href":"https:\/\/baralivres.ma\/index.php?rest_route=\/wp\/v2\/product\/24172\/revisions\/24178"}],"wp:featuredmedia":[{"embeddable":true,"href":"https:\/\/baralivres.ma\/index.php?rest_route=\/wp\/v2\/media\/24173"}],"wp:attachment":[{"href":"https:\/\/baralivres.ma\/index.php?rest_route=%2Fwp%2Fv2%2Fmedia&parent=24172"}],"wp:term":[{"taxonomy":"product_cat","embeddable":true,"href":"https:\/\/baralivres.ma\/index.php?rest_route=%2Fwp%2Fv2%2Fproduct_cat&post=24172"},{"taxonomy":"product_tag","embeddable":true,"href":"https:\/\/baralivres.ma\/index.php?rest_route=%2Fwp%2Fv2%2Fproduct_tag&post=24172"}],"curies":[{"name":"wp","href":"https:\/\/api.w.org\/{rel}","templated":true}]}}