{"id":24159,"date":"2025-11-27T17:01:12","date_gmt":"2025-11-27T16:01:12","guid":{"rendered":"https:\/\/baralivres.ma\/?post_type=product&#038;p=24159"},"modified":"2025-11-27T17:01:12","modified_gmt":"2025-11-27T16:01:12","slug":"agenda-lumiere-2026","status":"publish","type":"product","link":"https:\/\/baralivres.ma\/?product=agenda-lumiere-2026","title":{"rendered":"Agenda Lumi\u00e8re 2026"},"content":{"rendered":"<p>\u2728 <strong data-start=\"43\" data-end=\"81\">Agenda Lumi\u00e8re 2026 \u2013 Paulo Coelho<\/strong><br data-start=\"81\" data-end=\"84\" data-is-only-node=\"\" \/>Un agenda \u00e9l\u00e9gant et inspirant pour organiser votre ann\u00e9e 2026. Illustr\u00e9 par Catalina Estrada, il regroupe de magnifiques dessins et des citations de Paulo Coelho pour accompagner chaque semaine d\u2019un message de sagesse. Un bel outil pour planifier son quotidien tout en nourrissant son esprit.<\/p>\n","protected":false},"excerpt":{"rendered":"<p><em data-start=\"191\" data-end=\"212\">Agenda Lumi\u00e8re 2026<\/em> est un agenda annuel pour l\u2019ann\u00e9e 2026<\/p>\n","protected":false},"featured_media":24160,"comment_status":"open","ping_status":"closed","template":"","meta":{"inline_featured_image":false},"product_cat":[4473],"product_tag":[],"class_list":{"0":"post-24159","1":"product","2":"type-product","3":"status-publish","4":"has-post-thumbnail","6":"product_cat-les-agendas","7":"pa_auteurs-paulo-coelho","9":"first","10":"instock","11":"shipping-taxable","12":"purchasable","13":"product-type-simple"},"_links":{"self":[{"href":"https:\/\/baralivres.ma\/index.php?rest_route=\/wp\/v2\/product\/24159","targetHints":{"allow":["GET"]}}],"collection":[{"href":"https:\/\/baralivres.ma\/index.php?rest_route=\/wp\/v2\/product"}],"about":[{"href":"https:\/\/baralivres.ma\/index.php?rest_route=\/wp\/v2\/types\/product"}],"replies":[{"embeddable":true,"href":"https:\/\/baralivres.ma\/index.php?rest_route=%2Fwp%2Fv2%2Fcomments&post=24159"}],"version-history":[{"count":1,"href":"https:\/\/baralivres.ma\/index.php?rest_route=\/wp\/v2\/product\/24159\/revisions"}],"predecessor-version":[{"id":24161,"href":"https:\/\/baralivres.ma\/index.php?rest_route=\/wp\/v2\/product\/24159\/revisions\/24161"}],"wp:featuredmedia":[{"embeddable":true,"href":"https:\/\/baralivres.ma\/index.php?rest_route=\/wp\/v2\/media\/24160"}],"wp:attachment":[{"href":"https:\/\/baralivres.ma\/index.php?rest_route=%2Fwp%2Fv2%2Fmedia&parent=24159"}],"wp:term":[{"taxonomy":"product_cat","embeddable":true,"href":"https:\/\/baralivres.ma\/index.php?rest_route=%2Fwp%2Fv2%2Fproduct_cat&post=24159"},{"taxonomy":"product_tag","embeddable":true,"href":"https:\/\/baralivres.ma\/index.php?rest_route=%2Fwp%2Fv2%2Fproduct_tag&post=24159"}],"curies":[{"name":"wp","href":"https:\/\/api.w.org\/{rel}","templated":true}]}}