{"id":24156,"date":"2025-11-27T16:52:25","date_gmt":"2025-11-27T15:52:25","guid":{"rendered":"https:\/\/baralivres.ma\/?post_type=product&#038;p=24156"},"modified":"2025-11-27T16:52:25","modified_gmt":"2025-11-27T15:52:25","slug":"le-mindset-de-lagent-immobilier-millionnaire","status":"publish","type":"product","link":"https:\/\/baralivres.ma\/?product=le-mindset-de-lagent-immobilier-millionnaire","title":{"rendered":"Le Mindset de l\u2019Agent Immobilier Millionnaire"},"content":{"rendered":"<h3 data-start=\"86\" data-end=\"156\"><em data-start=\"93\" data-end=\"154\">Le Mindset de l\u2019Agent Immobilier Millionnaire \u2013 Gary Keller<\/em><\/h3>\n<p data-start=\"157\" data-end=\"496\">Un guide essentiel pour adopter l\u2019\u00e9tat d\u2019esprit et les strat\u00e9gies des agents immobiliers les plus performants. Gary Keller d\u00e9voile les habitudes, m\u00e9thodes et actions concr\u00e8tes qui permettent de g\u00e9n\u00e9rer des r\u00e9sultats exceptionnels dans l\u2019immobilier.<br data-start=\"405\" data-end=\"408\" \/>Un livre motivant et pratique pour booster votre carri\u00e8re et passer au niveau sup\u00e9rieur.<\/p>\n","protected":false},"excerpt":{"rendered":"<p>Un guide clair et motivant pour adopter les strat\u00e9gies et l\u2019\u00e9tat d\u2019esprit des meilleurs agents immobiliers. Id\u00e9al pour d\u00e9velopper vos performances et atteindre un niveau sup\u00e9rieur.<\/p>\n","protected":false},"featured_media":24157,"comment_status":"open","ping_status":"closed","template":"","meta":{"inline_featured_image":false},"product_cat":[3896,91],"product_tag":[],"class_list":{"0":"post-24156","1":"product","2":"type-product","3":"status-publish","4":"has-post-thumbnail","6":"product_cat-developpement-francais","7":"product_cat-developpement","8":"pa_auteurs-gary-keller","10":"first","11":"instock","12":"sale","13":"shipping-taxable","14":"purchasable","15":"product-type-simple"},"_links":{"self":[{"href":"https:\/\/baralivres.ma\/index.php?rest_route=\/wp\/v2\/product\/24156","targetHints":{"allow":["GET"]}}],"collection":[{"href":"https:\/\/baralivres.ma\/index.php?rest_route=\/wp\/v2\/product"}],"about":[{"href":"https:\/\/baralivres.ma\/index.php?rest_route=\/wp\/v2\/types\/product"}],"replies":[{"embeddable":true,"href":"https:\/\/baralivres.ma\/index.php?rest_route=%2Fwp%2Fv2%2Fcomments&post=24156"}],"version-history":[{"count":1,"href":"https:\/\/baralivres.ma\/index.php?rest_route=\/wp\/v2\/product\/24156\/revisions"}],"predecessor-version":[{"id":24158,"href":"https:\/\/baralivres.ma\/index.php?rest_route=\/wp\/v2\/product\/24156\/revisions\/24158"}],"wp:featuredmedia":[{"embeddable":true,"href":"https:\/\/baralivres.ma\/index.php?rest_route=\/wp\/v2\/media\/24157"}],"wp:attachment":[{"href":"https:\/\/baralivres.ma\/index.php?rest_route=%2Fwp%2Fv2%2Fmedia&parent=24156"}],"wp:term":[{"taxonomy":"product_cat","embeddable":true,"href":"https:\/\/baralivres.ma\/index.php?rest_route=%2Fwp%2Fv2%2Fproduct_cat&post=24156"},{"taxonomy":"product_tag","embeddable":true,"href":"https:\/\/baralivres.ma\/index.php?rest_route=%2Fwp%2Fv2%2Fproduct_tag&post=24156"}],"curies":[{"name":"wp","href":"https:\/\/api.w.org\/{rel}","templated":true}]}}