{"id":24150,"date":"2025-11-26T10:18:03","date_gmt":"2025-11-26T09:18:03","guid":{"rendered":"https:\/\/baralivres.ma\/?post_type=product&#038;p=24150"},"modified":"2025-11-26T10:18:03","modified_gmt":"2025-11-26T09:18:03","slug":"la-theorie-let-them","status":"publish","type":"product","link":"https:\/\/baralivres.ma\/?product=la-theorie-let-them","title":{"rendered":"La Th\u00e9orie Let Them"},"content":{"rendered":"<p data-start=\"184\" data-end=\"466\"><em data-start=\"184\" data-end=\"205\">La Th\u00e9orie Let Them<\/em> est un livre inspirant qui invite \u00e0 l\u00e2cher prise pour vivre plus sereinement. L\u2019id\u00e9e principale est simple : <strong data-start=\"315\" data-end=\"359\">laisser les gens faire ce qu\u2019ils veulent<\/strong> (<em data-start=\"361\" data-end=\"371\">let them<\/em>) \u2014 leurs choix, leurs r\u00e9actions, leurs comportements \u2014 afin de prot\u00e9ger votre paix int\u00e9rieure.<\/p>\n<p data-start=\"468\" data-end=\"595\">\u00c0 travers des conseils pratiques, des exemples du quotidien et une approche profond\u00e9ment lib\u00e9ratrice, ce livre vous apprend \u00e0 :<\/p>\n<p data-start=\"597\" data-end=\"846\">\u2728 Arr\u00eater de prendre les choses personnellement<br data-start=\"644\" data-end=\"647\" \/>\u2728 Vous d\u00e9tacher de ce que vous ne pouvez pas contr\u00f4ler<br data-start=\"701\" data-end=\"704\" \/>\u2728 Dire non sans culpabiliser<br data-start=\"732\" data-end=\"735\" \/>\u2728 Prot\u00e9ger votre \u00e9nergie et votre bien-\u00eatre<br data-start=\"778\" data-end=\"781\" \/>\u2728 Avancer en confiance vers une vie plus simple et plus align\u00e9e<\/p>\n<p data-start=\"848\" data-end=\"993\">C\u2019est un livre parfait pour toute personne qui veut r\u00e9duire le stress, renforcer la confiance en soi et se concentrer sur ce qui compte vraiment.<\/p>\n","protected":false},"excerpt":{"rendered":"<p>Un livre puissant qui vous apprend \u00e0 l\u00e2cher prise : laissez les gens faire ce qu\u2019ils veulent pour prot\u00e9ger votre paix int\u00e9rieure.<br data-start=\"193\" data-end=\"196\" \/>Simple, clair et inspirant, il vous aide \u00e0 r\u00e9duire le stress, arr\u00eater de tout contr\u00f4ler et vivre plus sereinement chaque jour.<\/p>\n","protected":false},"featured_media":24151,"comment_status":"open","ping_status":"closed","template":"","meta":{"inline_featured_image":false},"product_cat":[3896,91],"product_tag":[],"class_list":{"0":"post-24150","1":"product","2":"type-product","3":"status-publish","4":"has-post-thumbnail","6":"product_cat-developpement-francais","7":"product_cat-developpement","8":"pa_auteurs-robbins-mel","10":"first","11":"instock","12":"shipping-taxable","13":"purchasable","14":"product-type-simple"},"_links":{"self":[{"href":"https:\/\/baralivres.ma\/index.php?rest_route=\/wp\/v2\/product\/24150","targetHints":{"allow":["GET"]}}],"collection":[{"href":"https:\/\/baralivres.ma\/index.php?rest_route=\/wp\/v2\/product"}],"about":[{"href":"https:\/\/baralivres.ma\/index.php?rest_route=\/wp\/v2\/types\/product"}],"replies":[{"embeddable":true,"href":"https:\/\/baralivres.ma\/index.php?rest_route=%2Fwp%2Fv2%2Fcomments&post=24150"}],"version-history":[{"count":1,"href":"https:\/\/baralivres.ma\/index.php?rest_route=\/wp\/v2\/product\/24150\/revisions"}],"predecessor-version":[{"id":24152,"href":"https:\/\/baralivres.ma\/index.php?rest_route=\/wp\/v2\/product\/24150\/revisions\/24152"}],"wp:featuredmedia":[{"embeddable":true,"href":"https:\/\/baralivres.ma\/index.php?rest_route=\/wp\/v2\/media\/24151"}],"wp:attachment":[{"href":"https:\/\/baralivres.ma\/index.php?rest_route=%2Fwp%2Fv2%2Fmedia&parent=24150"}],"wp:term":[{"taxonomy":"product_cat","embeddable":true,"href":"https:\/\/baralivres.ma\/index.php?rest_route=%2Fwp%2Fv2%2Fproduct_cat&post=24150"},{"taxonomy":"product_tag","embeddable":true,"href":"https:\/\/baralivres.ma\/index.php?rest_route=%2Fwp%2Fv2%2Fproduct_tag&post=24150"}],"curies":[{"name":"wp","href":"https:\/\/api.w.org\/{rel}","templated":true}]}}