{"id":24119,"date":"2025-11-02T14:38:43","date_gmt":"2025-11-02T13:38:43","guid":{"rendered":"https:\/\/baralivres.ma\/?post_type=product&#038;p=24119"},"modified":"2025-11-02T14:56:00","modified_gmt":"2025-11-02T13:56:00","slug":"la-femme-de-menage-voit-tout","status":"publish","type":"product","link":"https:\/\/baralivres.ma\/?product=la-femme-de-menage-voit-tout","title":{"rendered":"La Femme De M\u00e9nage Voit Tout"},"content":{"rendered":"<p data-start=\"107\" data-end=\"162\"><strong data-start=\"107\" data-end=\"160\">\ud83d\udcd6 La femme de m\u00e9nage voit tout \u2013 Freida McFadden<\/strong><\/p>\n<p data-start=\"164\" data-end=\"447\">Pr\u00e9parez-vous \u00e0 une lecture addictive sign\u00e9e Freida McFadden !<br data-start=\"226\" data-end=\"229\" \/>Millie, femme de m\u00e9nage, pensait avoir trouv\u00e9 un emploi id\u00e9al dans une maison luxueuse. Mais derri\u00e8re les murs impeccables, les secrets sont bien plus sombres qu\u2019ils n\u2019y paraissent\u2026 Et cette fois, <strong data-start=\"426\" data-end=\"445\">elle voit tout.<\/strong><\/p>\n<p data-start=\"449\" data-end=\"676\">Manipulations, mensonges, suspense haletant : ce thriller psychologique vous tiendra en haleine jusqu\u2019\u00e0 la derni\u00e8re page.<br data-start=\"570\" data-end=\"573\" \/>Un roman qui explore la fronti\u00e8re entre v\u00e9rit\u00e9 et apparence\u2026 et o\u00f9 chaque regard peut tout changer \ud83d\udc40<\/p>\n","protected":false},"excerpt":{"rendered":"<p><strong data-start=\"62\" data-end=\"112\">La femme de m\u00e9nage voit tout \u2013 Freida McFadden<\/strong><br data-start=\"112\" data-end=\"115\" \/>Un thriller captivant o\u00f9 rien n\u2019est ce qu\u2019il para\u00eet\u2026<br data-start=\"167\" data-end=\"170\" \/>Elle observe, elle d\u00e9couvre, <strong data-start=\"199\" data-end=\"220\">elle voit tout \ud83d\udc40<\/strong><br data-start=\"220\" data-end=\"223\" data-is-only-node=\"\" \/>Suspense garanti jusqu\u2019\u00e0 la derni\u00e8re page ! \ud83d\udd25<\/p>\n","protected":false},"featured_media":24120,"comment_status":"open","ping_status":"closed","template":"","meta":{"inline_featured_image":false},"product_cat":[4467,3873,143],"product_tag":[],"class_list":{"0":"post-24119","1":"product","2":"type-product","3":"status-publish","4":"has-post-thumbnail","6":"product_cat-pack_des_ivres_mcfadden_freida","7":"product_cat-roman-en-francais","8":"product_cat-roman","9":"pa_auteurs-frieda-mcfadden","11":"first","12":"instock","13":"shipping-taxable","14":"purchasable","15":"product-type-simple"},"_links":{"self":[{"href":"https:\/\/baralivres.ma\/index.php?rest_route=\/wp\/v2\/product\/24119","targetHints":{"allow":["GET"]}}],"collection":[{"href":"https:\/\/baralivres.ma\/index.php?rest_route=\/wp\/v2\/product"}],"about":[{"href":"https:\/\/baralivres.ma\/index.php?rest_route=\/wp\/v2\/types\/product"}],"replies":[{"embeddable":true,"href":"https:\/\/baralivres.ma\/index.php?rest_route=%2Fwp%2Fv2%2Fcomments&post=24119"}],"version-history":[{"count":1,"href":"https:\/\/baralivres.ma\/index.php?rest_route=\/wp\/v2\/product\/24119\/revisions"}],"predecessor-version":[{"id":24121,"href":"https:\/\/baralivres.ma\/index.php?rest_route=\/wp\/v2\/product\/24119\/revisions\/24121"}],"wp:featuredmedia":[{"embeddable":true,"href":"https:\/\/baralivres.ma\/index.php?rest_route=\/wp\/v2\/media\/24120"}],"wp:attachment":[{"href":"https:\/\/baralivres.ma\/index.php?rest_route=%2Fwp%2Fv2%2Fmedia&parent=24119"}],"wp:term":[{"taxonomy":"product_cat","embeddable":true,"href":"https:\/\/baralivres.ma\/index.php?rest_route=%2Fwp%2Fv2%2Fproduct_cat&post=24119"},{"taxonomy":"product_tag","embeddable":true,"href":"https:\/\/baralivres.ma\/index.php?rest_route=%2Fwp%2Fv2%2Fproduct_tag&post=24119"}],"curies":[{"name":"wp","href":"https:\/\/api.w.org\/{rel}","templated":true}]}}