{"id":24114,"date":"2025-11-01T12:01:02","date_gmt":"2025-11-01T11:01:02","guid":{"rendered":"https:\/\/baralivres.ma\/?post_type=product&#038;p=24114"},"modified":"2025-11-01T12:01:02","modified_gmt":"2025-11-01T11:01:02","slug":"mon-premier-cherche-et-trouve-sonore-licornes","status":"publish","type":"product","link":"https:\/\/baralivres.ma\/?product=mon-premier-cherche-et-trouve-sonore-licornes","title":{"rendered":"Mon Premier Cherche Et Trouve Sonore : Licornes"},"content":{"rendered":"<p data-start=\"69\" data-end=\"122\"><strong data-start=\"69\" data-end=\"120\">Mon premier cherche et trouve sonore : Licornes<\/strong><\/p>\n<p data-start=\"124\" data-end=\"380\">Plongez dans le monde f\u00e9\u00e9rique des licornes avec ce <strong data-start=\"176\" data-end=\"205\">livre sonore grand format<\/strong> ! Avec ses <strong data-start=\"217\" data-end=\"240\">50 sons \u00e0 d\u00e9couvrir<\/strong> et ses pages panoramiques qui s\u2019ouvrent en grand, ce Cherche et Trouve invite les jeunes enfants \u00e0 explorer un univers magique et color\u00e9.<\/p>\n<p data-start=\"382\" data-end=\"686\">Les <strong data-start=\"386\" data-end=\"414\">illustrations \u00e0 chercher<\/strong>, de grande taille, captivent l\u2019attention et encouragent l\u2019observation, tout en stimulant <strong data-start=\"504\" data-end=\"539\">la m\u00e9moire visuelle et auditive<\/strong> des enfants. Chaque page est un v\u00e9ritable terrain de jeu pour apprendre en s\u2019amusant, \u00e0 la recherche des d\u00e9tails cach\u00e9s et des sons surprenants.<\/p>\n<p data-start=\"688\" data-end=\"781\">Un livre joyeux et interactif qui \u00e9veillera la curiosit\u00e9 et \u00e9merveillera petits et grands<\/p>\n","protected":false},"excerpt":{"rendered":"<p data-start=\"49\" data-end=\"102\"><strong data-start=\"49\" data-end=\"100\">Mon premier cherche et trouve sonore : Licornes<\/strong><\/p>\n<p data-start=\"104\" data-end=\"388\">Un livre grand format et color\u00e9 avec <strong data-start=\"141\" data-end=\"164\">50 sons \u00e0 d\u00e9couvrir<\/strong> ! Les jeunes enfants partiront \u00e0 la chasse aux licornes gr\u00e2ce \u00e0 de <strong data-start=\"232\" data-end=\"257\">grandes illustrations<\/strong> qui stimulent <strong data-start=\"272\" data-end=\"322\">l\u2019attention et la m\u00e9moire visuelle et auditive<\/strong>. Un univers magique et interactif pour apprendre en s\u2019amusant !<\/p>\n","protected":false},"featured_media":24115,"comment_status":"open","ping_status":"closed","template":"","meta":{"inline_featured_image":false},"product_cat":[3944,197],"product_tag":[],"class_list":{"0":"post-24114","1":"product","2":"type-product","3":"status-publish","4":"has-post-thumbnail","6":"product_cat-les-livres-sonore-francais","7":"product_cat-livre-sonore","9":"first","10":"instock","11":"shipping-taxable","12":"purchasable","13":"product-type-simple"},"_links":{"self":[{"href":"https:\/\/baralivres.ma\/index.php?rest_route=\/wp\/v2\/product\/24114","targetHints":{"allow":["GET"]}}],"collection":[{"href":"https:\/\/baralivres.ma\/index.php?rest_route=\/wp\/v2\/product"}],"about":[{"href":"https:\/\/baralivres.ma\/index.php?rest_route=\/wp\/v2\/types\/product"}],"replies":[{"embeddable":true,"href":"https:\/\/baralivres.ma\/index.php?rest_route=%2Fwp%2Fv2%2Fcomments&post=24114"}],"version-history":[{"count":1,"href":"https:\/\/baralivres.ma\/index.php?rest_route=\/wp\/v2\/product\/24114\/revisions"}],"predecessor-version":[{"id":24117,"href":"https:\/\/baralivres.ma\/index.php?rest_route=\/wp\/v2\/product\/24114\/revisions\/24117"}],"wp:featuredmedia":[{"embeddable":true,"href":"https:\/\/baralivres.ma\/index.php?rest_route=\/wp\/v2\/media\/24115"}],"wp:attachment":[{"href":"https:\/\/baralivres.ma\/index.php?rest_route=%2Fwp%2Fv2%2Fmedia&parent=24114"}],"wp:term":[{"taxonomy":"product_cat","embeddable":true,"href":"https:\/\/baralivres.ma\/index.php?rest_route=%2Fwp%2Fv2%2Fproduct_cat&post=24114"},{"taxonomy":"product_tag","embeddable":true,"href":"https:\/\/baralivres.ma\/index.php?rest_route=%2Fwp%2Fv2%2Fproduct_tag&post=24114"}],"curies":[{"name":"wp","href":"https:\/\/api.w.org\/{rel}","templated":true}]}}