{"id":24108,"date":"2025-11-01T11:51:25","date_gmt":"2025-11-01T10:51:25","guid":{"rendered":"https:\/\/baralivres.ma\/?post_type=product&#038;p=24108"},"modified":"2025-11-01T11:51:25","modified_gmt":"2025-11-01T10:51:25","slug":"mon-grand-livre-des-animaux","status":"publish","type":"product","link":"https:\/\/baralivres.ma\/?product=mon-grand-livre-des-animaux","title":{"rendered":"Mon Grand Livre Des Animaux"},"content":{"rendered":"<p data-start=\"86\" data-end=\"119\"><strong data-start=\"86\" data-end=\"117\">Mon grand livre des Animaux<\/strong><\/p>\n<p data-start=\"121\" data-end=\"435\">D\u00e9couvrez le monde fascinant des animaux sauvages ! Savez-vous que le corail est un animal ou que le fou \u00e0 pieds bleus s\u00e9duit sa partenaire en levant les pattes le plus haut possible ? Ce livre invite les enfants \u00e0 explorer les habitudes, les lieux de vie et les comportements surprenants de centaines d\u2019animaux.<\/p>\n<p data-start=\"437\" data-end=\"652\">Pour rendre l\u2019exp\u00e9rience encore plus immersive, plongez dans 150 vid\u00e9os d\u2019animaux dans leur habitat naturel, et amusez-vous avec le poster et les autocollants pour situer les animaux sur les diff\u00e9rents continents.<\/p>\n<p data-start=\"654\" data-end=\"831\">Un superbe ouvrage pour \u00e9veiller la curiosit\u00e9 des enfants, sensibiliser toute la famille \u00e0 la beaut\u00e9 du monde animal et partager des moments de d\u00e9couverte et d\u2019\u00e9merveillement.<\/p>\n","protected":false},"excerpt":{"rendered":"<p data-start=\"49\" data-end=\"82\"><strong data-start=\"49\" data-end=\"80\">Mon grand livre des Animaux<\/strong><\/p>\n<p data-start=\"84\" data-end=\"368\">Explorez le monde \u00e9tonnant des animaux sauvages ! D\u00e9couvrez leurs habitudes, leurs lieux de vie et des faits surprenants. Avec 150 vid\u00e9os, un poster et des autocollants, ce livre offre une immersion ludique et \u00e9ducative pour \u00e9veiller la curiosit\u00e9 des enfants et de toute la famille.<\/p>\n","protected":false},"featured_media":24109,"comment_status":"open","ping_status":"closed","template":"","meta":{"inline_featured_image":false},"product_cat":[3898,3706],"product_tag":[],"class_list":{"0":"post-24108","1":"product","2":"type-product","3":"status-publish","4":"has-post-thumbnail","6":"product_cat-encyclopedie_francais","7":"product_cat-encyclopedie-2","9":"first","10":"instock","11":"shipping-taxable","12":"purchasable","13":"product-type-simple"},"_links":{"self":[{"href":"https:\/\/baralivres.ma\/index.php?rest_route=\/wp\/v2\/product\/24108","targetHints":{"allow":["GET"]}}],"collection":[{"href":"https:\/\/baralivres.ma\/index.php?rest_route=\/wp\/v2\/product"}],"about":[{"href":"https:\/\/baralivres.ma\/index.php?rest_route=\/wp\/v2\/types\/product"}],"replies":[{"embeddable":true,"href":"https:\/\/baralivres.ma\/index.php?rest_route=%2Fwp%2Fv2%2Fcomments&post=24108"}],"version-history":[{"count":1,"href":"https:\/\/baralivres.ma\/index.php?rest_route=\/wp\/v2\/product\/24108\/revisions"}],"predecessor-version":[{"id":24113,"href":"https:\/\/baralivres.ma\/index.php?rest_route=\/wp\/v2\/product\/24108\/revisions\/24113"}],"wp:featuredmedia":[{"embeddable":true,"href":"https:\/\/baralivres.ma\/index.php?rest_route=\/wp\/v2\/media\/24109"}],"wp:attachment":[{"href":"https:\/\/baralivres.ma\/index.php?rest_route=%2Fwp%2Fv2%2Fmedia&parent=24108"}],"wp:term":[{"taxonomy":"product_cat","embeddable":true,"href":"https:\/\/baralivres.ma\/index.php?rest_route=%2Fwp%2Fv2%2Fproduct_cat&post=24108"},{"taxonomy":"product_tag","embeddable":true,"href":"https:\/\/baralivres.ma\/index.php?rest_route=%2Fwp%2Fv2%2Fproduct_tag&post=24108"}],"curies":[{"name":"wp","href":"https:\/\/api.w.org\/{rel}","templated":true}]}}