{"id":24102,"date":"2025-11-01T11:45:15","date_gmt":"2025-11-01T10:45:15","guid":{"rendered":"https:\/\/baralivres.ma\/?post_type=product&#038;p=24102"},"modified":"2025-11-01T11:45:16","modified_gmt":"2025-11-01T10:45:16","slug":"le-monde-explique-aux-enfants","status":"publish","type":"product","link":"https:\/\/baralivres.ma\/?product=le-monde-explique-aux-enfants","title":{"rendered":"Le Monde Expliqu\u00e9 Aux Enfants"},"content":{"rendered":"<p data-start=\"58\" data-end=\"392\"><strong data-start=\"58\" data-end=\"91\">Le monde expliqu\u00e9 aux enfants<\/strong> est un v\u00e9ritable voyage \u00e0 partager en famille pour explorer la plan\u00e8te Terre et tout ce qu\u2019elle rec\u00e8le. Ce livre invite les jeunes lecteurs \u00e0 comprendre notre histoire, les lois de la physique, la diversit\u00e9 des peuples et de leurs cultures, ainsi que les enjeux du monde d\u2019aujourd\u2019hui et de demain.<\/p>\n<p data-start=\"394\" data-end=\"761\">Gr\u00e2ce \u00e0 des textes courts et accessibles, il r\u00e9pond \u00e0 des questions fascinantes : comment les esp\u00e8ces ont-elles \u00e9volu\u00e9 ? Qu\u2019est-ce qu\u2019un atome ? Comment fonctionne le corps humain ? \u00c0 quoi ressemblaient les premi\u00e8res civilisations ? Qui a invent\u00e9 le cin\u00e9ma ? Quelle est l\u2019histoire de l\u2019humanit\u00e9, des religions et de l\u2019art ? Et de quoi sera fait le monde de demain ?<\/p>\n<p data-start=\"763\" data-end=\"1004\">Avec une maquette color\u00e9e et anim\u00e9e, ce livre capte l\u2019attention des enfants, et ses <strong data-start=\"847\" data-end=\"893\">plus de 600 photographies et illustrations<\/strong> en font une encyclop\u00e9die compl\u00e8te, id\u00e9ale pour \u00e9veiller la curiosit\u00e9 des petits et grands \u00e0 partir de 7 ans.<\/p>\n","protected":false},"excerpt":{"rendered":"<p data-start=\"61\" data-end=\"258\"><strong data-start=\"61\" data-end=\"94\">Le monde expliqu\u00e9 aux enfants<\/strong> \ud83c\udf0d<br data-start=\"97\" data-end=\"100\" \/>Un livre color\u00e9 et illustr\u00e9 pour d\u00e9couvrir la Terre, l\u2019histoire, les sciences et les cultures. Plus de <strong data-start=\"203\" data-end=\"217\">600 images<\/strong> pour \u00e9veiller la curiosit\u00e9 d\u00e8s 7 ans !<\/p>\n","protected":false},"featured_media":24103,"comment_status":"open","ping_status":"closed","template":"","meta":{"inline_featured_image":false},"product_cat":[3898,3706],"product_tag":[],"class_list":{"0":"post-24102","1":"product","2":"type-product","3":"status-publish","4":"has-post-thumbnail","6":"product_cat-encyclopedie_francais","7":"product_cat-encyclopedie-2","9":"first","10":"instock","11":"shipping-taxable","12":"purchasable","13":"product-type-simple"},"_links":{"self":[{"href":"https:\/\/baralivres.ma\/index.php?rest_route=\/wp\/v2\/product\/24102","targetHints":{"allow":["GET"]}}],"collection":[{"href":"https:\/\/baralivres.ma\/index.php?rest_route=\/wp\/v2\/product"}],"about":[{"href":"https:\/\/baralivres.ma\/index.php?rest_route=\/wp\/v2\/types\/product"}],"replies":[{"embeddable":true,"href":"https:\/\/baralivres.ma\/index.php?rest_route=%2Fwp%2Fv2%2Fcomments&post=24102"}],"version-history":[{"count":1,"href":"https:\/\/baralivres.ma\/index.php?rest_route=\/wp\/v2\/product\/24102\/revisions"}],"predecessor-version":[{"id":24107,"href":"https:\/\/baralivres.ma\/index.php?rest_route=\/wp\/v2\/product\/24102\/revisions\/24107"}],"wp:featuredmedia":[{"embeddable":true,"href":"https:\/\/baralivres.ma\/index.php?rest_route=\/wp\/v2\/media\/24103"}],"wp:attachment":[{"href":"https:\/\/baralivres.ma\/index.php?rest_route=%2Fwp%2Fv2%2Fmedia&parent=24102"}],"wp:term":[{"taxonomy":"product_cat","embeddable":true,"href":"https:\/\/baralivres.ma\/index.php?rest_route=%2Fwp%2Fv2%2Fproduct_cat&post=24102"},{"taxonomy":"product_tag","embeddable":true,"href":"https:\/\/baralivres.ma\/index.php?rest_route=%2Fwp%2Fv2%2Fproduct_tag&post=24102"}],"curies":[{"name":"wp","href":"https:\/\/api.w.org\/{rel}","templated":true}]}}