{"id":24097,"date":"2025-11-01T11:25:20","date_gmt":"2025-11-01T10:25:20","guid":{"rendered":"https:\/\/baralivres.ma\/?post_type=product&#038;p=24097"},"modified":"2025-11-01T11:25:21","modified_gmt":"2025-11-01T10:25:21","slug":"mon-encyclo-junior-1001-choses-a-savoir-2","status":"publish","type":"product","link":"https:\/\/baralivres.ma\/?product=mon-encyclo-junior-1001-choses-a-savoir-2","title":{"rendered":"Mon encyclo junior \u2013 1001 choses \u00e0 savoir"},"content":{"rendered":"<p data-start=\"56\" data-end=\"652\"><strong data-start=\"56\" data-end=\"101\">Mon Encyclo Junior : 1001 choses \u00e0 savoir<\/strong> est un ouvrage captivant qui ouvre les portes de la connaissance aux jeunes curieux. De l\u2019immens\u00e9ment grand de l\u2019univers \u00e0 l\u2019infiniment petit des nanotechnologies, ce livre permet de d\u00e9couvrir la plan\u00e8te et sa biodiversit\u00e9, de s\u2019initier \u00e0 l\u2019Histoire de France et de rencontrer les personnages qui ont marqu\u00e9 l\u2019histoire. Les jeunes lecteurs pourront embarquer avec les explorateurs du XVe si\u00e8cle, voyager \u00e0 la rencontre des peuples du monde, explorer l\u2019histoire de la musique et du cin\u00e9ma, et se laisser \u00e9merveiller par la richesse de la mythologie.<\/p>\n<p data-start=\"654\" data-end=\"849\">Rempli de photos et d\u2019illustrations color\u00e9es, ce livre rend l\u2019apprentissage vivant et ludique, offrant aux enfants un v\u00e9ritable tr\u00e9sor de connaissances pour comprendre le monde qui les entoure.<\/p>\n","protected":false},"excerpt":{"rendered":"<p><strong data-start=\"48\" data-end=\"93\">Mon Encyclo Junior : 1001 choses \u00e0 savoir<\/strong><br data-start=\"93\" data-end=\"96\" \/>Un livre passionnant pour les jeunes curieux ! De l\u2019univers aux nanotechnologies, de la biodiversit\u00e9 \u00e0 l\u2019Histoire de France, en passant par la musique, le cin\u00e9ma et la mythologie, ce livre richement illustr\u00e9 fait voyager et d\u00e9couvrir le monde de fa\u00e7on ludique et captivante.<\/p>\n","protected":false},"featured_media":24098,"comment_status":"open","ping_status":"closed","template":"","meta":{"inline_featured_image":false},"product_cat":[3898,3706],"product_tag":[],"class_list":{"0":"post-24097","1":"product","2":"type-product","3":"status-publish","4":"has-post-thumbnail","6":"product_cat-encyclopedie_francais","7":"product_cat-encyclopedie-2","9":"first","10":"instock","11":"shipping-taxable","12":"purchasable","13":"product-type-simple"},"_links":{"self":[{"href":"https:\/\/baralivres.ma\/index.php?rest_route=\/wp\/v2\/product\/24097","targetHints":{"allow":["GET"]}}],"collection":[{"href":"https:\/\/baralivres.ma\/index.php?rest_route=\/wp\/v2\/product"}],"about":[{"href":"https:\/\/baralivres.ma\/index.php?rest_route=\/wp\/v2\/types\/product"}],"replies":[{"embeddable":true,"href":"https:\/\/baralivres.ma\/index.php?rest_route=%2Fwp%2Fv2%2Fcomments&post=24097"}],"version-history":[{"count":1,"href":"https:\/\/baralivres.ma\/index.php?rest_route=\/wp\/v2\/product\/24097\/revisions"}],"predecessor-version":[{"id":24101,"href":"https:\/\/baralivres.ma\/index.php?rest_route=\/wp\/v2\/product\/24097\/revisions\/24101"}],"wp:featuredmedia":[{"embeddable":true,"href":"https:\/\/baralivres.ma\/index.php?rest_route=\/wp\/v2\/media\/24098"}],"wp:attachment":[{"href":"https:\/\/baralivres.ma\/index.php?rest_route=%2Fwp%2Fv2%2Fmedia&parent=24097"}],"wp:term":[{"taxonomy":"product_cat","embeddable":true,"href":"https:\/\/baralivres.ma\/index.php?rest_route=%2Fwp%2Fv2%2Fproduct_cat&post=24097"},{"taxonomy":"product_tag","embeddable":true,"href":"https:\/\/baralivres.ma\/index.php?rest_route=%2Fwp%2Fv2%2Fproduct_tag&post=24097"}],"curies":[{"name":"wp","href":"https:\/\/api.w.org\/{rel}","templated":true}]}}