{"id":24080,"date":"2025-06-25T11:44:53","date_gmt":"2025-06-25T10:44:53","guid":{"rendered":"https:\/\/baralivres.ma\/?post_type=product&#038;p=24080"},"modified":"2025-06-25T11:44:53","modified_gmt":"2025-06-25T10:44:53","slug":"histoires-a-caliner-mon-papa-a-moi","status":"publish","type":"product","link":"https:\/\/baralivres.ma\/?product=histoires-a-caliner-mon-papa-a-moi","title":{"rendered":"Histoires \u00e0 c\u00e2liner &#8211; Mon papa \u00e0 moi"},"content":{"rendered":"<p><strong data-start=\"76\" data-end=\"116\">Histoires \u00e0 c\u00e2liner &#8211; Mon papa \u00e0 moi<\/strong><br data-start=\"116\" data-end=\"119\" \/>Un tout premier livre tendre et sensoriel, id\u00e9al pour accompagner b\u00e9b\u00e9 au moment du coucher. Gr\u00e2ce \u00e0 une histoire douce et rythm\u00e9e, ce livre invite \u00e0 un moment de complicit\u00e9 avec papa. Les diff\u00e9rentes mati\u00e8res \u00e0 toucher \u00e9veillent la curiosit\u00e9 et stimulent les sens de b\u00e9b\u00e9, pour un \u00e9veil tout en douceur. Un c\u00e2lin \u00e0 chaque page pour un moment de douceur avant de s\u2019endormir<\/p>\n","protected":false},"excerpt":{"rendered":"<p><strong data-start=\"44\" data-end=\"84\">Histoires \u00e0 c\u00e2liner &#8211; Mon papa \u00e0 moi<\/strong><br data-start=\"84\" data-end=\"87\" \/>Un livre tout doux pour d\u00e9couvrir le moment du coucher avec papa. B\u00e9b\u00e9 touche, explore et s\u2019amuse avec les mati\u00e8res diff\u00e9rentes, pendant qu\u2019on raconte une jolie histoire pleine de tendresse. Parfait pour un c\u00e2lin avant de dormir !<\/p>\n","protected":false},"featured_media":24081,"comment_status":"open","ping_status":"closed","template":"","meta":{"inline_featured_image":false},"product_cat":[3950,198],"product_tag":[],"class_list":{"0":"post-24080","1":"product","2":"type-product","3":"status-publish","4":"has-post-thumbnail","6":"product_cat-les-livres-cartonnes-francais","7":"product_cat-livres-animes","9":"first","10":"instock","11":"shipping-taxable","12":"purchasable","13":"product-type-simple"},"_links":{"self":[{"href":"https:\/\/baralivres.ma\/index.php?rest_route=\/wp\/v2\/product\/24080","targetHints":{"allow":["GET"]}}],"collection":[{"href":"https:\/\/baralivres.ma\/index.php?rest_route=\/wp\/v2\/product"}],"about":[{"href":"https:\/\/baralivres.ma\/index.php?rest_route=\/wp\/v2\/types\/product"}],"replies":[{"embeddable":true,"href":"https:\/\/baralivres.ma\/index.php?rest_route=%2Fwp%2Fv2%2Fcomments&post=24080"}],"version-history":[{"count":1,"href":"https:\/\/baralivres.ma\/index.php?rest_route=\/wp\/v2\/product\/24080\/revisions"}],"predecessor-version":[{"id":24085,"href":"https:\/\/baralivres.ma\/index.php?rest_route=\/wp\/v2\/product\/24080\/revisions\/24085"}],"wp:featuredmedia":[{"embeddable":true,"href":"https:\/\/baralivres.ma\/index.php?rest_route=\/wp\/v2\/media\/24081"}],"wp:attachment":[{"href":"https:\/\/baralivres.ma\/index.php?rest_route=%2Fwp%2Fv2%2Fmedia&parent=24080"}],"wp:term":[{"taxonomy":"product_cat","embeddable":true,"href":"https:\/\/baralivres.ma\/index.php?rest_route=%2Fwp%2Fv2%2Fproduct_cat&post=24080"},{"taxonomy":"product_tag","embeddable":true,"href":"https:\/\/baralivres.ma\/index.php?rest_route=%2Fwp%2Fv2%2Fproduct_tag&post=24080"}],"curies":[{"name":"wp","href":"https:\/\/api.w.org\/{rel}","templated":true}]}}