{"id":24067,"date":"2025-06-25T11:34:57","date_gmt":"2025-06-25T10:34:57","guid":{"rendered":"https:\/\/baralivres.ma\/?post_type=product&#038;p=24067"},"modified":"2025-06-25T11:34:57","modified_gmt":"2025-06-25T10:34:57","slug":"histoires-a-caliner-ma-maman-a-moi","status":"publish","type":"product","link":"https:\/\/baralivres.ma\/?product=histoires-a-caliner-ma-maman-a-moi","title":{"rendered":"Histoires \u00e0 c\u00e2liner &#8211; Ma maman \u00e0 moi"},"content":{"rendered":"<p><strong data-start=\"87\" data-end=\"127\">Histoires \u00e0 c\u00e2liner &#8211; Ma maman \u00e0 moi<\/strong><br data-start=\"127\" data-end=\"130\" \/>Un premier livre tout doux sp\u00e9cialement con\u00e7u pour accompagner b\u00e9b\u00e9 lors du moment du coucher. Avec son histoire tendre et rythm\u00e9e, ce livre invite \u00e0 un c\u00e2lin chaleureux entre parent et enfant. Les diff\u00e9rentes mati\u00e8res \u00e0 toucher \u00e9veillent la curiosit\u00e9 et les sens de b\u00e9b\u00e9, pour un moment de douceur, d\u2019\u00e9veil et de complicit\u00e9. Un compagnon id\u00e9al pour apaiser et rassurer les tout-petits avant de s\u2019endormir.<\/p>\n","protected":false},"excerpt":{"rendered":"<p><strong data-start=\"54\" data-end=\"94\">Histoires \u00e0 c\u00e2liner &#8211; Ma maman \u00e0 moi<\/strong><br data-start=\"94\" data-end=\"97\" \/>Un livre tendre et tout doux pour un moment c\u00e2lin avant le dodo. Avec ses textures \u00e0 toucher, il \u00e9veille la curiosit\u00e9 de b\u00e9b\u00e9 et cr\u00e9e un instant complice avec maman. Parfait pour apaiser et accompagner les tout-petits au coucher !<\/p>\n","protected":false},"featured_media":24069,"comment_status":"open","ping_status":"closed","template":"","meta":{"inline_featured_image":false},"product_cat":[3950,198],"product_tag":[],"class_list":{"0":"post-24067","1":"product","2":"type-product","3":"status-publish","4":"has-post-thumbnail","6":"product_cat-les-livres-cartonnes-francais","7":"product_cat-livres-animes","9":"first","10":"instock","11":"shipping-taxable","12":"purchasable","13":"product-type-simple"},"_links":{"self":[{"href":"https:\/\/baralivres.ma\/index.php?rest_route=\/wp\/v2\/product\/24067","targetHints":{"allow":["GET"]}}],"collection":[{"href":"https:\/\/baralivres.ma\/index.php?rest_route=\/wp\/v2\/product"}],"about":[{"href":"https:\/\/baralivres.ma\/index.php?rest_route=\/wp\/v2\/types\/product"}],"replies":[{"embeddable":true,"href":"https:\/\/baralivres.ma\/index.php?rest_route=%2Fwp%2Fv2%2Fcomments&post=24067"}],"version-history":[{"count":2,"href":"https:\/\/baralivres.ma\/index.php?rest_route=\/wp\/v2\/product\/24067\/revisions"}],"predecessor-version":[{"id":24074,"href":"https:\/\/baralivres.ma\/index.php?rest_route=\/wp\/v2\/product\/24067\/revisions\/24074"}],"wp:featuredmedia":[{"embeddable":true,"href":"https:\/\/baralivres.ma\/index.php?rest_route=\/wp\/v2\/media\/24069"}],"wp:attachment":[{"href":"https:\/\/baralivres.ma\/index.php?rest_route=%2Fwp%2Fv2%2Fmedia&parent=24067"}],"wp:term":[{"taxonomy":"product_cat","embeddable":true,"href":"https:\/\/baralivres.ma\/index.php?rest_route=%2Fwp%2Fv2%2Fproduct_cat&post=24067"},{"taxonomy":"product_tag","embeddable":true,"href":"https:\/\/baralivres.ma\/index.php?rest_route=%2Fwp%2Fv2%2Fproduct_tag&post=24067"}],"curies":[{"name":"wp","href":"https:\/\/api.w.org\/{rel}","templated":true}]}}