{"id":24060,"date":"2025-06-25T11:28:06","date_gmt":"2025-06-25T10:28:06","guid":{"rendered":"https:\/\/baralivres.ma\/?post_type=product&#038;p=24060"},"modified":"2025-06-25T11:28:07","modified_gmt":"2025-06-25T10:28:07","slug":"ptit-loup-mon-livre-sonore-les-animaux","status":"publish","type":"product","link":"https:\/\/baralivres.ma\/?product=ptit-loup-mon-livre-sonore-les-animaux","title":{"rendered":"P&rsquo;tit Loup &#8211; Mon livre sonore &#8211; Les animaux"},"content":{"rendered":"<p data-start=\"108\" data-end=\"415\"><strong data-start=\"108\" data-end=\"155\">P&rsquo;tit Loup &#8211; Mon livre sonore &#8211; Les animaux<\/strong><br data-start=\"155\" data-end=\"158\" \/>D\u00e9couvrez un tout nouveau format de livre sonore avec P&rsquo;tit Loup !<br data-start=\"224\" data-end=\"227\" \/>Ce livre interactif est \u00e9quip\u00e9 d\u2019un module sonore innovant comportant 20 touches.<br data-start=\"308\" data-end=\"311\" \/>Chaque touche d\u00e9clenche 5 sons diff\u00e9rents : cris d\u2019animaux vari\u00e9s et ambiances naturelles captivantes.<\/p>\n<p data-start=\"417\" data-end=\"675\">Explorez 20 doubles-pages aux univers fascinants : la savane, le Grand Nord, la jungle, et bien plus encore.<br data-start=\"525\" data-end=\"528\" \/>Pour finir, un quiz ludique invite les enfants \u00e0 reconna\u00eetre les cris des animaux entendus, pour un moment d\u2019apprentissage amusant et interactif.<\/p>\n<p data-start=\"677\" data-end=\"800\">Un compagnon parfait pour \u00e9veiller la curiosit\u00e9 des tout-petits et leur faire d\u00e9couvrir la richesse des sons de la nature !<\/p>\n","protected":false},"excerpt":{"rendered":"<p><strong data-start=\"66\" data-end=\"113\">P&rsquo;tit Loup &#8211; Mon livre sonore &#8211; Les animaux<\/strong><br data-start=\"113\" data-end=\"116\" \/>Un nouveau livre sonore interactif avec 20 touches pour \u00e9couter 5 sons par touche : cris d\u2019animaux et bruits d\u2019ambiance.<br data-start=\"236\" data-end=\"239\" \/>Parcourez 20 univers fascinants comme la savane, la jungle ou le Grand Nord.<br data-start=\"315\" data-end=\"318\" \/>Terminez par un quiz amusant pour deviner les cris d\u2019animaux.<br data-start=\"379\" data-end=\"382\" \/>Id\u00e9al pour \u00e9veiller les tout-petits \u00e0 la nature en s\u2019amusant !<\/p>\n","protected":false},"featured_media":24062,"comment_status":"open","ping_status":"closed","template":"","meta":{"inline_featured_image":false},"product_cat":[3944,197],"product_tag":[],"class_list":{"0":"post-24060","1":"product","2":"type-product","3":"status-publish","4":"has-post-thumbnail","6":"product_cat-les-livres-sonore-francais","7":"product_cat-livre-sonore","9":"first","10":"instock","11":"shipping-taxable","12":"purchasable","13":"product-type-simple"},"_links":{"self":[{"href":"https:\/\/baralivres.ma\/index.php?rest_route=\/wp\/v2\/product\/24060","targetHints":{"allow":["GET"]}}],"collection":[{"href":"https:\/\/baralivres.ma\/index.php?rest_route=\/wp\/v2\/product"}],"about":[{"href":"https:\/\/baralivres.ma\/index.php?rest_route=\/wp\/v2\/types\/product"}],"replies":[{"embeddable":true,"href":"https:\/\/baralivres.ma\/index.php?rest_route=%2Fwp%2Fv2%2Fcomments&post=24060"}],"version-history":[{"count":2,"href":"https:\/\/baralivres.ma\/index.php?rest_route=\/wp\/v2\/product\/24060\/revisions"}],"predecessor-version":[{"id":24068,"href":"https:\/\/baralivres.ma\/index.php?rest_route=\/wp\/v2\/product\/24060\/revisions\/24068"}],"wp:featuredmedia":[{"embeddable":true,"href":"https:\/\/baralivres.ma\/index.php?rest_route=\/wp\/v2\/media\/24062"}],"wp:attachment":[{"href":"https:\/\/baralivres.ma\/index.php?rest_route=%2Fwp%2Fv2%2Fmedia&parent=24060"}],"wp:term":[{"taxonomy":"product_cat","embeddable":true,"href":"https:\/\/baralivres.ma\/index.php?rest_route=%2Fwp%2Fv2%2Fproduct_cat&post=24060"},{"taxonomy":"product_tag","embeddable":true,"href":"https:\/\/baralivres.ma\/index.php?rest_route=%2Fwp%2Fv2%2Fproduct_tag&post=24060"}],"curies":[{"name":"wp","href":"https:\/\/api.w.org\/{rel}","templated":true}]}}