{"id":24053,"date":"2025-06-25T10:19:16","date_gmt":"2025-06-25T09:19:16","guid":{"rendered":"https:\/\/baralivres.ma\/?post_type=product&#038;p=24053"},"modified":"2025-06-25T10:19:17","modified_gmt":"2025-06-25T09:19:17","slug":"ptit-loup-mes-200-premiers-mots","status":"publish","type":"product","link":"https:\/\/baralivres.ma\/?product=ptit-loup-mes-200-premiers-mots","title":{"rendered":"P&rsquo;TIT LOUP &#8211; MES 200 PREMIERS MOTS"},"content":{"rendered":"<p data-start=\"157\" data-end=\"276\"><strong data-start=\"157\" data-end=\"198\">\ud83d\udcd8 P\u2019tit Loup \u2013 Mes 200 Premiers Mots<\/strong><br data-start=\"198\" data-end=\"201\" \/>Un imagier tout en douceur pour apprendre en s\u2019amusant avec P\u2019tit Loup ! \ud83d\udc3e<\/p>\n<p data-start=\"278\" data-end=\"484\">Avec <strong data-start=\"283\" data-end=\"316\">12 grands th\u00e8mes du quotidien<\/strong> (la maison, les jouets, les v\u00eatements, les aliments&#8230;), ce livre pr\u00e9sente <strong data-start=\"392\" data-end=\"415\">200 mots essentiels<\/strong> pour accompagner les tout-petits dans leurs premi\u00e8res d\u00e9couvertes.<\/p>\n<p data-start=\"486\" data-end=\"685\">Gr\u00e2ce \u00e0 des illustrations color\u00e9es et famili\u00e8res, les enfants apprennent \u00e0 <strong data-start=\"561\" data-end=\"597\">nommer, reconna\u00eetre et m\u00e9moriser<\/strong> les objets qui les entourent, tout en partageant un moment complice avec leurs parents.<\/p>\n<p data-start=\"687\" data-end=\"800\">\ud83d\udca1 <strong data-start=\"690\" data-end=\"724\">Un imagier ludique et \u00e9ducatif<\/strong>, id\u00e9al pour enrichir le vocabulaire des tout-petits d\u00e8s le plus jeune \u00e2ge<\/p>\n","protected":false},"excerpt":{"rendered":"<p><strong data-start=\"68\" data-end=\"124\">Avec P\u2019tit Loup, d\u00e9couvre 200 mots du quotidien ! \ud83d\udc3e<\/strong><br data-start=\"124\" data-end=\"127\" \/>12 th\u00e8mes pour apprendre en s\u2019amusant : maison, jouets, v\u00eatements\u2026<br data-start=\"193\" data-end=\"196\" \/>Parfait pour les tout-petits qui commencent \u00e0 parler ! \u2728\ud83d\udcda<\/p>\n","protected":false},"featured_media":24055,"comment_status":"open","ping_status":"closed","template":"","meta":{"inline_featured_image":false},"product_cat":[3950,198],"product_tag":[],"class_list":{"0":"post-24053","1":"product","2":"type-product","3":"status-publish","4":"has-post-thumbnail","6":"product_cat-les-livres-cartonnes-francais","7":"product_cat-livres-animes","9":"first","10":"instock","11":"shipping-taxable","12":"purchasable","13":"product-type-simple"},"_links":{"self":[{"href":"https:\/\/baralivres.ma\/index.php?rest_route=\/wp\/v2\/product\/24053","targetHints":{"allow":["GET"]}}],"collection":[{"href":"https:\/\/baralivres.ma\/index.php?rest_route=\/wp\/v2\/product"}],"about":[{"href":"https:\/\/baralivres.ma\/index.php?rest_route=\/wp\/v2\/types\/product"}],"replies":[{"embeddable":true,"href":"https:\/\/baralivres.ma\/index.php?rest_route=%2Fwp%2Fv2%2Fcomments&post=24053"}],"version-history":[{"count":2,"href":"https:\/\/baralivres.ma\/index.php?rest_route=\/wp\/v2\/product\/24053\/revisions"}],"predecessor-version":[{"id":24061,"href":"https:\/\/baralivres.ma\/index.php?rest_route=\/wp\/v2\/product\/24053\/revisions\/24061"}],"wp:featuredmedia":[{"embeddable":true,"href":"https:\/\/baralivres.ma\/index.php?rest_route=\/wp\/v2\/media\/24055"}],"wp:attachment":[{"href":"https:\/\/baralivres.ma\/index.php?rest_route=%2Fwp%2Fv2%2Fmedia&parent=24053"}],"wp:term":[{"taxonomy":"product_cat","embeddable":true,"href":"https:\/\/baralivres.ma\/index.php?rest_route=%2Fwp%2Fv2%2Fproduct_cat&post=24053"},{"taxonomy":"product_tag","embeddable":true,"href":"https:\/\/baralivres.ma\/index.php?rest_route=%2Fwp%2Fv2%2Fproduct_tag&post=24053"}],"curies":[{"name":"wp","href":"https:\/\/api.w.org\/{rel}","templated":true}]}}