{"id":24048,"date":"2025-06-25T10:12:20","date_gmt":"2025-06-25T09:12:20","guid":{"rendered":"https:\/\/baralivres.ma\/?post_type=product&#038;p=24048"},"modified":"2025-06-25T10:12:20","modified_gmt":"2025-06-25T09:12:20","slug":"limagier-de-sophie-la-girafe","status":"publish","type":"product","link":"https:\/\/baralivres.ma\/?product=limagier-de-sophie-la-girafe","title":{"rendered":"L\u2019imagier de Sophie la Girafe"},"content":{"rendered":"<p data-start=\"94\" data-end=\"185\"><strong data-start=\"94\" data-end=\"127\">L\u2019Imagier de Sophie la Girafe<\/strong><br data-start=\"127\" data-end=\"130\" \/>Le tout premier imagier de b\u00e9b\u00e9 avec Sophie la Girafe !<\/p>\n<p data-start=\"187\" data-end=\"439\">Plongez dans l\u2019univers tendre, color\u00e9 et rassurant de Sophie la Girafe avec cet imagier sp\u00e9cialement con\u00e7u pour les tout-petits. Gr\u00e2ce \u00e0 ses images simples et ses pages rigides, ce livre accompagne les enfants dans la d\u00e9couverte de leurs premiers mots.<\/p>\n<p data-start=\"441\" data-end=\"705\">\u00c0 travers 12 th\u00e8mes du quotidien \u2014 la maison, les jouets, les v\u00eatements, la salle de bain, la nature, les fruits et l\u00e9gumes, les repas, la ferme, les animaux sauvages, les animaux marins, le ciel et les transports \u2014 l\u2019enfant d\u00e9veloppe son vocabulaire en s\u2019amusant.<\/p>\n<p data-start=\"707\" data-end=\"822\">Un livre id\u00e9al pour \u00e9veiller la curiosit\u00e9, encourager l\u2019observation et favoriser le langage d\u00e8s le plus jeune \u00e2ge !<\/p>\n","protected":false},"excerpt":{"rendered":"<p>\ud83e\udd92 <strong data-start=\"73\" data-end=\"106\">L\u2019imagier de Sophie la Girafe<\/strong><br data-start=\"106\" data-end=\"109\" \/>Le tout premier imagier des petits pour apprendre ses premiers mots en s\u2019amusant !<br data-start=\"191\" data-end=\"194\" \/>\ud83d\udcda 12 th\u00e8mes : la maison, les jouets, les animaux, les fruits&#8230;<br data-start=\"258\" data-end=\"261\" data-is-only-node=\"\" \/>Un livre color\u00e9, doux et parfait d\u00e8s le plus jeune \u00e2ge \ud83d\udc9b<\/p>\n","protected":false},"featured_media":24049,"comment_status":"open","ping_status":"closed","template":"","meta":{"inline_featured_image":false},"product_cat":[3950,198],"product_tag":[],"class_list":{"0":"post-24048","1":"product","2":"type-product","3":"status-publish","4":"has-post-thumbnail","6":"product_cat-les-livres-cartonnes-francais","7":"product_cat-livres-animes","9":"first","10":"instock","11":"shipping-taxable","12":"purchasable","13":"product-type-simple"},"_links":{"self":[{"href":"https:\/\/baralivres.ma\/index.php?rest_route=\/wp\/v2\/product\/24048","targetHints":{"allow":["GET"]}}],"collection":[{"href":"https:\/\/baralivres.ma\/index.php?rest_route=\/wp\/v2\/product"}],"about":[{"href":"https:\/\/baralivres.ma\/index.php?rest_route=\/wp\/v2\/types\/product"}],"replies":[{"embeddable":true,"href":"https:\/\/baralivres.ma\/index.php?rest_route=%2Fwp%2Fv2%2Fcomments&post=24048"}],"version-history":[{"count":2,"href":"https:\/\/baralivres.ma\/index.php?rest_route=\/wp\/v2\/product\/24048\/revisions"}],"predecessor-version":[{"id":24054,"href":"https:\/\/baralivres.ma\/index.php?rest_route=\/wp\/v2\/product\/24048\/revisions\/24054"}],"wp:featuredmedia":[{"embeddable":true,"href":"https:\/\/baralivres.ma\/index.php?rest_route=\/wp\/v2\/media\/24049"}],"wp:attachment":[{"href":"https:\/\/baralivres.ma\/index.php?rest_route=%2Fwp%2Fv2%2Fmedia&parent=24048"}],"wp:term":[{"taxonomy":"product_cat","embeddable":true,"href":"https:\/\/baralivres.ma\/index.php?rest_route=%2Fwp%2Fv2%2Fproduct_cat&post=24048"},{"taxonomy":"product_tag","embeddable":true,"href":"https:\/\/baralivres.ma\/index.php?rest_route=%2Fwp%2Fv2%2Fproduct_tag&post=24048"}],"curies":[{"name":"wp","href":"https:\/\/api.w.org\/{rel}","templated":true}]}}