{"id":24043,"date":"2025-06-25T10:06:27","date_gmt":"2025-06-25T09:06:27","guid":{"rendered":"https:\/\/baralivres.ma\/?post_type=product&#038;p=24043"},"modified":"2025-06-25T10:06:27","modified_gmt":"2025-06-25T09:06:27","slug":"cherche-et-trouve-des-tout-petits-au-dodo","status":"publish","type":"product","link":"https:\/\/baralivres.ma\/?product=cherche-et-trouve-des-tout-petits-au-dodo","title":{"rendered":"Cherche et Trouve des tout-petits &#8211; Au dodo"},"content":{"rendered":"<p data-start=\"84\" data-end=\"472\">\ud83c\udf19 <strong data-start=\"87\" data-end=\"98\">Au dodo<\/strong> \u2013 Un voyage magique au pays des r\u00eaves !<br data-start=\"138\" data-end=\"141\" \/>\u00c0 travers <strong data-start=\"151\" data-end=\"191\">9 grandes planches riches en d\u00e9tails<\/strong>, les tout-petits d\u00e9couvrent l\u2019univers doux et myst\u00e9rieux du <strong data-start=\"252\" data-end=\"276\">sommeil et des r\u00eaves<\/strong>. Leur mission ? Observer et retrouver <strong data-start=\"315\" data-end=\"351\">7 \u00e9l\u00e9ments cach\u00e9s + une mascotte<\/strong> sur chaque page : animaux endormis, \u00e9toiles filantes, Peter Pan, le marchand de sable\u2026 un monde enchant\u00e9 s\u2019ouvre \u00e0 eux !<\/p>\n<p data-start=\"474\" data-end=\"637\">\u2728 <strong data-start=\"476\" data-end=\"498\">Petit plus magique<\/strong> : certains \u00e9l\u00e9ments sont imprim\u00e9s avec du <strong data-start=\"541\" data-end=\"566\">vernis phosphorescent<\/strong> pour appara\u00eetre dans le noir ! Une surprise \u00e0 chaque lecture du soir !<\/p>\n<p data-start=\"639\" data-end=\"724\">Un <strong data-start=\"642\" data-end=\"685\">livre d\u2019observation ludique et apaisant<\/strong>, id\u00e9al pour le rituel du coucher. \ud83c\udf0c\ud83d\udca4<\/p>\n","protected":false},"excerpt":{"rendered":"<p><strong data-start=\"73\" data-end=\"84\">Au dodo<\/strong> \u2013 Un livre magique pour le soir !<br data-start=\"118\" data-end=\"121\" \/>Pars \u00e0 la recherche des \u00e9toiles, animaux endormis et personnages f\u00e9eriques\u2026<br data-start=\"196\" data-end=\"199\" \/>\u2728 Gr\u00e2ce au <strong data-start=\"210\" data-end=\"235\">vernis phosphorescent<\/strong>, certaines surprises apparaissent dans le noir !<br data-start=\"284\" data-end=\"287\" \/>Un joli rituel avant de dormir \ud83d\udcab\ud83d\udca4<\/p>\n","protected":false},"featured_media":24044,"comment_status":"open","ping_status":"closed","template":"","meta":{"inline_featured_image":false},"product_cat":[3951,3950],"product_tag":[],"class_list":{"0":"post-24043","1":"product","2":"type-product","3":"status-publish","4":"has-post-thumbnail","6":"product_cat-les-livres-cartonnes-anglais","7":"product_cat-les-livres-cartonnes-francais","9":"first","10":"instock","11":"shipping-taxable","12":"purchasable","13":"product-type-simple"},"_links":{"self":[{"href":"https:\/\/baralivres.ma\/index.php?rest_route=\/wp\/v2\/product\/24043","targetHints":{"allow":["GET"]}}],"collection":[{"href":"https:\/\/baralivres.ma\/index.php?rest_route=\/wp\/v2\/product"}],"about":[{"href":"https:\/\/baralivres.ma\/index.php?rest_route=\/wp\/v2\/types\/product"}],"replies":[{"embeddable":true,"href":"https:\/\/baralivres.ma\/index.php?rest_route=%2Fwp%2Fv2%2Fcomments&post=24043"}],"version-history":[{"count":1,"href":"https:\/\/baralivres.ma\/index.php?rest_route=\/wp\/v2\/product\/24043\/revisions"}],"predecessor-version":[{"id":24047,"href":"https:\/\/baralivres.ma\/index.php?rest_route=\/wp\/v2\/product\/24043\/revisions\/24047"}],"wp:featuredmedia":[{"embeddable":true,"href":"https:\/\/baralivres.ma\/index.php?rest_route=\/wp\/v2\/media\/24044"}],"wp:attachment":[{"href":"https:\/\/baralivres.ma\/index.php?rest_route=%2Fwp%2Fv2%2Fmedia&parent=24043"}],"wp:term":[{"taxonomy":"product_cat","embeddable":true,"href":"https:\/\/baralivres.ma\/index.php?rest_route=%2Fwp%2Fv2%2Fproduct_cat&post=24043"},{"taxonomy":"product_tag","embeddable":true,"href":"https:\/\/baralivres.ma\/index.php?rest_route=%2Fwp%2Fv2%2Fproduct_tag&post=24043"}],"curies":[{"name":"wp","href":"https:\/\/api.w.org\/{rel}","templated":true}]}}