{"id":24037,"date":"2025-06-25T10:01:48","date_gmt":"2025-06-25T09:01:48","guid":{"rendered":"https:\/\/baralivres.ma\/?post_type=product&#038;p=24037"},"modified":"2025-06-25T10:01:49","modified_gmt":"2025-06-25T09:01:49","slug":"je-deviens-grand-mes-emotions","status":"publish","type":"product","link":"https:\/\/baralivres.ma\/?product=je-deviens-grand-mes-emotions","title":{"rendered":"Je deviens grand &#8211; Mes \u00e9motions"},"content":{"rendered":"<p data-start=\"130\" data-end=\"738\"><strong data-start=\"130\" data-end=\"211\">Je deviens grand : Mes \u00e9motions \u2013 10 accomplissements pour g\u00e9rer mes \u00e9motions<\/strong><br data-start=\"211\" data-end=\"214\" \/>Un grand livre interactif et ludique pour accompagner les enfants sur le chemin de la croissance \u00e9motionnelle ! Gr\u00e2ce \u00e0 10 accomplissements \u00e0 animer, les petits lecteurs d\u00e9couvrent et apprivoisent leurs \u00e9motions de mani\u00e8re simple et concr\u00e8te. Joie, col\u00e8re, peur, frustration, mais aussi patience, timidit\u00e9 ou fiert\u00e9 : chaque \u00e9motion est expliqu\u00e9e avec des mots adapt\u00e9s et des m\u00e9canismes \u00e0 activer pour mieux les comprendre et les g\u00e9rer.<br data-start=\"650\" data-end=\"653\" \/>Un outil pr\u00e9cieux pour aider votre enfant \u00e0 grandir en confiance\u2026 tout en s\u2019amusant !<\/p>\n<p data-start=\"740\" data-end=\"962\">\ud83c\udf08 <strong data-start=\"743\" data-end=\"805\">Un livre pour apprendre \u00e0 mettre des mots sur ses \u00e9motions<\/strong><br data-start=\"805\" data-end=\"808\" \/>\ud83e\udde0 <strong data-start=\"811\" data-end=\"879\">Des animations ludiques pour encourager l\u2019autonomie \u00e9motionnelle<\/strong><br data-start=\"879\" data-end=\"882\" \/>\ud83d\udc96 <strong data-start=\"885\" data-end=\"962\">Une belle fa\u00e7on de dire : \u00ab\u00a0Je deviens grand(e) et j\u2019en suis fier\/fi\u00e8re !\u00a0\u00bb<\/strong><\/p>\n","protected":false},"excerpt":{"rendered":"<p>\u2728 <strong data-start=\"79\" data-end=\"114\">Je deviens grand : Mes \u00e9motions<\/strong><br data-start=\"114\" data-end=\"117\" \/>Un livre interactif pour aider les enfants \u00e0 comprendre et g\u00e9rer leurs \u00e9motions \ud83e\udde0\ud83d\udc9b<br data-start=\"201\" data-end=\"204\" \/>\ud83c\udfaf 10 accomplissements ludiques pour grandir en confiance !<\/p>\n","protected":false},"featured_media":24038,"comment_status":"open","ping_status":"closed","template":"","meta":{"inline_featured_image":false},"product_cat":[3950,198,200],"product_tag":[],"class_list":{"0":"post-24037","1":"product","2":"type-product","3":"status-publish","4":"has-post-thumbnail","6":"product_cat-les-livres-cartonnes-francais","7":"product_cat-livres-animes","8":"product_cat-activites","10":"first","11":"instock","12":"shipping-taxable","13":"purchasable","14":"product-type-simple"},"_links":{"self":[{"href":"https:\/\/baralivres.ma\/index.php?rest_route=\/wp\/v2\/product\/24037","targetHints":{"allow":["GET"]}}],"collection":[{"href":"https:\/\/baralivres.ma\/index.php?rest_route=\/wp\/v2\/product"}],"about":[{"href":"https:\/\/baralivres.ma\/index.php?rest_route=\/wp\/v2\/types\/product"}],"replies":[{"embeddable":true,"href":"https:\/\/baralivres.ma\/index.php?rest_route=%2Fwp%2Fv2%2Fcomments&post=24037"}],"version-history":[{"count":1,"href":"https:\/\/baralivres.ma\/index.php?rest_route=\/wp\/v2\/product\/24037\/revisions"}],"predecessor-version":[{"id":24042,"href":"https:\/\/baralivres.ma\/index.php?rest_route=\/wp\/v2\/product\/24037\/revisions\/24042"}],"wp:featuredmedia":[{"embeddable":true,"href":"https:\/\/baralivres.ma\/index.php?rest_route=\/wp\/v2\/media\/24038"}],"wp:attachment":[{"href":"https:\/\/baralivres.ma\/index.php?rest_route=%2Fwp%2Fv2%2Fmedia&parent=24037"}],"wp:term":[{"taxonomy":"product_cat","embeddable":true,"href":"https:\/\/baralivres.ma\/index.php?rest_route=%2Fwp%2Fv2%2Fproduct_cat&post=24037"},{"taxonomy":"product_tag","embeddable":true,"href":"https:\/\/baralivres.ma\/index.php?rest_route=%2Fwp%2Fv2%2Fproduct_tag&post=24037"}],"curies":[{"name":"wp","href":"https:\/\/api.w.org\/{rel}","templated":true}]}}