{"id":24033,"date":"2025-06-25T09:50:27","date_gmt":"2025-06-25T08:50:27","guid":{"rendered":"https:\/\/baralivres.ma\/?post_type=product&#038;p=24033"},"modified":"2025-06-25T09:50:27","modified_gmt":"2025-06-25T08:50:27","slug":"puzzle-cherche-et-trouve-espace","status":"publish","type":"product","link":"https:\/\/baralivres.ma\/?product=puzzle-cherche-et-trouve-espace","title":{"rendered":"Puzzle Cherche et Trouve \u2013 Espace"},"content":{"rendered":"<p data-start=\"87\" data-end=\"179\">\ud83d\ude80 <strong data-start=\"90\" data-end=\"127\">Puzzle Cherche et Trouve \u2013 Espace<\/strong> \ud83c\udf0c<br data-start=\"130\" data-end=\"133\" \/>Un voyage passionnant au c\u0153ur de l\u2019univers !<\/p>\n<p data-start=\"181\" data-end=\"447\">Ce magnifique puzzle de 100 pi\u00e8ces invite les enfants d\u00e8s 6 ans \u00e0 explorer les merveilles de l\u2019espace tout en s\u2019amusant \u00e0 retrouver les \u00e9l\u00e9ments cach\u00e9s dans l\u2019illustration. Une activit\u00e9 ludique et \u00e9ducative qui d\u00e9veloppe le sens de l\u2019observation et la concentration.<\/p>\n<p data-start=\"449\" data-end=\"515\">\ud83e\udde9 Format : 61 x 42 cm<br data-start=\"471\" data-end=\"474\" \/>\ud83d\udcdc Inclus : un grand poster recto-verso<\/p>\n<ul data-start=\"516\" data-end=\"612\">\n<li data-start=\"516\" data-end=\"562\">\n<p data-start=\"518\" data-end=\"562\">Face 1 : la belle illustration de l\u2019espace<\/p>\n<\/li>\n<li data-start=\"563\" data-end=\"612\">\n<p data-start=\"565\" data-end=\"612\">Face 2 : les objets \u00e0 chercher dans le puzzle<\/p>\n<\/li>\n<\/ul>\n<p data-start=\"614\" data-end=\"690\">\u2728 Fabriqu\u00e9 en France<br data-start=\"634\" data-end=\"637\" \/>\ud83e\ude90 Th\u00e8me : l\u2019univers et l\u2019astronomie<br data-start=\"673\" data-end=\"676\" \/>\ud83d\udc66 D\u00e8s 6 ans<\/p>\n<p data-start=\"692\" data-end=\"773\">Une belle id\u00e9e cadeau pour les petits curieux passionn\u00e9s d\u2019\u00e9toiles et de fus\u00e9es !<\/p>\n","protected":false},"excerpt":{"rendered":"<p>\ud83d\ude80 <strong data-start=\"60\" data-end=\"96\">Explore l\u2019univers en t\u2019amusant !<\/strong><br data-start=\"96\" data-end=\"99\" \/>Puzzle Cherche et Trouve \u2013 Espace \ud83c\udf0c<br data-start=\"135\" data-end=\"138\" \/>100 pi\u00e8ces, d\u00e8s 6 ans \ud83e\udde9<br data-start=\"162\" data-end=\"165\" data-is-only-node=\"\" \/>Avec poster recto-verso pour retrouver les \u00e9l\u00e9ments cach\u00e9s !<br data-start=\"225\" data-end=\"228\" \/>\u2728 Fabriqu\u00e9 en France<br data-start=\"248\" data-end=\"251\" \/>Un super jeu d\u2019observation pour les petits astronautes \ud83d\udc68\u200d\ud83d\ude80\ud83d\udc69\u200d\ud83d\ude80<\/p>\n","protected":false},"featured_media":24034,"comment_status":"open","ping_status":"closed","template":"","meta":{"inline_featured_image":false},"product_cat":[3875,201,212,200],"product_tag":[],"class_list":{"0":"post-24033","1":"product","2":"type-product","3":"status-publish","4":"has-post-thumbnail","6":"product_cat-coffret-francais","7":"product_cat-coffret","8":"product_cat-puzzle","9":"product_cat-activites","11":"first","12":"instock","13":"shipping-taxable","14":"purchasable","15":"product-type-simple"},"_links":{"self":[{"href":"https:\/\/baralivres.ma\/index.php?rest_route=\/wp\/v2\/product\/24033","targetHints":{"allow":["GET"]}}],"collection":[{"href":"https:\/\/baralivres.ma\/index.php?rest_route=\/wp\/v2\/product"}],"about":[{"href":"https:\/\/baralivres.ma\/index.php?rest_route=\/wp\/v2\/types\/product"}],"replies":[{"embeddable":true,"href":"https:\/\/baralivres.ma\/index.php?rest_route=%2Fwp%2Fv2%2Fcomments&post=24033"}],"version-history":[{"count":1,"href":"https:\/\/baralivres.ma\/index.php?rest_route=\/wp\/v2\/product\/24033\/revisions"}],"predecessor-version":[{"id":24036,"href":"https:\/\/baralivres.ma\/index.php?rest_route=\/wp\/v2\/product\/24033\/revisions\/24036"}],"wp:featuredmedia":[{"embeddable":true,"href":"https:\/\/baralivres.ma\/index.php?rest_route=\/wp\/v2\/media\/24034"}],"wp:attachment":[{"href":"https:\/\/baralivres.ma\/index.php?rest_route=%2Fwp%2Fv2%2Fmedia&parent=24033"}],"wp:term":[{"taxonomy":"product_cat","embeddable":true,"href":"https:\/\/baralivres.ma\/index.php?rest_route=%2Fwp%2Fv2%2Fproduct_cat&post=24033"},{"taxonomy":"product_tag","embeddable":true,"href":"https:\/\/baralivres.ma\/index.php?rest_route=%2Fwp%2Fv2%2Fproduct_tag&post=24033"}],"curies":[{"name":"wp","href":"https:\/\/api.w.org\/{rel}","templated":true}]}}