{"id":24019,"date":"2025-06-24T18:04:17","date_gmt":"2025-06-24T17:04:17","guid":{"rendered":"https:\/\/baralivres.ma\/?post_type=product&#038;p=24019"},"modified":"2025-06-24T18:04:18","modified_gmt":"2025-06-24T17:04:18","slug":"ma-mode-de-stars","status":"publish","type":"product","link":"https:\/\/baralivres.ma\/?product=ma-mode-de-stars","title":{"rendered":"Ma mode de stars"},"content":{"rendered":"<p><strong data-start=\"77\" data-end=\"97\">Ma mode de stars<\/strong><br data-start=\"97\" data-end=\"100\" \/>Un super cahier \u00e0 spirales consacr\u00e9 \u00e0 la mode avec <strong data-start=\"151\" data-end=\"165\">40 mod\u00e8les<\/strong> \u00e0 habiller gr\u00e2ce \u00e0 <strong data-start=\"185\" data-end=\"205\">200 autocollants<\/strong> color\u00e9s et styl\u00e9s. Plonge dans l\u2019univers glamour des stars et cr\u00e9e des tenues uniques et tendances !<br data-start=\"306\" data-end=\"309\" data-is-only-node=\"\" \/>En bonus, une planche de <strong data-start=\"334\" data-end=\"345\">tattoos<\/strong> est offerte pour personnaliser ton look et assortir ton style \u00e0 celui de ton carnet.<br data-start=\"430\" data-end=\"433\" \/>Un cahier ludique et cr\u00e9atif pour toutes les passionn\u00e9es de mode<\/p>\n","protected":false},"excerpt":{"rendered":"<p><strong data-start=\"45\" data-end=\"65\">Ma mode de stars<\/strong><br data-start=\"65\" data-end=\"68\" \/>40 mod\u00e8les \u00e0 habiller avec 200 autocollants styl\u00e9s ! Cr\u00e9e des looks de stars uniques et tendance.<br data-start=\"165\" data-end=\"168\" \/>En cadeau, une planche de tattoos pour compl\u00e9ter ton style avec originalit\u00e9.<br data-start=\"244\" data-end=\"247\" \/>Un cahier super fun pour les fans de mode !<\/p>\n","protected":false},"featured_media":24020,"comment_status":"open","ping_status":"closed","template":"","meta":{"inline_featured_image":false},"product_cat":[215,200],"product_tag":[],"class_list":{"0":"post-24019","1":"product","2":"type-product","3":"status-publish","4":"has-post-thumbnail","6":"product_cat-enfant","7":"product_cat-activites","9":"first","10":"instock","11":"shipping-taxable","12":"purchasable","13":"product-type-simple"},"_links":{"self":[{"href":"https:\/\/baralivres.ma\/index.php?rest_route=\/wp\/v2\/product\/24019","targetHints":{"allow":["GET"]}}],"collection":[{"href":"https:\/\/baralivres.ma\/index.php?rest_route=\/wp\/v2\/product"}],"about":[{"href":"https:\/\/baralivres.ma\/index.php?rest_route=\/wp\/v2\/types\/product"}],"replies":[{"embeddable":true,"href":"https:\/\/baralivres.ma\/index.php?rest_route=%2Fwp%2Fv2%2Fcomments&post=24019"}],"version-history":[{"count":1,"href":"https:\/\/baralivres.ma\/index.php?rest_route=\/wp\/v2\/product\/24019\/revisions"}],"predecessor-version":[{"id":24027,"href":"https:\/\/baralivres.ma\/index.php?rest_route=\/wp\/v2\/product\/24019\/revisions\/24027"}],"wp:featuredmedia":[{"embeddable":true,"href":"https:\/\/baralivres.ma\/index.php?rest_route=\/wp\/v2\/media\/24020"}],"wp:attachment":[{"href":"https:\/\/baralivres.ma\/index.php?rest_route=%2Fwp%2Fv2%2Fmedia&parent=24019"}],"wp:term":[{"taxonomy":"product_cat","embeddable":true,"href":"https:\/\/baralivres.ma\/index.php?rest_route=%2Fwp%2Fv2%2Fproduct_cat&post=24019"},{"taxonomy":"product_tag","embeddable":true,"href":"https:\/\/baralivres.ma\/index.php?rest_route=%2Fwp%2Fv2%2Fproduct_tag&post=24019"}],"curies":[{"name":"wp","href":"https:\/\/api.w.org\/{rel}","templated":true}]}}