{"id":24013,"date":"2025-06-24T17:58:56","date_gmt":"2025-06-24T16:58:56","guid":{"rendered":"https:\/\/baralivres.ma\/?post_type=product&#038;p=24013"},"modified":"2025-06-24T17:58:56","modified_gmt":"2025-06-24T16:58:56","slug":"ma-mode-neon","status":"publish","type":"product","link":"https:\/\/baralivres.ma\/?product=ma-mode-neon","title":{"rendered":"Ma mode n\u00e9on"},"content":{"rendered":"<p data-start=\"73\" data-end=\"131\"><strong data-start=\"73\" data-end=\"131\">Ma mode n\u00e9on \u2013 40 mod\u00e8les \u2013 200 stickers \u2013 des tattoos<\/strong><\/p>\n<p data-start=\"133\" data-end=\"451\">D\u00e9couvrez un super cahier \u00e0 spirales enti\u00e8rement d\u00e9di\u00e9 \u00e0 la mode n\u00e9on !<br data-start=\"204\" data-end=\"207\" \/>Avec ses <strong data-start=\"216\" data-end=\"237\">40 mod\u00e8les styl\u00e9s<\/strong>, habillez chaque silhouette gr\u00e2ce aux <strong data-start=\"276\" data-end=\"304\">200 autocollants color\u00e9s<\/strong> et tendance.<br data-start=\"317\" data-end=\"320\" \/>Pour parfaire votre look, une planche de <strong data-start=\"361\" data-end=\"377\">tattoos n\u00e9on<\/strong> est \u00e9galement offerte, pour personnaliser votre style avec originalit\u00e9.<\/p>\n<p data-start=\"453\" data-end=\"577\">Un carnet ludique et cr\u00e9atif pour tous les passionn\u00e9s de mode qui aiment s\u2019amuser \u00e0 cr\u00e9er des tenues uniques et \u00e9clatantes !<\/p>\n","protected":false},"excerpt":{"rendered":"<p><strong data-start=\"48\" data-end=\"64\">Ma mode n\u00e9on<\/strong><br data-start=\"64\" data-end=\"67\" \/>Un cahier \u00e0 spirales avec <strong data-start=\"93\" data-end=\"118\">40 mod\u00e8les \u00e0 habiller<\/strong> gr\u00e2ce \u00e0 <strong data-start=\"127\" data-end=\"157\">200 stickers ultra color\u00e9s<\/strong> !<br data-start=\"159\" data-end=\"162\" data-is-only-node=\"\" \/>Pour un style \u00e9clatant, une planche de <strong data-start=\"201\" data-end=\"217\">tattoos n\u00e9on<\/strong> offerte pour compl\u00e9ter ton look tendance.<br data-start=\"259\" data-end=\"262\" \/>Amuse-toi \u00e0 cr\u00e9er des tenues uniques et pleines de peps !<\/p>\n","protected":false},"featured_media":24014,"comment_status":"open","ping_status":"closed","template":"","meta":{"inline_featured_image":false},"product_cat":[215,200],"product_tag":[],"class_list":{"0":"post-24013","1":"product","2":"type-product","3":"status-publish","4":"has-post-thumbnail","6":"product_cat-enfant","7":"product_cat-activites","9":"first","10":"instock","11":"shipping-taxable","12":"purchasable","13":"product-type-simple"},"_links":{"self":[{"href":"https:\/\/baralivres.ma\/index.php?rest_route=\/wp\/v2\/product\/24013","targetHints":{"allow":["GET"]}}],"collection":[{"href":"https:\/\/baralivres.ma\/index.php?rest_route=\/wp\/v2\/product"}],"about":[{"href":"https:\/\/baralivres.ma\/index.php?rest_route=\/wp\/v2\/types\/product"}],"replies":[{"embeddable":true,"href":"https:\/\/baralivres.ma\/index.php?rest_route=%2Fwp%2Fv2%2Fcomments&post=24013"}],"version-history":[{"count":1,"href":"https:\/\/baralivres.ma\/index.php?rest_route=\/wp\/v2\/product\/24013\/revisions"}],"predecessor-version":[{"id":24018,"href":"https:\/\/baralivres.ma\/index.php?rest_route=\/wp\/v2\/product\/24013\/revisions\/24018"}],"wp:featuredmedia":[{"embeddable":true,"href":"https:\/\/baralivres.ma\/index.php?rest_route=\/wp\/v2\/media\/24014"}],"wp:attachment":[{"href":"https:\/\/baralivres.ma\/index.php?rest_route=%2Fwp%2Fv2%2Fmedia&parent=24013"}],"wp:term":[{"taxonomy":"product_cat","embeddable":true,"href":"https:\/\/baralivres.ma\/index.php?rest_route=%2Fwp%2Fv2%2Fproduct_cat&post=24013"},{"taxonomy":"product_tag","embeddable":true,"href":"https:\/\/baralivres.ma\/index.php?rest_route=%2Fwp%2Fv2%2Fproduct_tag&post=24013"}],"curies":[{"name":"wp","href":"https:\/\/api.w.org\/{rel}","templated":true}]}}