{"id":24007,"date":"2025-06-24T17:54:40","date_gmt":"2025-06-24T16:54:40","guid":{"rendered":"https:\/\/baralivres.ma\/?post_type=product&#038;p=24007"},"modified":"2025-06-24T17:54:40","modified_gmt":"2025-06-24T16:54:40","slug":"ma-mode-fashion","status":"publish","type":"product","link":"https:\/\/baralivres.ma\/?product=ma-mode-fashion","title":{"rendered":"Ma mode fashion"},"content":{"rendered":"<p data-start=\"97\" data-end=\"611\"><strong data-start=\"97\" data-end=\"116\">Ma mode fashion<\/strong><br data-start=\"116\" data-end=\"119\" \/>D\u00e9couvrez cette nouvelle collection de bloc-notes cr\u00e9atifs 100% mode !<br data-start=\"189\" data-end=\"192\" \/>Un cahier \u00e0 spirales ultra tendance qui propose 40 mod\u00e8les \u00e0 habiller selon vos envies gr\u00e2ce \u00e0 200 autocollants vari\u00e9s et styl\u00e9s.<br data-start=\"321\" data-end=\"324\" \/>Plongez dans l\u2019univers de la mode fashion et cr\u00e9ez vos looks uniques en combinant v\u00eatements, accessoires et d\u00e9tails mode.<br data-start=\"445\" data-end=\"448\" data-is-only-node=\"\" \/>Pour aller encore plus loin dans la personnalisation, une planche de tatouages temporaires est offerte, id\u00e9ale pour accorder votre style \u00e0 celui de votre carnet.<\/p>\n<p data-start=\"613\" data-end=\"696\">Un cadeau parfait pour les passionn\u00e9s de mode qui aiment exprimer leur cr\u00e9ativit\u00e9 !<\/p>\n","protected":false},"excerpt":{"rendered":"<p><strong data-start=\"48\" data-end=\"67\">Ma mode fashion<\/strong><br data-start=\"67\" data-end=\"70\" \/>Un bloc-notes cr\u00e9atif 100% mode avec 40 mod\u00e8les \u00e0 habiller !<br data-start=\"130\" data-end=\"133\" \/>Plus de 200 autocollants pour cr\u00e9er des looks styl\u00e9s et une planche de tattoos temporaires offerte pour un style parfait.<br data-start=\"254\" data-end=\"257\" \/>Exprime ta cr\u00e9ativit\u00e9 et deviens la star de la mode !<\/p>\n","protected":false},"featured_media":24008,"comment_status":"open","ping_status":"closed","template":"","meta":{"inline_featured_image":false},"product_cat":[215,200],"product_tag":[],"class_list":{"0":"post-24007","1":"product","2":"type-product","3":"status-publish","4":"has-post-thumbnail","6":"product_cat-enfant","7":"product_cat-activites","9":"first","10":"instock","11":"shipping-taxable","12":"purchasable","13":"product-type-simple"},"_links":{"self":[{"href":"https:\/\/baralivres.ma\/index.php?rest_route=\/wp\/v2\/product\/24007","targetHints":{"allow":["GET"]}}],"collection":[{"href":"https:\/\/baralivres.ma\/index.php?rest_route=\/wp\/v2\/product"}],"about":[{"href":"https:\/\/baralivres.ma\/index.php?rest_route=\/wp\/v2\/types\/product"}],"replies":[{"embeddable":true,"href":"https:\/\/baralivres.ma\/index.php?rest_route=%2Fwp%2Fv2%2Fcomments&post=24007"}],"version-history":[{"count":1,"href":"https:\/\/baralivres.ma\/index.php?rest_route=\/wp\/v2\/product\/24007\/revisions"}],"predecessor-version":[{"id":24012,"href":"https:\/\/baralivres.ma\/index.php?rest_route=\/wp\/v2\/product\/24007\/revisions\/24012"}],"wp:featuredmedia":[{"embeddable":true,"href":"https:\/\/baralivres.ma\/index.php?rest_route=\/wp\/v2\/media\/24008"}],"wp:attachment":[{"href":"https:\/\/baralivres.ma\/index.php?rest_route=%2Fwp%2Fv2%2Fmedia&parent=24007"}],"wp:term":[{"taxonomy":"product_cat","embeddable":true,"href":"https:\/\/baralivres.ma\/index.php?rest_route=%2Fwp%2Fv2%2Fproduct_cat&post=24007"},{"taxonomy":"product_tag","embeddable":true,"href":"https:\/\/baralivres.ma\/index.php?rest_route=%2Fwp%2Fv2%2Fproduct_tag&post=24007"}],"curies":[{"name":"wp","href":"https:\/\/api.w.org\/{rel}","templated":true}]}}