{"id":24001,"date":"2025-06-24T17:48:43","date_gmt":"2025-06-24T16:48:43","guid":{"rendered":"https:\/\/baralivres.ma\/?post_type=product&#038;p=24001"},"modified":"2025-06-24T17:48:43","modified_gmt":"2025-06-24T16:48:43","slug":"ma-mode-kawaii","status":"publish","type":"product","link":"https:\/\/baralivres.ma\/?product=ma-mode-kawaii","title":{"rendered":"Ma mode kawaii"},"content":{"rendered":"<p><strong data-start=\"54\" data-end=\"72\">Ma mode kawaii<\/strong><br data-start=\"72\" data-end=\"75\" \/>Un cahier \u00e0 spirales incontournable pour toutes les passionn\u00e9es de mode kawaii ! Avec ses <strong data-start=\"165\" data-end=\"190\">40 mod\u00e8les \u00e0 habiller<\/strong>, ce cahier offre une exp\u00e9rience ludique et cr\u00e9ative. Gr\u00e2ce aux <strong data-start=\"254\" data-end=\"292\">200 autocollants color\u00e9s et styl\u00e9s<\/strong>, les enfants peuvent cr\u00e9er des looks tendance et adorables, typiques de l\u2019univers kawaii. Pour aller encore plus loin dans la personnalisation, une <strong data-start=\"441\" data-end=\"463\" data-is-only-node=\"\">planche de tattoos<\/strong> est offerte, permettant d\u2019accorder son look et de s\u2019amuser \u00e0 composer des styles uniques. Un excellent moyen de d\u00e9velopper le sens du style tout en s\u2019amusant !<\/p>\n","protected":false},"excerpt":{"rendered":"<p data-start=\"51\" data-end=\"294\"><strong data-start=\"51\" data-end=\"69\">Ma mode kawaii<\/strong><br data-start=\"69\" data-end=\"72\" \/>Un cahier \u00e0 spirales fun avec 40 mod\u00e8les \u00e0 habiller gr\u00e2ce \u00e0 200 autocollants styl\u00e9s ! Plonge dans l\u2019univers kawaii et cr\u00e9e des looks trop mignons. En bonus, une planche de tattoos pour compl\u00e9ter ton style \u00e0 la perfection !<\/p>\n","protected":false},"featured_media":24002,"comment_status":"open","ping_status":"closed","template":"","meta":{"inline_featured_image":false},"product_cat":[215,200],"product_tag":[],"class_list":{"0":"post-24001","1":"product","2":"type-product","3":"status-publish","4":"has-post-thumbnail","6":"product_cat-enfant","7":"product_cat-activites","9":"first","10":"instock","11":"shipping-taxable","12":"purchasable","13":"product-type-simple"},"_links":{"self":[{"href":"https:\/\/baralivres.ma\/index.php?rest_route=\/wp\/v2\/product\/24001","targetHints":{"allow":["GET"]}}],"collection":[{"href":"https:\/\/baralivres.ma\/index.php?rest_route=\/wp\/v2\/product"}],"about":[{"href":"https:\/\/baralivres.ma\/index.php?rest_route=\/wp\/v2\/types\/product"}],"replies":[{"embeddable":true,"href":"https:\/\/baralivres.ma\/index.php?rest_route=%2Fwp%2Fv2%2Fcomments&post=24001"}],"version-history":[{"count":1,"href":"https:\/\/baralivres.ma\/index.php?rest_route=\/wp\/v2\/product\/24001\/revisions"}],"predecessor-version":[{"id":24006,"href":"https:\/\/baralivres.ma\/index.php?rest_route=\/wp\/v2\/product\/24001\/revisions\/24006"}],"wp:featuredmedia":[{"embeddable":true,"href":"https:\/\/baralivres.ma\/index.php?rest_route=\/wp\/v2\/media\/24002"}],"wp:attachment":[{"href":"https:\/\/baralivres.ma\/index.php?rest_route=%2Fwp%2Fv2%2Fmedia&parent=24001"}],"wp:term":[{"taxonomy":"product_cat","embeddable":true,"href":"https:\/\/baralivres.ma\/index.php?rest_route=%2Fwp%2Fv2%2Fproduct_cat&post=24001"},{"taxonomy":"product_tag","embeddable":true,"href":"https:\/\/baralivres.ma\/index.php?rest_route=%2Fwp%2Fv2%2Fproduct_tag&post=24001"}],"curies":[{"name":"wp","href":"https:\/\/api.w.org\/{rel}","templated":true}]}}