{"id":23995,"date":"2025-06-24T17:40:32","date_gmt":"2025-06-24T16:40:32","guid":{"rendered":"https:\/\/baralivres.ma\/?post_type=product&#038;p=23995"},"modified":"2025-06-24T17:40:33","modified_gmt":"2025-06-24T16:40:33","slug":"mes-comptines-de-la-foret","status":"publish","type":"product","link":"https:\/\/baralivres.ma\/?product=mes-comptines-de-la-foret","title":{"rendered":"Mes comptines de la for\u00eat"},"content":{"rendered":"<p data-start=\"65\" data-end=\"395\"><strong data-start=\"65\" data-end=\"94\">Mes comptines de la for\u00eat<\/strong> est un charmant livre sonore qui invite les enfants \u00e0 d\u00e9couvrir la magie de la nature \u00e0 travers des comptines entra\u00eenantes et faciles \u00e0 m\u00e9moriser. Avec des m\u00e9lodies douces et rythm\u00e9es, ce livre accompagne les petits dans un voyage au c\u0153ur de la for\u00eat, o\u00f9 animaux et paysages prennent vie en musique.<\/p>\n<p data-start=\"397\" data-end=\"684\">Id\u00e9al pour \u00e9veiller l\u2019oreille musicale des tout-petits tout en enrichissant leur vocabulaire, ce livre favorise l\u2019apprentissage ludique et le plaisir de chanter en famille. Un incontournable pour partager de doux moments et \u00e9veiller la curiosit\u00e9 des enfants sur la nature et ses secrets.<\/p>\n","protected":false},"excerpt":{"rendered":"<p>\ud83c\udf33\ud83c\udfb6 <strong data-start=\"72\" data-end=\"101\">Mes comptines de la for\u00eat<\/strong> \ud83c\udfb6\ud83c\udf33<br data-start=\"106\" data-end=\"109\" \/>Un livre sonore plein de douceur pour faire d\u00e9couvrir aux tout-petits la magie de la for\u00eat \u00e0 travers des comptines faciles et entra\u00eenantes. Parfait pour chanter, apprendre et s\u2019amuser en famille ! \ud83d\udc3f\ufe0f\ud83e\udd89\ud83c\udf43<\/p>\n","protected":false},"featured_media":23996,"comment_status":"open","ping_status":"closed","template":"","meta":{"inline_featured_image":false},"product_cat":[3944,197],"product_tag":[],"class_list":{"0":"post-23995","1":"product","2":"type-product","3":"status-publish","4":"has-post-thumbnail","6":"product_cat-les-livres-sonore-francais","7":"product_cat-livre-sonore","9":"first","10":"instock","11":"shipping-taxable","12":"purchasable","13":"product-type-simple"},"_links":{"self":[{"href":"https:\/\/baralivres.ma\/index.php?rest_route=\/wp\/v2\/product\/23995","targetHints":{"allow":["GET"]}}],"collection":[{"href":"https:\/\/baralivres.ma\/index.php?rest_route=\/wp\/v2\/product"}],"about":[{"href":"https:\/\/baralivres.ma\/index.php?rest_route=\/wp\/v2\/types\/product"}],"replies":[{"embeddable":true,"href":"https:\/\/baralivres.ma\/index.php?rest_route=%2Fwp%2Fv2%2Fcomments&post=23995"}],"version-history":[{"count":1,"href":"https:\/\/baralivres.ma\/index.php?rest_route=\/wp\/v2\/product\/23995\/revisions"}],"predecessor-version":[{"id":24000,"href":"https:\/\/baralivres.ma\/index.php?rest_route=\/wp\/v2\/product\/23995\/revisions\/24000"}],"wp:featuredmedia":[{"embeddable":true,"href":"https:\/\/baralivres.ma\/index.php?rest_route=\/wp\/v2\/media\/23996"}],"wp:attachment":[{"href":"https:\/\/baralivres.ma\/index.php?rest_route=%2Fwp%2Fv2%2Fmedia&parent=23995"}],"wp:term":[{"taxonomy":"product_cat","embeddable":true,"href":"https:\/\/baralivres.ma\/index.php?rest_route=%2Fwp%2Fv2%2Fproduct_cat&post=23995"},{"taxonomy":"product_tag","embeddable":true,"href":"https:\/\/baralivres.ma\/index.php?rest_route=%2Fwp%2Fv2%2Fproduct_tag&post=23995"}],"curies":[{"name":"wp","href":"https:\/\/api.w.org\/{rel}","templated":true}]}}