{"id":23990,"date":"2025-06-24T17:36:10","date_gmt":"2025-06-24T16:36:10","guid":{"rendered":"https:\/\/baralivres.ma\/?post_type=product&#038;p=23990"},"modified":"2025-06-24T17:36:10","modified_gmt":"2025-06-24T16:36:10","slug":"mes-premieres-comptines-a-danser","status":"publish","type":"product","link":"https:\/\/baralivres.ma\/?product=mes-premieres-comptines-a-danser","title":{"rendered":"Mes premi\u00e8res comptines \u00e0 danser"},"content":{"rendered":"<p data-start=\"99\" data-end=\"481\"><strong data-start=\"99\" data-end=\"182\">Mes premi\u00e8res comptines \u00e0 danser \u2013 Un livre sonore plein de rythme et de joie !<\/strong><br data-start=\"182\" data-end=\"185\" \/>Un joli livre sonore qui invite les tout-petits \u00e0 bouger en musique ! Avec <strong data-start=\"260\" data-end=\"291\">6 comptines incontournables<\/strong> de l\u2019enfance, ce livre stimule l\u2019\u00e9coute, le mouvement et l\u2019\u00e9veil musical. Chaque double page propose une illustration vive et color\u00e9e, accompagn\u00e9e d\u2019un <strong data-start=\"444\" data-end=\"461\">bouton sonore<\/strong> facile \u00e0 activer.<\/p>\n<p data-start=\"483\" data-end=\"516\">\ud83c\udfb6 <strong data-start=\"486\" data-end=\"512\">Les comptines incluses<\/strong> :<\/p>\n<ul data-start=\"517\" data-end=\"678\">\n<li data-start=\"517\" data-end=\"543\">\n<p data-start=\"519\" data-end=\"543\">Ainsi font, font, font<\/p>\n<\/li>\n<li data-start=\"544\" data-end=\"568\">\n<p data-start=\"546\" data-end=\"568\">Jean Petit qui danse<\/p>\n<\/li>\n<li data-start=\"569\" data-end=\"603\">\n<p data-start=\"571\" data-end=\"603\">Savez-vous planter les choux ?<\/p>\n<\/li>\n<li data-start=\"604\" data-end=\"630\">\n<p data-start=\"606\" data-end=\"630\">J\u2019ai un gros nez rouge<\/p>\n<\/li>\n<li data-start=\"631\" data-end=\"659\">\n<p data-start=\"633\" data-end=\"659\">Un petit pouce qui danse<\/p>\n<\/li>\n<li data-start=\"660\" data-end=\"678\">\n<p data-start=\"662\" data-end=\"678\">C\u2019est la baleine<\/p>\n<\/li>\n<\/ul>\n<p data-start=\"680\" data-end=\"840\">\ud83d\udca1 <strong data-start=\"683\" data-end=\"699\">Un vrai plus<\/strong> : gr\u00e2ce \u00e0 une <strong data-start=\"714\" data-end=\"735\">pile longue dur\u00e9e<\/strong>, l\u2019enfant peut profiter de <strong data-start=\"763\" data-end=\"786\">pr\u00e8s de 5h d\u2019\u00e9coute<\/strong>, soit bien plus que les livres sonores classiques !<\/p>\n<p data-start=\"842\" data-end=\"909\">Un cadeau id\u00e9al pour \u00e9veiller les sens, danser et rire en famille !<\/p>\n","protected":false},"excerpt":{"rendered":"<p data-start=\"71\" data-end=\"266\">\ud83d\udc83\ud83c\udfb6 <strong data-start=\"76\" data-end=\"112\">Mes premi\u00e8res comptines \u00e0 danser<\/strong><br data-start=\"112\" data-end=\"115\" \/>Un livre sonore plein de rythme pour faire bouger les petits !<br data-start=\"177\" data-end=\"180\" \/>6 comptines incontournables \u00e0 \u00e9couter et danser, avec pr\u00e8s de <strong data-start=\"242\" data-end=\"260\">5h d\u2019autonomie<\/strong> \ud83d\udd7a\u2728<\/p>\n<p data-start=\"268\" data-end=\"345\">\ud83c\udfb5 Ainsi font, font, font<br data-start=\"293\" data-end=\"296\" \/>\ud83c\udfb5 Jean Petit qui danse<br data-start=\"319\" data-end=\"322\" \/>\ud83c\udfb5 Et bien d&rsquo;autres !<\/p>\n<p data-start=\"347\" data-end=\"385\">Un vrai moment de joie en famille \ud83d\udc9b<\/p>\n","protected":false},"featured_media":23991,"comment_status":"open","ping_status":"closed","template":"","meta":{"inline_featured_image":false},"product_cat":[3944,197],"product_tag":[],"class_list":{"0":"post-23990","1":"product","2":"type-product","3":"status-publish","4":"has-post-thumbnail","6":"product_cat-les-livres-sonore-francais","7":"product_cat-livre-sonore","9":"first","10":"instock","11":"shipping-taxable","12":"purchasable","13":"product-type-simple"},"_links":{"self":[{"href":"https:\/\/baralivres.ma\/index.php?rest_route=\/wp\/v2\/product\/23990","targetHints":{"allow":["GET"]}}],"collection":[{"href":"https:\/\/baralivres.ma\/index.php?rest_route=\/wp\/v2\/product"}],"about":[{"href":"https:\/\/baralivres.ma\/index.php?rest_route=\/wp\/v2\/types\/product"}],"replies":[{"embeddable":true,"href":"https:\/\/baralivres.ma\/index.php?rest_route=%2Fwp%2Fv2%2Fcomments&post=23990"}],"version-history":[{"count":1,"href":"https:\/\/baralivres.ma\/index.php?rest_route=\/wp\/v2\/product\/23990\/revisions"}],"predecessor-version":[{"id":23994,"href":"https:\/\/baralivres.ma\/index.php?rest_route=\/wp\/v2\/product\/23990\/revisions\/23994"}],"wp:featuredmedia":[{"embeddable":true,"href":"https:\/\/baralivres.ma\/index.php?rest_route=\/wp\/v2\/media\/23991"}],"wp:attachment":[{"href":"https:\/\/baralivres.ma\/index.php?rest_route=%2Fwp%2Fv2%2Fmedia&parent=23990"}],"wp:term":[{"taxonomy":"product_cat","embeddable":true,"href":"https:\/\/baralivres.ma\/index.php?rest_route=%2Fwp%2Fv2%2Fproduct_cat&post=23990"},{"taxonomy":"product_tag","embeddable":true,"href":"https:\/\/baralivres.ma\/index.php?rest_route=%2Fwp%2Fv2%2Fproduct_tag&post=23990"}],"curies":[{"name":"wp","href":"https:\/\/api.w.org\/{rel}","templated":true}]}}