{"id":23973,"date":"2025-06-24T16:48:45","date_gmt":"2025-06-24T15:48:45","guid":{"rendered":"https:\/\/baralivres.ma\/?post_type=product&#038;p=23973"},"modified":"2025-06-24T16:48:45","modified_gmt":"2025-06-24T15:48:45","slug":"mes-comptines-pour-compter","status":"publish","type":"product","link":"https:\/\/baralivres.ma\/?product=mes-comptines-pour-compter","title":{"rendered":"Mes comptines pour compter"},"content":{"rendered":"<p data-start=\"115\" data-end=\"160\"><strong data-start=\"115\" data-end=\"160\">Mes comptines pour compter<\/strong><\/p>\n<p data-start=\"162\" data-end=\"624\">Un adorable livre sonore pour apprendre \u00e0 compter en s\u2019amusant ! Gr\u00e2ce \u00e0 6 comptines entra\u00eenantes et faciles \u00e0 retenir, les tout-petits d\u00e9couvrent les chiffres en musique. Chaque page contient une puce sonore durable pour \u00e9couter et chanter :<br data-start=\"404\" data-end=\"407\" \/>\ud83c\udfb5 <em data-start=\"410\" data-end=\"439\">1, 2, 3, nous irons au bois<\/em>, <em data-start=\"441\" data-end=\"464\">Violette \u00e0 bicyclette<\/em>, <em data-start=\"466\" data-end=\"484\">1, 2, 3, le chat<\/em>, <em data-start=\"486\" data-end=\"500\" data-is-only-node=\"\">Un ciel bleu<\/em>, <em data-start=\"502\" data-end=\"517\">Voici ma main<\/em>, <em data-start=\"519\" data-end=\"537\">1, 2, mon cheval<\/em>.<br data-start=\"538\" data-end=\"541\" \/>Un format id\u00e9al pour s\u2019initier au rythme et \u00e0 la num\u00e9ration d\u00e8s le plus jeune \u00e2ge !<\/p>\n","protected":false},"excerpt":{"rendered":"<p>\ud83c\udfb6 <strong data-start=\"89\" data-end=\"119\">Mes comptines pour compter<\/strong><br data-start=\"119\" data-end=\"122\" \/>Un livre sonore pour apprendre \u00e0 compter en chantant !<br data-start=\"176\" data-end=\"179\" \/>6 comptines joyeuses + 6 puces sonores \ud83d\udd0a<br data-start=\"220\" data-end=\"223\" data-is-only-node=\"\" \/>Id\u00e9al pour les petites mains et les premi\u00e8res d\u00e9couvertes des chiffres \u2728<\/p>\n","protected":false},"featured_media":23974,"comment_status":"open","ping_status":"closed","template":"","meta":{"inline_featured_image":false},"product_cat":[3944,197],"product_tag":[],"class_list":{"0":"post-23973","1":"product","2":"type-product","3":"status-publish","4":"has-post-thumbnail","6":"product_cat-les-livres-sonore-francais","7":"product_cat-livre-sonore","9":"first","10":"instock","11":"shipping-taxable","12":"purchasable","13":"product-type-simple"},"_links":{"self":[{"href":"https:\/\/baralivres.ma\/index.php?rest_route=\/wp\/v2\/product\/23973","targetHints":{"allow":["GET"]}}],"collection":[{"href":"https:\/\/baralivres.ma\/index.php?rest_route=\/wp\/v2\/product"}],"about":[{"href":"https:\/\/baralivres.ma\/index.php?rest_route=\/wp\/v2\/types\/product"}],"replies":[{"embeddable":true,"href":"https:\/\/baralivres.ma\/index.php?rest_route=%2Fwp%2Fv2%2Fcomments&post=23973"}],"version-history":[{"count":2,"href":"https:\/\/baralivres.ma\/index.php?rest_route=\/wp\/v2\/product\/23973\/revisions"}],"predecessor-version":[{"id":23979,"href":"https:\/\/baralivres.ma\/index.php?rest_route=\/wp\/v2\/product\/23973\/revisions\/23979"}],"wp:featuredmedia":[{"embeddable":true,"href":"https:\/\/baralivres.ma\/index.php?rest_route=\/wp\/v2\/media\/23974"}],"wp:attachment":[{"href":"https:\/\/baralivres.ma\/index.php?rest_route=%2Fwp%2Fv2%2Fmedia&parent=23973"}],"wp:term":[{"taxonomy":"product_cat","embeddable":true,"href":"https:\/\/baralivres.ma\/index.php?rest_route=%2Fwp%2Fv2%2Fproduct_cat&post=23973"},{"taxonomy":"product_tag","embeddable":true,"href":"https:\/\/baralivres.ma\/index.php?rest_route=%2Fwp%2Fv2%2Fproduct_tag&post=23973"}],"curies":[{"name":"wp","href":"https:\/\/api.w.org\/{rel}","templated":true}]}}