{"id":23967,"date":"2025-06-24T16:38:05","date_gmt":"2025-06-24T15:38:05","guid":{"rendered":"https:\/\/baralivres.ma\/?post_type=product&#038;p=23967"},"modified":"2025-06-24T16:38:05","modified_gmt":"2025-06-24T15:38:05","slug":"mes-comptines-de-la-ferme","status":"publish","type":"product","link":"https:\/\/baralivres.ma\/?product=mes-comptines-de-la-ferme","title":{"rendered":"MES COMPTINES DE LA FERME"},"content":{"rendered":"<p data-start=\"101\" data-end=\"207\">\ud83c\udfb6 <strong data-start=\"104\" data-end=\"133\">Mes comptines de la ferme<\/strong> \u2013 Un livre sonore plein de joie pour faire chanter et danser les petits !<\/p>\n<p data-start=\"209\" data-end=\"553\">Gr\u00e2ce \u00e0 ses <strong data-start=\"221\" data-end=\"240\">6 puces sonores<\/strong> de qualit\u00e9, ce livre invite les enfants \u00e0 d\u00e9couvrir les comptines incontournables de la ferme :<br data-start=\"336\" data-end=\"339\" \/>\ud83d\udc37 <em data-start=\"342\" data-end=\"359\">Un petit cochon<\/em>, \ud83d\udc34 <em data-start=\"364\" data-end=\"373\">Mon \u00e2ne<\/em>, \ud83c\udf3d <em data-start=\"378\" data-end=\"400\">La ronde des l\u00e9gumes<\/em>\u2026 Des chansons courtes, entra\u00eenantes et faciles \u00e0 m\u00e9moriser !<br data-start=\"461\" data-end=\"464\" data-is-only-node=\"\" \/>Parfait pour d\u00e9velopper le sens du rythme et partager des moments complices en famille.<\/p>\n<p data-start=\"555\" data-end=\"606\">\ud83d\udcd8 Un format ludique, id\u00e9al d\u00e8s le plus jeune \u00e2ge !<\/p>\n","protected":false},"excerpt":{"rendered":"<p>\ud83c\udfb6 <strong data-start=\"70\" data-end=\"99\">Mes comptines de la ferme<\/strong><br data-start=\"99\" data-end=\"102\" \/>Un livre sonore avec 6 chansons rigolotes \ud83d\udc37\ud83d\udc14\ud83e\uddd1\u200d\ud83c\udf3e<br data-start=\"153\" data-end=\"156\" \/>\ud83d\udc49 Pour chanter, danser et s\u2019amuser \u00e0 la ferme !<br data-start=\"204\" data-end=\"207\" data-is-only-node=\"\" \/>\ud83d\udc9b Id\u00e9al d\u00e8s le plus jeune \u00e2ge !<\/p>\n","protected":false},"featured_media":23968,"comment_status":"open","ping_status":"closed","template":"","meta":{"inline_featured_image":false},"product_cat":[3944,197],"product_tag":[],"class_list":{"0":"post-23967","1":"product","2":"type-product","3":"status-publish","4":"has-post-thumbnail","6":"product_cat-les-livres-sonore-francais","7":"product_cat-livre-sonore","9":"first","10":"instock","11":"shipping-taxable","12":"purchasable","13":"product-type-simple"},"_links":{"self":[{"href":"https:\/\/baralivres.ma\/index.php?rest_route=\/wp\/v2\/product\/23967","targetHints":{"allow":["GET"]}}],"collection":[{"href":"https:\/\/baralivres.ma\/index.php?rest_route=\/wp\/v2\/product"}],"about":[{"href":"https:\/\/baralivres.ma\/index.php?rest_route=\/wp\/v2\/types\/product"}],"replies":[{"embeddable":true,"href":"https:\/\/baralivres.ma\/index.php?rest_route=%2Fwp%2Fv2%2Fcomments&post=23967"}],"version-history":[{"count":1,"href":"https:\/\/baralivres.ma\/index.php?rest_route=\/wp\/v2\/product\/23967\/revisions"}],"predecessor-version":[{"id":23972,"href":"https:\/\/baralivres.ma\/index.php?rest_route=\/wp\/v2\/product\/23967\/revisions\/23972"}],"wp:featuredmedia":[{"embeddable":true,"href":"https:\/\/baralivres.ma\/index.php?rest_route=\/wp\/v2\/media\/23968"}],"wp:attachment":[{"href":"https:\/\/baralivres.ma\/index.php?rest_route=%2Fwp%2Fv2%2Fmedia&parent=23967"}],"wp:term":[{"taxonomy":"product_cat","embeddable":true,"href":"https:\/\/baralivres.ma\/index.php?rest_route=%2Fwp%2Fv2%2Fproduct_cat&post=23967"},{"taxonomy":"product_tag","embeddable":true,"href":"https:\/\/baralivres.ma\/index.php?rest_route=%2Fwp%2Fv2%2Fproduct_tag&post=23967"}],"curies":[{"name":"wp","href":"https:\/\/api.w.org\/{rel}","templated":true}]}}