{"id":23961,"date":"2025-06-24T15:54:30","date_gmt":"2025-06-24T14:54:30","guid":{"rendered":"https:\/\/baralivres.ma\/?post_type=product&#038;p=23961"},"modified":"2025-06-24T15:54:31","modified_gmt":"2025-06-24T14:54:31","slug":"mes-premieres-berceuses","status":"publish","type":"product","link":"https:\/\/baralivres.ma\/?product=mes-premieres-berceuses","title":{"rendered":"MES PREMIERES BERCEUSES"},"content":{"rendered":"<p data-start=\"90\" data-end=\"361\"><strong data-start=\"90\" data-end=\"117\">Mes Premi\u00e8res Berceuses<\/strong> est un charmant livre sonore con\u00e7u pour initier les tout-petits au rythme et \u00e0 la musique, seul ou en groupe. Il propose 6 comptines courtes et entra\u00eenantes, faciles \u00e0 m\u00e9moriser, parfaites pour accompagner les moments de douceur et de danse.<\/p>\n<p data-start=\"363\" data-end=\"536\">Gr\u00e2ce \u00e0 ses 6 puces sonores de tr\u00e8s bonne qualit\u00e9, offrant un son clair et une longue dur\u00e9e de vie, les enfants peuvent \u00e9couter et chanter des berceuses classiques comme :<\/p>\n<ul data-start=\"537\" data-end=\"682\">\n<li data-start=\"537\" data-end=\"553\">\n<p data-start=\"539\" data-end=\"553\">Coucou hibou<\/p>\n<\/li>\n<li data-start=\"554\" data-end=\"590\">\n<p data-start=\"556\" data-end=\"590\">Fais dodo, Colas mon p&rsquo;tit fr\u00e8re<\/p>\n<\/li>\n<li data-start=\"591\" data-end=\"611\">\n<p data-start=\"593\" data-end=\"611\">Meunier, tu dors<\/p>\n<\/li>\n<li data-start=\"612\" data-end=\"637\">\n<p data-start=\"614\" data-end=\"637\">Berceuse pour la nuit<\/p>\n<\/li>\n<li data-start=\"638\" data-end=\"661\">\n<p data-start=\"640\" data-end=\"661\">Au clair de la lune<\/p>\n<\/li>\n<li data-start=\"662\" data-end=\"682\">\n<p data-start=\"664\" data-end=\"682\">Berceuse cosaque<\/p>\n<\/li>\n<\/ul>\n<p data-start=\"684\" data-end=\"790\">Un livre id\u00e9al pour \u00e9veiller les sens, apaiser les petits et partager des instants complices en famille.<\/p>\n","protected":false},"excerpt":{"rendered":"<p><strong data-start=\"55\" data-end=\"82\">Mes Premi\u00e8res Berceuses<\/strong><br data-start=\"82\" data-end=\"85\" \/>Un livre sonore ludique avec 6 comptines courtes et faciles \u00e0 retenir. Parfait pour d\u00e9couvrir le rythme, chanter et danser. Son de qualit\u00e9 pour de longs moments de douceur et de complicit\u00e9. Id\u00e9al pour les tout-petits et leurs parents !<\/p>\n","protected":false},"featured_media":23962,"comment_status":"open","ping_status":"closed","template":"","meta":{"inline_featured_image":false},"product_cat":[3944,197],"product_tag":[],"class_list":{"0":"post-23961","1":"product","2":"type-product","3":"status-publish","4":"has-post-thumbnail","6":"product_cat-les-livres-sonore-francais","7":"product_cat-livre-sonore","9":"first","10":"instock","11":"shipping-taxable","12":"purchasable","13":"product-type-simple"},"_links":{"self":[{"href":"https:\/\/baralivres.ma\/index.php?rest_route=\/wp\/v2\/product\/23961","targetHints":{"allow":["GET"]}}],"collection":[{"href":"https:\/\/baralivres.ma\/index.php?rest_route=\/wp\/v2\/product"}],"about":[{"href":"https:\/\/baralivres.ma\/index.php?rest_route=\/wp\/v2\/types\/product"}],"replies":[{"embeddable":true,"href":"https:\/\/baralivres.ma\/index.php?rest_route=%2Fwp%2Fv2%2Fcomments&post=23961"}],"version-history":[{"count":1,"href":"https:\/\/baralivres.ma\/index.php?rest_route=\/wp\/v2\/product\/23961\/revisions"}],"predecessor-version":[{"id":23966,"href":"https:\/\/baralivres.ma\/index.php?rest_route=\/wp\/v2\/product\/23961\/revisions\/23966"}],"wp:featuredmedia":[{"embeddable":true,"href":"https:\/\/baralivres.ma\/index.php?rest_route=\/wp\/v2\/media\/23962"}],"wp:attachment":[{"href":"https:\/\/baralivres.ma\/index.php?rest_route=%2Fwp%2Fv2%2Fmedia&parent=23961"}],"wp:term":[{"taxonomy":"product_cat","embeddable":true,"href":"https:\/\/baralivres.ma\/index.php?rest_route=%2Fwp%2Fv2%2Fproduct_cat&post=23961"},{"taxonomy":"product_tag","embeddable":true,"href":"https:\/\/baralivres.ma\/index.php?rest_route=%2Fwp%2Fv2%2Fproduct_tag&post=23961"}],"curies":[{"name":"wp","href":"https:\/\/api.w.org\/{rel}","templated":true}]}}